{"id":6458,"date":"2023-12-20T16:13:46","date_gmt":"2023-12-20T16:13:46","guid":{"rendered":"https:\/\/karandoogo.com\/?post_type=product&#038;p=6458"},"modified":"2025-10-19T13:33:54","modified_gmt":"2025-10-19T13:33:54","slug":"expose-sur-les-batailles-auxquelles-a-pris-part-le-prophete-mohamed","status":"publish","type":"product","link":"https:\/\/karandoogo.com\/index.php\/produit\/expose-sur-les-batailles-auxquelles-a-pris-part-le-prophete-mohamed\/","title":{"rendered":"Expos\u00e9 sur les batailles auxquelles a pris part le proph\u00e8te Mohamed"},"content":{"rendered":"","protected":false},"excerpt":{"rendered":"<p>Introduction:<\/p>\n<p>&nbsp;<\/p>\n<ol>\n<li>Contexte historique des batailles de Mohamed:<\/li>\n<\/ol>\n<p>&nbsp;<\/p>\n<ol>\n<li>Objectifs des batailles de Mohamed:<\/li>\n<\/ol>\n<p>&nbsp;<\/p>\n<p>III. D\u00e9roulement des batailles:<\/p>\n<p>&nbsp;<\/p>\n<ol>\n<li>Liste des batailles auxquelles a particip\u00e9 le proph\u00e8te Mohamed:<\/li>\n<\/ol>\n<p>&#8211; Raid de la caravane Al Is (623).<\/p>\n<p>&#8211; Raid de la Caravane Batn Rabigh (623).<\/p>\n<p>&#8211; Bataille de Badr (624).<\/p>\n<p>&#8211; Bataille de Uhud (625).<\/p>\n<p>&#8211; Bataille de la Tranch\u00e9e (627).<\/p>\n<p>&#8211; Bataille de Khaybar (628).<\/p>\n<p>&#8211; Bataille de Hunayn (630).<\/p>\n<p>&#8211; Bataille de Tabuk (630).<\/p>\n<p>&nbsp;<\/p>\n<p>Conclusion:<\/p>\n<p>&nbsp;<\/p>\n<p>&nbsp;<\/p>\n<p>Introduction\u00a0:<\/p>\n<p>Le proph\u00e8te Mohamed, fondateur de l\u2019islam, a \u00e9t\u00e9 impliqu\u00e9 dans plusieurs batailles au cours de sa vie. Ces batailles, connues sous le nom de \u00ab\u00a0ghazaw\u00e2t\u00a0\u00bb en arabe, \u00e9taient des exp\u00e9ditions militaires men\u00e9es par les musulmans entre l\u2019H\u00e9gire (l\u2019\u00e9migration de Mohamed de La Mecque \u00e0 M\u00e9dine) et sa mort. Dans cet expos\u00e9, nous explorerons l\u2019histoire et les faits entourant les batailles auxquelles le proph\u00e8te Mohamed a particip\u00e9.<\/p>\n<p>&nbsp;<\/p>\n<ol>\n<li>Contexte historique des batailles de Mohamed\u00a0:<\/li>\n<\/ol>\n<p>Avant l\u2019islam, l\u2019Arabie pr\u00e9-islamique \u00e9tait marqu\u00e9e par des conflits tribaux et des razzias. Les diff\u00e9rentes tribus arabes se livraient souvent \u00e0 des affrontements violents pour des raisons territoriales, politiques ou \u00e9conomiques. Ces conflits \u00e9taient souvent accompagn\u00e9s de pillages et de vengeances intertribales.<\/p>\n<p>Lorsque le proph\u00e8te Mohamed commen\u00e7a \u00e0 pr\u00eacher l\u2019islam, les batailles auxquelles il participa s\u2019inscrivaient dans cette continuit\u00e9 de tradition tribale. Cependant, il y avait une dimension religieuse suppl\u00e9mentaire qui les motivait. Selon le texte coranique, les ennemis \u00e9taient associ\u00e9s aux \u00ab\u00a0d\u00e9n\u00e9gateurs\u00a0\u00bb, c\u2019est-\u00e0-dire ceux qui refusaient de croire en l\u2019unicit\u00e9 de Dieu et de suivre les enseignements de l\u2019islam.<\/p>\n<p>Les motivations des combattants \u00e9taient multiples. L\u2019attrait du butin \u00e9tait l\u2019un des facteurs importants. Les batailles permettaient de s\u2019emparer des richesses des ennemis vaincus, y compris le b\u00e9tail, les biens mat\u00e9riels et parfois m\u00eame des prisonniers. Cependant, il est important de noter que l\u2019islam a \u00e9tabli des r\u00e8gles strictes r\u00e9gissant la distribution et l\u2019utilisation du butin, afin d\u2019\u00e9viter les abus et de promouvoir la justice sociale.<\/p>\n<p>Une autre motivation importante pour les combattants \u00e9tait la recherche de la r\u00e9compense divine dans l\u2019au-del\u00e0. Selon les enseignements de l\u2019islam, les combattants qui mouraient en d\u00e9fendant la cause de la religion \u00e9taient promis au martyre et \u00e0 une r\u00e9compense \u00e9ternelle dans l\u2019au-del\u00e0. Cette croyance en la r\u00e9compense divine renfor\u00e7ait la d\u00e9termination des combattants et contribuait \u00e0 leur endurance et \u00e0 leur courage sur le champ de bataille.<\/p>\n<p>&nbsp;<\/p>\n<ol>\n<li>Objectifs des batailles de Mohamed\u00a0:<\/li>\n<\/ol>\n<p>&nbsp;<\/p>\n<p>Dans les premi\u00e8res phases, les batailles men\u00e9es par Mohamed avaient principalement pour objectif de r\u00e9cup\u00e9rer les biens des \u00e9migrants (Muh\u00e2jir\u00fbns) qui les avaient laiss\u00e9s \u00e0 La Mecque en fuyant, ainsi que de fragiliser le pouvoir de Quraych, la tribu r\u00e9gnante \u00e0 La Mecque. Les Musulmans, qui avaient \u00e9t\u00e9 pers\u00e9cut\u00e9s et opprim\u00e9s \u00e0 La Mecque en raison de leur nouvelle religion, cherchaient \u00e0 se prot\u00e9ger et \u00e0 obtenir justice pour les injustices subies.<\/p>\n<p>Ces batailles repr\u00e9sentaient une r\u00e9ponse directe aux hostilit\u00e9s et aux tentatives d\u2019extinction du mouvement musulman par Quraych. Mohamed et ses partisans, les premiers Musulmans, \u00e9taient d\u00e9termin\u00e9s \u00e0 d\u00e9fendre leur droit de pratiquer leur religion et \u00e0 pr\u00e9server leur communaut\u00e9 naissante.<\/p>\n<p>Cependant, apr\u00e8s la bataille de Uhud en 625, la situation \u00e9volua et les objectifs des batailles commenc\u00e8rent \u00e0 inclure une dimension d\u2019expansion territoriale. Uhud fut une bataille importante, au cours de laquelle les Musulmans subirent des pertes importantes mais parvinrent \u00e0 repousser l\u2019arm\u00e9e mecquoise. Apr\u00e8s cette victoire limit\u00e9e, Mohamed et ses compagnons commenc\u00e8rent \u00e0&#8230;.<\/p>\n<p>Pour obtenir l&rsquo;expos\u00e9 complet contactez le +226 56196345 (WhatsApp)<\/p>\n","protected":false},"featured_media":831,"template":"","meta":{"jetpack_publicize_message":"","jetpack_publicize_feature_enabled":true,"jetpack_social_post_already_shared":false,"jetpack_social_options":{"image_generator_settings":{"template":"highway","default_image_id":0,"font":"","enabled":false},"version":2}},"product_brand":[],"product_cat":[544,608],"product_tag":[],"class_list":{"0":"post-6458","1":"product","2":"type-product","3":"status-publish","4":"has-post-thumbnail","6":"product_cat-exposes","7":"product_cat-histoire","9":"first","10":"instock","11":"downloadable","12":"virtual","13":"sold-individually","14":"purchasable","15":"product-type-simple"},"aioseo_notices":[],"jetpack_publicize_connections":[],"jetpack-related-posts":[],"jetpack_sharing_enabled":true,"_links":{"self":[{"href":"https:\/\/karandoogo.com\/index.php\/wp-json\/wp\/v2\/product\/6458","targetHints":{"allow":["GET"]}}],"collection":[{"href":"https:\/\/karandoogo.com\/index.php\/wp-json\/wp\/v2\/product"}],"about":[{"href":"https:\/\/karandoogo.com\/index.php\/wp-json\/wp\/v2\/types\/product"}],"wp:featuredmedia":[{"embeddable":true,"href":"https:\/\/karandoogo.com\/index.php\/wp-json\/wp\/v2\/media\/831"}],"wp:attachment":[{"href":"https:\/\/karandoogo.com\/index.php\/wp-json\/wp\/v2\/media?parent=6458"}],"wp:term":[{"taxonomy":"product_brand","embeddable":true,"href":"https:\/\/karandoogo.com\/index.php\/wp-json\/wp\/v2\/product_brand?post=6458"},{"taxonomy":"product_cat","embeddable":true,"href":"https:\/\/karandoogo.com\/index.php\/wp-json\/wp\/v2\/product_cat?post=6458"},{"taxonomy":"product_tag","embeddable":true,"href":"https:\/\/karandoogo.com\/index.php\/wp-json\/wp\/v2\/product_tag?post=6458"}],"curies":[{"name":"wp","href":"https:\/\/api.w.org\/{rel}","templated":true}]}}