{"id":6531,"date":"2024-01-08T19:02:54","date_gmt":"2024-01-08T19:02:54","guid":{"rendered":"https:\/\/karandoogo.com\/?post_type=product&#038;p=6531"},"modified":"2025-10-19T13:33:54","modified_gmt":"2025-10-19T13:33:54","slug":"expose-complet-sur-lindustrialisation","status":"publish","type":"product","link":"https:\/\/karandoogo.com\/index.php\/produit\/expose-complet-sur-lindustrialisation\/","title":{"rendered":"Expos\u00e9 complet sur l\u2019industrialisation"},"content":{"rendered":"","protected":false},"excerpt":{"rendered":"<p><strong>NB:<\/strong>\u00a0Les documents mis \u00e0 disposition sur ce site sont des documents \u00e0 exploiter, autrement dit des compl\u00e9ments pour parfaire votre travail. Ils ne sont pas faits pour \u00eatre pr\u00e9sent\u00e9s \u00e0 l\u2019\u00e9tat.<\/p>\n<p>Introduction :<\/p>\n<p>I-Les origines de l&rsquo;industrialisation<\/p>\n<p>A.La R\u00e9volution industrielle en Angleterre<\/p>\n<p>1-Les facteurs qui ont favoris\u00e9 l&rsquo;\u00e9mergence de l&rsquo;industrialisation<\/p>\n<p>2-Les innovations technologiques cl\u00e9s (m\u00e9tiers \u00e0 tisser, machines \u00e0 vapeur, etc.)<\/p>\n<p>B.La diffusion de l&rsquo;industrialisation dans le monde<\/p>\n<p>1-L&rsquo;impact de la colonisation sur la diffusion de l&rsquo;industrialisation<\/p>\n<p>2-Les pays pionniers de l&rsquo;industrialisation (France, Allemagne, \u00c9tats-Unis, etc.)<\/p>\n<p>&nbsp;<\/p>\n<p>II-Les cons\u00e9quences \u00e9conomiques de l&rsquo;industrialisation<\/p>\n<p>A.La transformation des modes de production<\/p>\n<p>1-Le remplacement de l&rsquo;artisanat par la production en s\u00e9rie<\/p>\n<p>2-L&rsquo;essor de l&rsquo;industrie manufacturi\u00e8re et des usines<\/p>\n<p>B.L&rsquo;urbanisation et les migrations<\/p>\n<p>1-La concentration de la population dans les centres industriels<\/p>\n<p>2-Les migrations rurales vers les villes<\/p>\n<p>III-Les avanc\u00e9es technologiques li\u00e9es \u00e0 l&rsquo;industrialisation<\/p>\n<p>A.Les innovations techniques majeures<\/p>\n<p>1-Les machines \u00e0 vapeur et la r\u00e9volution \u00e9nerg\u00e9tique<\/p>\n<p>2-Les transports et les communications (chemins de fer, t\u00e9l\u00e9graphe, etc.)<\/p>\n<p>B.L&rsquo;impact de la technologie sur la productivit\u00e9 et la croissance \u00e9conomique<\/p>\n<p>1-L&rsquo;automatisation et la division du travail<\/p>\n<p>2-Les nouvelles industries et les secteurs \u00e9mergents<\/p>\n<p>IV-Les transformations sociales de l&rsquo;industrialisation<\/p>\n<p>A.L&rsquo;\u00e9mergence d&rsquo;une classe ouvri\u00e8re<\/p>\n<p>1-Les conditions de travail dans les usines<\/p>\n<p>2-Les mouvements ouvriers et les luttes sociales<\/p>\n<p>B.Les changements dans la structure sociale<\/p>\n<p>1-La mont\u00e9e de la bourgeoisie industrielle<\/p>\n<p>2-Les in\u00e9galit\u00e9s \u00e9conomiques et sociales<\/p>\n<p>&nbsp;<\/p>\n<p>V.Les d\u00e9fis et les r\u00e9ponses \u00e0 l&rsquo;industrialisation<\/p>\n<p>A.Les probl\u00e8mes environnementaux et sanitaires<\/p>\n<p>1-La pollution industrielle et ses cons\u00e9quences<\/p>\n<p>2-Les mesures de r\u00e9gulation et de protection de l&rsquo;environnement<\/p>\n<p>B.Les politiques publiques et les r\u00e9formes sociales<\/p>\n<p>1-Les r\u00e9ponses des gouvernements face aux probl\u00e8mes sociaux<\/p>\n<p>2-Les politiques de protection sociale et de r\u00e9gulation du march\u00e9 du travail<\/p>\n<p>Conclusion<\/p>\n<p>&nbsp;<\/p>\n<p>Introduction<\/p>\n<p>L\u2019industrialisation est un processus historique qui a profond\u00e9ment modifi\u00e9 le monde et a jou\u00e9 un r\u00f4le central dans le d\u00e9veloppement \u00e9conomique et social de nombreux pays. Dans cet expos\u00e9, nous explorerons les diff\u00e9rentes dimensions de l\u2019industrialisation, de ses origines \u00e0 ses cons\u00e9quences, en mettant l\u2019accent sur ses aspects \u00e9conomiques, technologiques et sociaux.<\/p>\n<ol>\n<li>Les origines de l\u2019industrialisation\n<ol>\n<li>La R\u00e9volution industrielle en Angleterre<\/li>\n<\/ol>\n<\/li>\n<\/ol>\n<p>La R\u00e9volution industrielle, qui a d\u00e9but\u00e9 en Angleterre \u00e0 la fin du XVIIIe si\u00e8cle, marque le d\u00e9but de l\u2019\u00e8re de l\u2019industrialisation. Plusieurs facteurs ont contribu\u00e9 \u00e0 l\u2019\u00e9mergence de ce processus de transformation \u00e9conomique majeur\u00a0:<\/p>\n<ol>\n<li>Les facteurs qui ont favoris\u00e9 l\u2019\u00e9mergence de l\u2019industrialisation\u00a0:<\/li>\n<\/ol>\n<p>a)Les ressources naturelles\u00a0:<\/p>\n<p>L\u2019Angleterre disposait de vastes r\u00e9serves de charbon et de minerai de fer, qui ont fourni les mati\u00e8res premi\u00e8res n\u00e9cessaires \u00e0 l\u2019industrie naissante. L\u2019abondance de ces ressources a permis de soutenir la croissance de l\u2019industrie et de stimuler l\u2019innovation technologique.<\/p>\n<ol>\n<li>b) Les avanc\u00e9es agricoles\u00a0:<\/li>\n<\/ol>\n<p>Au XVIIIe si\u00e8cle, une s\u00e9rie de r\u00e9formes agricoles a am\u00e9lior\u00e9 la productivit\u00e9 dans les campagnes anglaises. L\u2019adoption de nouvelles techniques agricoles, comme la rotation des cultures et l\u2019am\u00e9lioration de l\u2019\u00e9levage, a lib\u00e9r\u00e9 une main-d\u2019\u0153uvre exc\u00e9dentaire qui a pu \u00eatre employ\u00e9e dans les industries \u00e9mergentes.<\/p>\n<ol>\n<li>c) Le syst\u00e8me bancaire et financier\u00a0:<\/li>\n<\/ol>\n<p>L\u2019Angleterre poss\u00e9dait un syst\u00e8me bancaire solide et un march\u00e9 financier d\u00e9velopp\u00e9, qui ont facilit\u00e9 le financement des investissements n\u00e9cessaires \u00e0 l\u2019industrialisation. Les banques ont permis aux entrepreneurs d\u2019obtenir des pr\u00eats pour d\u00e9velopper leurs activit\u00e9s industrielles.<\/p>\n<ol start=\"2\">\n<li>Les innovations technologiques cl\u00e9s\u00a0:\n<ol>\n<li>Les m\u00e9tiers \u00e0 tisser m\u00e9caniques\u00a0:<\/li>\n<\/ol>\n<\/li>\n<\/ol>\n<p>L\u2019une des innovations les plus importantes de la R\u00e9volution industrielle a \u00e9t\u00e9 l\u2019invention des m\u00e9tiers \u00e0 tisser m\u00e9caniques. En 1784, Edmund Cartwright a d\u00e9velopp\u00e9 le premier m\u00e9tier \u00e0 tisser m\u00e9canique aliment\u00e9 par une machine \u00e0 vapeur. Cette invention a permis d\u2019augmenter consid\u00e9rablement la production textile et a ouvert la voie \u00e0 l\u2019industrialisation du secteur.<\/p>\n<ol>\n<li>La machine \u00e0 vapeur\u00a0:<\/li>\n<\/ol>\n<p>L\u2019invention de la machine \u00e0 vapeur a \u00e9t\u00e9 un \u00e9l\u00e9ment cl\u00e9 de la R\u00e9volution industrielle. En 1769, James Watt a am\u00e9lior\u00e9 la machine \u00e0 vapeur existante en introduisant un syst\u00e8me de condensation s\u00e9par\u00e9e, ce qui&#8230;..<\/p>\n<p>Vous avez fini de lire le contenu gratuit, pour t\u00e9l\u00e9charger la totalit\u00e9 de l\u2019expos\u00e9 il faut payer 3\u20ac. Vous pouvez payer par Mobile Money ou par Carte Bancaire.<\/p>\n","protected":false},"featured_media":831,"template":"","meta":{"jetpack_publicize_message":"","jetpack_publicize_feature_enabled":true,"jetpack_social_post_already_shared":false,"jetpack_social_options":{"image_generator_settings":{"template":"highway","default_image_id":0,"font":"","enabled":false},"version":2}},"product_brand":[],"product_cat":[544,546],"product_tag":[820,1153],"class_list":{"0":"post-6531","1":"product","2":"type-product","3":"status-publish","4":"has-post-thumbnail","6":"product_cat-exposes","7":"product_cat-societe","8":"product_tag-developpement","9":"product_tag-industrialisation","11":"first","12":"instock","13":"downloadable","14":"virtual","15":"sold-individually","16":"purchasable","17":"product-type-simple"},"aioseo_notices":[],"jetpack_publicize_connections":[],"jetpack-related-posts":[],"jetpack_sharing_enabled":true,"_links":{"self":[{"href":"https:\/\/karandoogo.com\/index.php\/wp-json\/wp\/v2\/product\/6531","targetHints":{"allow":["GET"]}}],"collection":[{"href":"https:\/\/karandoogo.com\/index.php\/wp-json\/wp\/v2\/product"}],"about":[{"href":"https:\/\/karandoogo.com\/index.php\/wp-json\/wp\/v2\/types\/product"}],"wp:featuredmedia":[{"embeddable":true,"href":"https:\/\/karandoogo.com\/index.php\/wp-json\/wp\/v2\/media\/831"}],"wp:attachment":[{"href":"https:\/\/karandoogo.com\/index.php\/wp-json\/wp\/v2\/media?parent=6531"}],"wp:term":[{"taxonomy":"product_brand","embeddable":true,"href":"https:\/\/karandoogo.com\/index.php\/wp-json\/wp\/v2\/product_brand?post=6531"},{"taxonomy":"product_cat","embeddable":true,"href":"https:\/\/karandoogo.com\/index.php\/wp-json\/wp\/v2\/product_cat?post=6531"},{"taxonomy":"product_tag","embeddable":true,"href":"https:\/\/karandoogo.com\/index.php\/wp-json\/wp\/v2\/product_tag?post=6531"}],"curies":[{"name":"wp","href":"https:\/\/api.w.org\/{rel}","templated":true}]}}