{"id":6532,"date":"2024-01-08T19:08:09","date_gmt":"2024-01-08T19:08:09","guid":{"rendered":"https:\/\/karandoogo.com\/?post_type=product&#038;p=6532"},"modified":"2025-10-19T13:33:54","modified_gmt":"2025-10-19T13:33:54","slug":"expose-complet-sur-ce-qui-pourrait-etre-lapport-du-sport-dans-un-pays-en-situation-de-crise-securitaire-et-humanitaire-cas-du-burkina-faso","status":"publish","type":"product","link":"https:\/\/karandoogo.com\/index.php\/produit\/expose-complet-sur-ce-qui-pourrait-etre-lapport-du-sport-dans-un-pays-en-situation-de-crise-securitaire-et-humanitaire-cas-du-burkina-faso\/","title":{"rendered":"Expos\u00e9 complet sur ce qui pourrait \u00eatre l\u2019apport du sport dans un pays en situation de crise s\u00e9curitaire et humanitaire &#8211; cas du Burkina Faso"},"content":{"rendered":"","protected":false},"excerpt":{"rendered":"<p><strong>NB:<\/strong>\u00a0Les documents mis \u00e0 disposition sur ce site sont des documents \u00e0 exploiter, autrement dit des compl\u00e9ments pour parfaire votre travail. Ils ne sont pas faits pour \u00eatre pr\u00e9sent\u00e9s \u00e0 l\u2019\u00e9tat.<\/p>\n<p>Introduction<\/p>\n<p>&nbsp;<\/p>\n<ol>\n<li>R\u00e9tablissement physique et sant\u00e9 mentale\u00a0:<\/li>\n<li>R\u00e9conciliation et coh\u00e9sion sociale\u00a0:<\/li>\n<\/ol>\n<p>III. \u00c9ducation et d\u00e9veloppement des jeunes\u00a0:<\/p>\n<p>Conclusion<\/p>\n<p>&nbsp;<\/p>\n<p>Introduction<\/p>\n<p>L&rsquo;apport du sport dans un pays en situation de crise s\u00e9curitaire et humanitaire est un sujet d&rsquo;une grande importance, notamment dans le contexte sp\u00e9cifique du Burkina Faso. Le sport peut jouer un r\u00f4le significatif dans la r\u00e9silience et la reconstruction des communaut\u00e9s touch\u00e9es par ces crises. En offrant des opportunit\u00e9s de r\u00e9tablissement physique, psychologique et social, le sport peut contribuer \u00e0 att\u00e9nuer les effets n\u00e9gatifs de la crise et favoriser la r\u00e9conciliation, la coh\u00e9sion sociale et le d\u00e9veloppement des jeunes. Dans cet expos\u00e9, nous explorerons en d\u00e9tail l&rsquo;impact du sport dans le contexte du Burkina Faso, en mettant en \u00e9vidence les diff\u00e9rentes dimensions de son apport et les b\u00e9n\u00e9fices qu&rsquo;il peut apporter aux individus et \u00e0 la soci\u00e9t\u00e9 dans un tel contexte.<\/p>\n<ol>\n<li>R\u00e9tablissement physique et sant\u00e9 mentale\u00a0:<\/li>\n<\/ol>\n<p>&nbsp;<\/p>\n<p>Le sport peut jouer un r\u00f4le crucial dans le r\u00e9tablissement physique et la sant\u00e9 mentale des individus touch\u00e9s par une crise s\u00e9curitaire et humanitaire, tels que ceux au Burkina Faso. Voici quelques points suppl\u00e9mentaires pour d\u00e9velopper cette partie\u00a0:<\/p>\n<p>&nbsp;<\/p>\n<ul>\n<li>Am\u00e9lioration de la condition physique\u00a0:<\/li>\n<\/ul>\n<p>Dans un contexte de crise, les individus peuvent faire face \u00e0 des conditions difficiles, telles que la violence, la d\u00e9placement forc\u00e9, ou la privation de ressources essentielles. Le sport offre une opportunit\u00e9 de maintenir une activit\u00e9 physique r\u00e9guli\u00e8re malgr\u00e9 ces difficult\u00e9s. La pratique r\u00e9guli\u00e8re d\u2019exercices physiques permet de renforcer le syst\u00e8me cardiovasculaire, d\u2019augmenter la force musculaire et de maintenir une bonne sant\u00e9 globale. Cela contribue \u00e0 am\u00e9liorer la r\u00e9sistance physique des personnes touch\u00e9es par la crise, ce qui est particuli\u00e8rement important dans des situations o\u00f9 l\u2019acc\u00e8s aux soins de sant\u00e9 peut \u00eatre limit\u00e9.<\/p>\n<p>&nbsp;<\/p>\n<ul>\n<li>Gestion du stress et r\u00e9duction des sympt\u00f4mes de traumatisme psychologique\u00a0:<\/li>\n<\/ul>\n<p>Les crises s\u00e9curitaires et humanitaires peuvent causer des niveaux \u00e9lev\u00e9s de stress et de traumatisme psychologique chez les individus touch\u00e9s. Le sport offre une \u00e9chappatoire et une source de divertissement, permettant aux personnes de se concentrer sur des activit\u00e9s positives et de se d\u00e9tendre. L\u2019activit\u00e9 physique lib\u00e8re des endorphines, des hormones du bien-\u00eatre, qui&#8230;<\/p>\n<p>Pour obtenir l&rsquo;expos\u00e9 complet contactez le +226 56196345 (WhatsApp)<\/p>\n","protected":false},"featured_media":831,"template":"","meta":{"jetpack_publicize_message":"","jetpack_publicize_feature_enabled":true,"jetpack_social_post_already_shared":false,"jetpack_social_options":{"image_generator_settings":{"template":"highway","default_image_id":0,"font":"","enabled":false},"version":2}},"product_brand":[],"product_cat":[667,544,714],"product_tag":[1155,1154],"class_list":{"0":"post-6532","1":"product","2":"type-product","3":"status-publish","4":"has-post-thumbnail","6":"product_cat-epreuves-physiques-et-sportives-eps","7":"product_cat-exposes","8":"product_cat-politique","9":"product_tag-apport-du-sport","10":"product_tag-crise-securitaire","12":"first","13":"instock","14":"downloadable","15":"virtual","16":"sold-individually","17":"purchasable","18":"product-type-simple"},"aioseo_notices":[],"jetpack_publicize_connections":[],"jetpack-related-posts":[],"jetpack_sharing_enabled":true,"_links":{"self":[{"href":"https:\/\/karandoogo.com\/index.php\/wp-json\/wp\/v2\/product\/6532","targetHints":{"allow":["GET"]}}],"collection":[{"href":"https:\/\/karandoogo.com\/index.php\/wp-json\/wp\/v2\/product"}],"about":[{"href":"https:\/\/karandoogo.com\/index.php\/wp-json\/wp\/v2\/types\/product"}],"wp:featuredmedia":[{"embeddable":true,"href":"https:\/\/karandoogo.com\/index.php\/wp-json\/wp\/v2\/media\/831"}],"wp:attachment":[{"href":"https:\/\/karandoogo.com\/index.php\/wp-json\/wp\/v2\/media?parent=6532"}],"wp:term":[{"taxonomy":"product_brand","embeddable":true,"href":"https:\/\/karandoogo.com\/index.php\/wp-json\/wp\/v2\/product_brand?post=6532"},{"taxonomy":"product_cat","embeddable":true,"href":"https:\/\/karandoogo.com\/index.php\/wp-json\/wp\/v2\/product_cat?post=6532"},{"taxonomy":"product_tag","embeddable":true,"href":"https:\/\/karandoogo.com\/index.php\/wp-json\/wp\/v2\/product_tag?post=6532"}],"curies":[{"name":"wp","href":"https:\/\/api.w.org\/{rel}","templated":true}]}}