{"id":6536,"date":"2024-01-08T19:35:19","date_gmt":"2024-01-08T19:35:19","guid":{"rendered":"https:\/\/karandoogo.com\/?post_type=product&#038;p=6536"},"modified":"2025-10-19T13:32:29","modified_gmt":"2025-10-19T13:32:29","slug":"expose-complet-sur-loeuvre-la-grossesse-de-koudbi-de-jean-pierre-guingane","status":"publish","type":"product","link":"https:\/\/karandoogo.com\/index.php\/produit\/expose-complet-sur-loeuvre-la-grossesse-de-koudbi-de-jean-pierre-guingane\/","title":{"rendered":"Expos\u00e9 complet sur l&rsquo;\u0153uvre &#8211; La Grossesse de Koudbi- de Jean Pierre Guingan\u00e9"},"content":{"rendered":"","protected":false},"excerpt":{"rendered":"<p><strong>NB:<\/strong>\u00a0Les documents mis \u00e0 disposition sur ce site sont des documents \u00e0 exploiter, autrement dit des compl\u00e9ments pour parfaire votre travail. Ils ne sont pas faits pour \u00eatre pr\u00e9sent\u00e9s \u00e0 l\u2019\u00e9tat.<\/p>\n<p>&nbsp;<\/p>\n<p>Introduction<\/p>\n<p>I-Biographie et Bibliographie de l\u2019auteur<\/p>\n<ol>\n<li>Contexte et r\u00e9sum\u00e9 de l&rsquo;\u0153uvre<\/li>\n<li>Contexte socio-culturel au Burkina Faso<\/li>\n<li>R\u00e9sum\u00e9 de l&rsquo;histoire de la pi\u00e8ce<\/li>\n<\/ol>\n<p>II- Th\u00e8mes abord\u00e9s dans l&rsquo;\u0153uvre<\/p>\n<ol>\n<li>La maternit\u00e9 et les enjeux sociaux<\/li>\n<li>Les risques li\u00e9s \u00e0 la grossesse<\/li>\n<li>Les droits des femmes enceintes<\/li>\n<\/ol>\n<p>III. Analyse des personnages principaux<\/p>\n<ol>\n<li>Koudbi, la protagoniste<\/li>\n<li>Les autres personnages et leur r\u00f4le dans l&rsquo;histoire<\/li>\n<\/ol>\n<p>IV-Les techniques th\u00e9\u00e2trales utilis\u00e9es<\/p>\n<ol>\n<li>Le langage et les dialogues<\/li>\n<li>La mise en sc\u00e8ne et les d\u00e9cors<\/li>\n<li>Les \u00e9l\u00e9ments symboliques<\/li>\n<\/ol>\n<p>V-R\u00e9ception et impact de l&rsquo;\u0153uvre<\/p>\n<ol>\n<li>Les r\u00e9actions du public et de la critique<\/li>\n<li>L&rsquo;influence de l&rsquo;\u0153uvre sur la soci\u00e9t\u00e9 burkinab\u00e8<\/li>\n<\/ol>\n<p>Conclusion<\/p>\n<p>&nbsp;<\/p>\n<p>Introduction\u00a0:<\/p>\n<p>Je vous souhaite la bienvenue \u00e0 cet expos\u00e9 consacr\u00e9 \u00e0 l\u2019\u0153uvre th\u00e9\u00e2trale intitul\u00e9e \u00ab\u00a0La Grossesse de Koudbi\u00a0\u00bb. Cette pi\u00e8ce, \u00e9crite par l\u2019auteur Jean Pierre Guingan\u00e9, aborde des th\u00e8mes sociaux et politiques importants li\u00e9s \u00e0 la maternit\u00e9 et aux droits des femmes enceintes dans la soci\u00e9t\u00e9 burkinab\u00e8.<\/p>\n<p>Au cours de cet expos\u00e9, nous allons explorer les diff\u00e9rentes techniques th\u00e9\u00e2trales utilis\u00e9es dans cette \u0153uvre, ainsi que les th\u00e8mes sociaux et politiques qu\u2019elle aborde. Nous examinerons \u00e9galement la r\u00e9ception et l\u2019impact de \u00ab\u00a0La Grossesse de Koudbi\u00a0\u00bb sur le public et la soci\u00e9t\u00e9 burkinab\u00e8.<\/p>\n<p>Sans plus tarder, plongeons-nous dans l\u2019univers de cette pi\u00e8ce th\u00e9\u00e2trale et d\u00e9couvrons ensemble les messages et les r\u00e9flexions qu\u2019elle suscite.<\/p>\n<p>&nbsp;<\/p>\n<ol>\n<li>Biographie et bibliographie de l\u2019auteur\n<ol>\n<li>Biographie<\/li>\n<\/ol>\n<\/li>\n<\/ol>\n<p>Jean Pierre Guingan\u00e9 est n\u00e9 le 11 juillet 1947 \u00e0 Garango, au Centre-Est du Burkina Faso. Apr\u00e8s avoir termin\u00e9 ses \u00e9tudes secondaires \u00e0 Bobo Dioulasso, il obtient son baccalaur\u00e9at en Langues Modernes et en Litt\u00e9rature Contemporaine au CE-SUP (Centre des Enseignements Sup\u00e9rieurs, actuelle Universit\u00e9 de Ouagadougou) en 1972. Il poursuit ses \u00e9tudes sup\u00e9rieures en France et obtient une ma\u00eetrise \u00e0 l\u2019Universit\u00e9 Bordeaux III en 1973. En 1977, il obtient un doctorat avec une th\u00e8se portant sur le d\u00e9veloppement culturel et le th\u00e9\u00e2tre en Afrique, en se concentrant sur le cas du Burkina Faso.<\/p>\n<p>Jean Pierre Guingan\u00e9 est connu pour \u00eatre un acteur, metteur en sc\u00e8ne, dramaturge et cr\u00e9ateur. Sa passion pour le th\u00e9\u00e2tre le pousse \u00e0 cr\u00e9er la troupe Th\u00e9\u00e2tre de la fraternit\u00e9 en 1975. Il occupe diff\u00e9rents postes acad\u00e9miques et administratifs \u00e0 l\u2019Universit\u00e9 de Ouagadougou, notamment en tant que doyen de la facult\u00e9 des langues, des lettres, des arts et des sciences humaines (FLASHS) de 1991 \u00e0 1994 et chef de d\u00e9partement de Lettres modernes.<\/p>\n<p>En 1977, Jean Pierre Guingan\u00e9 entame sa carri\u00e8re d\u2019enseignant-chercheur en \u00e9tudes th\u00e9\u00e2trales \u00e0 l\u2019Institut Sup\u00e9rieur des Lettres, des Langues et des Arts (INSULLA) et devient chef de d\u00e9partement des Lettres Modernes en 1979. Il joue un r\u00f4le important dans le d\u00e9veloppement acad\u00e9mique en ouvrant le d\u00e9partement Art et communication en 1992, suivi de la cr\u00e9ation du d\u00e9partement \u00ab\u00a0Arts, Gestion et Administration Culturelle\u00a0\u00bb (AGAC) en 2010.<\/p>\n<p>Sur le plan administratif, il occupe des responsabilit\u00e9s importantes. Il est secr\u00e9taire g\u00e9n\u00e9ral du minist\u00e8re de l\u2019Enseignement Sup\u00e9rieur et de la Recherche Scientifique de 1980 \u00e0 1982, puis secr\u00e9taire d\u2019\u00c9tat charg\u00e9 des Arts et de la Culture aupr\u00e8s du Pr\u00e9sident de la R\u00e9publique du Burkina Faso de septembre 1982 \u00e0 novembre 1982. Il est \u00e9galement vice-pr\u00e9sident de l\u2019Institut international de th\u00e9\u00e2tre et directeur de l\u2019Institut sup\u00e9rieur de l\u2019image et du son (Isis) au Burkina Faso.<\/p>\n<p>La contribution de Jean Pierre Guingan\u00e9 dans le secteur administratif est remarquable, notamment avec sa nomination en tant que secr\u00e9taire g\u00e9n\u00e9ral du minist\u00e8re de l\u2019Enseignement Sup\u00e9rieur et de la Recherche Scientifique en 1980, suivi de son r\u00f4le en tant que secr\u00e9taire d\u2019\u00c9tat charg\u00e9 des Arts et de la Culture aupr\u00e8s du Pr\u00e9sident de la R\u00e9publique en 1982.<\/p>\n<ol>\n<li>Bibliographie<\/li>\n<\/ol>\n<p>-Le Fou, 1984<\/p>\n<p>-Papa oublie-moi, 1990<\/p>\n<p>-Le Cri de l\u2019espoir (1990)<\/p>\n<p>-La Savane, 1997<\/p>\n<p>-La Musaraigne, 1997<\/p>\n<p>-La Grossesse de Koudbi (1996)<\/p>\n<p>-Les Lignes de la main, 1997<\/p>\n<p>-Malo, pilote, 1998<\/p>\n<p>&nbsp;<\/p>\n<ol>\n<li>Contexte et r\u00e9sum\u00e9 de l\u2019\u0153uvre \u00ab\u00a0La Grossesse de Koudbi\u00a0\u00bb\n<ol>\n<li>Contexte socio-culturel au Burkina Faso<\/li>\n<\/ol>\n<\/li>\n<\/ol>\n<p>L\u2019\u0153uvre \u00ab\u00a0La Grossesse de Koudbi\u00a0\u00bb se d\u00e9roule dans le contexte socio-culturel du Burkina Faso, un pays d\u2019Afrique de l\u2019Ouest. Le Burkina Faso est caract\u00e9ris\u00e9 par une soci\u00e9t\u00e9 patriarcale o\u00f9 les r\u00f4les de genre sont souvent traditionnels et les femmes sont confront\u00e9es \u00e0 de nombreux d\u00e9fis et in\u00e9galit\u00e9s.<\/p>\n<ol>\n<li>R\u00e9sum\u00e9 de l\u2019histoire de la pi\u00e8ce<\/li>\n<\/ol>\n<p>\u00ab La Grossesse de Koudbi \u00bb raconte l\u2019histoire de Koudbi, une jeune femme enceinte qui se retrouve confront\u00e9e \u00e0 de multiples difficult\u00e9s et pr\u00e9jug\u00e9s dans sa communaut\u00e9. La pi\u00e8ce explore&#8230;.<\/p>\n<p>Pour obtenir l&rsquo;expos\u00e9 complet coontactez\u00a0 le +226 56196345 (WhatsApp Uniquement)<\/p>\n","protected":false},"featured_media":831,"template":"","meta":{"jetpack_publicize_message":"","jetpack_publicize_feature_enabled":true,"jetpack_social_post_already_shared":false,"jetpack_social_options":{"image_generator_settings":{"template":"highway","default_image_id":0,"font":"","enabled":false},"version":2}},"product_brand":[],"product_cat":[544,598,547,546],"product_tag":[1163,1161,1162],"class_list":{"0":"post-6536","1":"product","2":"type-product","3":"status-publish","4":"has-post-thumbnail","6":"product_cat-exposes","7":"product_cat-litterature","8":"product_cat-litterature-africaine","9":"product_cat-societe","10":"product_tag-grossesses-indesirees","11":"product_tag-jean-pierre-guingane","12":"product_tag-koudbi","14":"first","15":"instock","16":"downloadable","17":"virtual","18":"sold-individually","19":"purchasable","20":"product-type-simple"},"aioseo_notices":[],"jetpack_publicize_connections":[],"jetpack-related-posts":[],"jetpack_sharing_enabled":true,"_links":{"self":[{"href":"https:\/\/karandoogo.com\/index.php\/wp-json\/wp\/v2\/product\/6536","targetHints":{"allow":["GET"]}}],"collection":[{"href":"https:\/\/karandoogo.com\/index.php\/wp-json\/wp\/v2\/product"}],"about":[{"href":"https:\/\/karandoogo.com\/index.php\/wp-json\/wp\/v2\/types\/product"}],"wp:featuredmedia":[{"embeddable":true,"href":"https:\/\/karandoogo.com\/index.php\/wp-json\/wp\/v2\/media\/831"}],"wp:attachment":[{"href":"https:\/\/karandoogo.com\/index.php\/wp-json\/wp\/v2\/media?parent=6536"}],"wp:term":[{"taxonomy":"product_brand","embeddable":true,"href":"https:\/\/karandoogo.com\/index.php\/wp-json\/wp\/v2\/product_brand?post=6536"},{"taxonomy":"product_cat","embeddable":true,"href":"https:\/\/karandoogo.com\/index.php\/wp-json\/wp\/v2\/product_cat?post=6536"},{"taxonomy":"product_tag","embeddable":true,"href":"https:\/\/karandoogo.com\/index.php\/wp-json\/wp\/v2\/product_tag?post=6536"}],"curies":[{"name":"wp","href":"https:\/\/api.w.org\/{rel}","templated":true}]}}