{"id":6543,"date":"2024-01-08T19:22:04","date_gmt":"2024-01-08T19:22:04","guid":{"rendered":"https:\/\/karandoogo.com\/?post_type=product&#038;p=6543"},"modified":"2025-10-19T13:33:54","modified_gmt":"2025-10-19T13:33:54","slug":"expose-complet-sur-les-enfants-soldats-dans-loeuvre-allah-nest-pas-oblige-dahmadou-kourouma","status":"publish","type":"product","link":"https:\/\/karandoogo.com\/index.php\/produit\/expose-complet-sur-les-enfants-soldats-dans-loeuvre-allah-nest-pas-oblige-dahmadou-kourouma\/","title":{"rendered":"Expos\u00e9 complet sur les enfants soldats dans l&rsquo;\u0153uvre Allah n&rsquo;est pas oblig\u00e9 d&rsquo;Ahmadou Kourouma"},"content":{"rendered":"","protected":false},"excerpt":{"rendered":"<p><strong>NB:<\/strong>\u00a0Les documents mis \u00e0 disposition sur ce site sont des documents \u00e0 exploiter, autrement dit des compl\u00e9ments pour parfaire votre travail. Ils ne sont pas faits pour \u00eatre pr\u00e9sent\u00e9s \u00e0 l\u2019\u00e9tat.<\/p>\n<p>&nbsp;<\/p>\n<p><strong><u>PLAN<\/u><\/strong><\/p>\n<p><strong><u>INTRODUCTION<\/u><\/strong><\/p>\n<ul>\n<li><strong><u>ETUDE DE L\u2019AUTEUR ET DE L\u2019\u0152UVRE <\/u><\/strong><\/li>\n<li><strong><u>L\u2019auteur<\/u><\/strong><\/li>\n<li><strong><u>Biographie<\/u><\/strong><\/li>\n<li><strong><u>Bibliographie <\/u><\/strong><\/li>\n<li><strong><u>L\u2019\u0153uvre <\/u><\/strong><\/li>\n<li><strong><u>Titre de l\u2019\u0153uvre <\/u><\/strong><\/li>\n<li><strong><u>R\u00e9sum\u00e9<\/u><\/strong><\/li>\n<li><strong><u>ETUDE DES PERSONNAGES <\/u><\/strong><\/li>\n<li><strong><u>Personnages principaux<\/u><\/strong><\/li>\n<li><strong><u>Personnages secondaires <\/u><\/strong><\/li>\n<li><strong><u>ETUDE THEMATIQUE\u00a0: LES ENFANTS SOLDATS <\/u><\/strong><\/li>\n<li><strong><u>STYLE DE L\u2019\u0152UVRE<\/u><\/strong><\/li>\n<\/ul>\n<p><strong><u>CONCLUSION<\/u><\/strong><\/p>\n<p><strong><u>\u00a0<\/u><\/strong><\/p>\n<p><strong><u>INTRODUCTION<\/u><\/strong><\/p>\n<p>Dans l\u2019\u0153uvre \u00ab\u00a0Allah n\u2019est pas oblig\u00e9\u00a0\u00bb , Ahmadou Kourouma explore le th\u00e8me des enfants soldats et leur repr\u00e9sentation. \u00a0Le narrateur, Birahima, est un enfant de 10 ans qui est enr\u00f4l\u00e9 de force dans un groupe arm\u00e9 en Afrique de l\u2019Ouest. Le r\u00e9cit est racont\u00e9 du point de vue de Birahima, ce qui permet au lecteur de comprendre les horreurs et les traumatismes v\u00e9cus par les enfants soldats.<\/p>\n<p>L\u2019\u0153uvre d\u2019Ahmadou Kourouma met en lumi\u00e8re les cons\u00e9quences d\u00e9vastatrices de la guerre sur les enfants, qui sont souvent recrut\u00e9s de force, priv\u00e9s de leur enfance et forc\u00e9s de commettre des actes violents. Le roman explore \u00e9galement les raisons complexes qui poussent les enfants \u00e0 rejoindre les groupes arm\u00e9s, notamment la pauvret\u00e9, les conflits ethniques et les pressions sociales. Au cours de notre expos\u00e9 nous verrons tout cela plus en d\u00e9tail.<\/p>\n<ul>\n<li><strong><u>ETUDE DE L\u2019AUTEUR ET DE L\u2019\u0152UVRE <\/u><\/strong><\/li>\n<li><strong><u>L\u2019auteur<\/u><\/strong><\/li>\n<li><strong><u>Biographie<\/u><\/strong><\/li>\n<\/ul>\n<p>Ahmadou Kourouma est n\u00e9 de parents guin\u00e9ens d\u2019\u00e9thnie malink\u00e9, une ethnie pr\u00e9sente dans plusieurs pays d\u2019Afrique de l&rsquo;Ouest. Son nom signifie \u00ab guerrier \u00bb en langue malink\u00e9. Son p\u00e8re est un marchand de noix de kola. Il vit une partie de son enfance \u00e0 Togobala en Guin\u00e9e3. Ce lieu a constitu\u00e9 un des cadres de Les soleils des ind\u00e9pendances, sa premi\u00e8re \u0153uvre. Sous la responsabilit\u00e9 de son oncle Fondio, il fr\u00e9quente l&rsquo;\u00e9cole rurale de Boundiali, \u00e0 partir de l&rsquo;\u00e2ge de sept ans, d\u00e8s 1935. Il poursuit ses \u00e9tudes \u00e0 l&rsquo;\u00e9cole r\u00e9gionale de Korhogo (1942), \u00e0 l&rsquo;\u00e9cole primaire sup\u00e9rieure de Bingerville (1943) et \u00e0 l&rsquo;\u00e9cole technique sup\u00e9rieure de Bamako (1947). Deux ann\u00e9es plus tard, il est renvoy\u00e9 de l&rsquo;\u00e9cole pour avoir conduit des mouvements estudiantins et retourne en C\u00f4te d&rsquo;Ivoire en tant que tirailleur au Bataillon autonome de C\u00f4te d&rsquo;Ivoire \u00e0 Bouak\u00e93. Cette p\u00e9riode co\u00efncide avec les luttes pour l&rsquo;ind\u00e9pendance des colonies africaines. Il est arr\u00eat\u00e9 pour insubordination apr\u00e8s avoir refus\u00e9 de prendre part \u00e0 des interventions visant la r\u00e9pression des manifestations de Rassemblement d\u00e9mocratique africain (RDA). Comme sanction, il est emprisonn\u00e9, d\u00e9grad\u00e9 et forc\u00e9 de se rendre en Indochine.<\/p>\n<p>En 2000, son quatri\u00e8me roman, Allah n&rsquo;est pas oblig\u00e9, raconte l\u2019histoire d\u2019un enfant orphelin qui, parti rejoindre sa tante au Liberia, y devient enfant soldat. Ce livre obtient le Prix Renaudot et le Prix Goncourt des lyc\u00e9ens. La m\u00eame ann\u00e9e, il est r\u00e9compens\u00e9 par le grand prix Jean-Giono pour l&rsquo;ensemble de son \u0153uvre.<\/p>\n<p>Lorsqu\u2019en septembre 2002, la guerre civile \u00e9clate en C\u00f4te d&rsquo;Ivoire, il prend position contre l\u2019ivoirit\u00e9, \u00ab une absurdit\u00e9 qui nous a men\u00e9s au d\u00e9sordre \u00bb et pour le retour de la paix dans son pays.<\/p>\n<p>Au moment de sa mort, il travaillait \u00e0 la r\u00e9daction d\u2019un nouveau livre, Quand on refuse on dit non, une suite d\u2019Allah n&rsquo;est pas oblig\u00e9 : le jeune h\u00e9ros, enfant soldat d\u00e9mobilis\u00e9, retourne en C\u00f4te d\u2019Ivoire \u00e0 Daloa, et vit le conflit ivoirien. Ce roman est publi\u00e9 \u00e0 titre posthume en 2004.<\/p>\n<p>Kourouma est mari\u00e9 \u00e0 une Fran\u00e7aise rencontr\u00e9e pendant son s\u00e9jour \u00e0 Lyon, et il est p\u00e8re de quatre enfants. Onze ans apr\u00e8s sa mort, en novembre 2014, sa d\u00e9pouille est transf\u00e9r\u00e9e de Lyon en C\u00f4te d&rsquo;Ivoire<\/p>\n<ul>\n<li><strong><u>Bibliographie <\/u><\/strong><\/li>\n<\/ul>\n<p>&nbsp;<\/p>\n<ul>\n<li>1968\u00a0:\u00a0<a href=\"https:\/\/fr.wikipedia.org\/wiki\/Les_Soleils_des_ind%C3%A9pendances\"><em>Les Soleils des ind\u00e9pendances<\/em><\/a>(<a href=\"https:\/\/fr.wikipedia.org\/wiki\/Presses_de_l%27Universit%C3%A9_de_Montr%C3%A9al\">Presses de l&rsquo;Universit\u00e9 de Montr\u00e9al<\/a>, publi\u00e9 au\u00a0<a href=\"https:\/\/fr.wikipedia.org\/wiki\/%C3%89ditions_du_Seuil\">Seuil<\/a>\u00a0en 1970), obtient sur\u00a0<a href=\"https:\/\/fr.wikipedia.org\/wiki\/Manuscrit\">manuscrit<\/a>\u00a0le Prix 1968 de la revue qu\u00e9b\u00e9coise\u00a0<a href=\"https:\/\/fr.wikipedia.org\/wiki\/%C3%89tudes_fran%C3%A7aises\"><em>\u00c9tudes fran\u00e7aises<\/em><\/a><em>.<\/em>\u00a0et en 1970, le\u00a0<a href=\"https:\/\/fr.wikipedia.org\/wiki\/Prix_Maill%C3%A9-Latour-Landry\">prix Maill\u00e9-Latour-Landry<\/a>\u00a0de l\u2019<a href=\"https:\/\/fr.wikipedia.org\/wiki\/Acad%C3%A9mie_fran%C3%A7aise\">Acad\u00e9mie fran\u00e7aise<\/a>.<\/li>\n<li>1990\u00a0:\u00a0<em><a href=\"https:\/\/fr.wikipedia.org\/wiki\/Monn%C3%A8,_outrages_et_d%C3%A9fis\">Monn\u00e8, outrages et d\u00e9fis<\/a><\/em>(Seuil),\u00a0<a href=\"https:\/\/fr.wikipedia.org\/wiki\/Grand_prix_litt%C3%A9raire_d%27Afrique_noire\">Grand prix litt\u00e9raire d&rsquo;Afrique noire<\/a><a href=\"https:\/\/fr.wikipedia.org\/wiki\/Ahmadou_Kourouma#cite_note-7\"><sup>7<\/sup><\/a>.<\/li>\n<li>1998\u00a0:\u00a0<a href=\"https:\/\/fr.wikipedia.org\/wiki\/En_attendant_le_vote_des_b%C3%AAtes_sauvages\"><em>En attendant le vote des b\u00eates sauvages<\/em><\/a>(Seuil 1999) (<a href=\"https:\/\/fr.wikipedia.org\/wiki\/Prix_du_Livre_Inter\">Prix du Livre Inter<\/a>).<\/li>\n<li>2000\u00a0:\u00a0<a href=\"https:\/\/fr.wikipedia.org\/wiki\/Allah_n%27est_pas_oblig%C3%A9\"><em>Allah n&rsquo;est pas oblig\u00e9<\/em><\/a>(Seuil) (<a href=\"https:\/\/fr.wikipedia.org\/wiki\/Prix_Amerigo-Vespucci\">Prix Amerigo-Vespucci<\/a>,\u00a0<a href=\"https:\/\/fr.wikipedia.org\/wiki\/Prix_Renaudot\">Prix Renaudot<\/a>,\u00a0<a href=\"https:\/\/fr.wikipedia.org\/wiki\/Prix_Goncourt_des_lyc%C3%A9ens\">Prix Goncourt des lyc\u00e9ens<\/a>).<\/li>\n<li>2004\u00a0:\u00a0<a href=\"https:\/\/fr.wikipedia.org\/wiki\/Quand_on_refuse_on_dit_non\"><em>Quand on refuse on dit non<\/em><\/a>(Seuil).<\/li>\n<li>\u0152uvres compl\u00e8tes \u2013\u00a0Ahmadou\u00a0Kourouma,\u00a0<em>Les Soleils des ind\u00e9pendances\u00a0; Monn\u00e8, outrages et d\u00e9fis\u00a0; En attendant le vote des b\u00eates sauvages\u00a0; Allah n&rsquo;est pas oblig\u00e9\u00a0; Quand on refuse on dit non\u00a0; Le Diseur de v\u00e9rit\u00e9<\/em>,\u00a0<a href=\"https:\/\/fr.wikipedia.org\/wiki\/%C3%89ditions_du_Seuil\">Le Seuil<\/a>,\u00a02010\u00a0(<a href=\"https:\/\/fr.wikipedia.org\/wiki\/International_Standard_Book_Number\">ISBN<\/a><a href=\"https:\/\/fr.wikipedia.org\/wiki\/Sp%C3%A9cial:Ouvrages_de_r%C3%A9f%C3%A9rence\/978-2-02-103461-5\">978-2-02-103461-5<\/a>)<\/li>\n<\/ul>\n<p>&nbsp;<\/p>\n<ul>\n<li><strong><u>L\u2019\u0153uvre <\/u><\/strong>\n<ul>\n<li><strong><u>Titre de l\u2019\u0153uvre <\/u><\/strong><\/li>\n<\/ul>\n<\/li>\n<\/ul>\n<p>Le titre est un raccourci de l&rsquo;affirmation qui rappelle qu&rsquo;\u00abAllah n&rsquo;est pas oblig\u00e9 d&rsquo;\u00eatre juste dans toutes ses choses ici-bas\u00bb, phrase qui revient comme un leitmotiv dans l&rsquo;\u0153uvre.<\/p>\n<ul>\n<li><strong><u>R\u00e9sum\u00e9<\/u><\/strong><\/li>\n<\/ul>\n<p>Birahima a une douzaine d\u2019ann\u00e9es et vit \u00e0 Togobala, en C\u00f4te d&rsquo;Ivoire. C\u2019est un enfant des rues comme il le dit lui-m\u00eame, \u00ab un enfant de la rue sans peur ni reproche \u00bb. Apr\u00e8s la mort de sa m\u00e8re, infirme, on lui conseille d\u2019aller retrouver sa tante au Liberia. Personne ne se d\u00e9voue pour l\u2019accompagner mis \u00e0 part Yacouba \u00ab le bandit boiteux, le multiplicateur des billets de banque, le f\u00e9ticheur musulman \u00bb. Les voil\u00e0 donc sur la route du Liberia. Tr\u00e8s vite, ils se font enr\u00f4ler dans diff\u00e9rentes factions, o\u00f9 Birahima devient enfant soldat avec tout ce que cela entra\u00eene : drogue, meurtres, viols. Yacouba arrive facilement \u00e0 se faire une place de f\u00e9ticheur aupr\u00e8s &#8230;..<\/p>\n<p>Pour obtenir l&rsquo;expos\u00e9 complet contactez le +226 56196345 (WhatsApp)<\/p>\n","protected":false},"featured_media":831,"template":"","meta":{"jetpack_publicize_message":"","jetpack_publicize_feature_enabled":true,"jetpack_social_post_already_shared":false,"jetpack_social_options":{"image_generator_settings":{"template":"highway","default_image_id":0,"font":"","enabled":false},"version":2}},"product_brand":[],"product_cat":[544,598,547,546],"product_tag":[1090,1158,1157],"class_list":{"0":"post-6543","1":"product","2":"type-product","3":"status-publish","4":"has-post-thumbnail","6":"product_cat-exposes","7":"product_cat-litterature","8":"product_cat-litterature-africaine","9":"product_cat-societe","10":"product_tag-ahmadou-kourouma","11":"product_tag-allah-nest-pas-oblige","12":"product_tag-enfants-soldats","14":"first","15":"instock","16":"downloadable","17":"virtual","18":"sold-individually","19":"purchasable","20":"product-type-simple"},"aioseo_notices":[],"jetpack_publicize_connections":[],"jetpack-related-posts":[],"jetpack_sharing_enabled":true,"_links":{"self":[{"href":"https:\/\/karandoogo.com\/index.php\/wp-json\/wp\/v2\/product\/6543","targetHints":{"allow":["GET"]}}],"collection":[{"href":"https:\/\/karandoogo.com\/index.php\/wp-json\/wp\/v2\/product"}],"about":[{"href":"https:\/\/karandoogo.com\/index.php\/wp-json\/wp\/v2\/types\/product"}],"wp:featuredmedia":[{"embeddable":true,"href":"https:\/\/karandoogo.com\/index.php\/wp-json\/wp\/v2\/media\/831"}],"wp:attachment":[{"href":"https:\/\/karandoogo.com\/index.php\/wp-json\/wp\/v2\/media?parent=6543"}],"wp:term":[{"taxonomy":"product_brand","embeddable":true,"href":"https:\/\/karandoogo.com\/index.php\/wp-json\/wp\/v2\/product_brand?post=6543"},{"taxonomy":"product_cat","embeddable":true,"href":"https:\/\/karandoogo.com\/index.php\/wp-json\/wp\/v2\/product_cat?post=6543"},{"taxonomy":"product_tag","embeddable":true,"href":"https:\/\/karandoogo.com\/index.php\/wp-json\/wp\/v2\/product_tag?post=6543"}],"curies":[{"name":"wp","href":"https:\/\/api.w.org\/{rel}","templated":true}]}}