{"id":6716,"date":"2024-02-15T18:55:51","date_gmt":"2024-02-15T18:55:51","guid":{"rendered":"https:\/\/karandoogo.com\/?post_type=product&#038;p=6716"},"modified":"2025-10-19T13:32:29","modified_gmt":"2025-10-19T13:32:29","slug":"expose-complet-sur-leffet-de-serre-causes-consequences-et-solutions","status":"publish","type":"product","link":"https:\/\/karandoogo.com\/index.php\/produit\/expose-complet-sur-leffet-de-serre-causes-consequences-et-solutions\/","title":{"rendered":"Expos\u00e9 complet sur L&rsquo;effet de serre &#8211; Causes, cons\u00e9quences et solutions"},"content":{"rendered":"","protected":false},"excerpt":{"rendered":"<p><strong>NB:<\/strong>\u00a0Les documents mis \u00e0 disposition sur ce site sont des documents \u00e0 exploiter, autrement dit des compl\u00e9ments pour parfaire votre travail. Ils ne sont pas faits pour \u00eatre pr\u00e9sent\u00e9s \u00e0 l\u2019\u00e9tat.<\/p>\n<p>&nbsp;<\/p>\n<p>Introduction :<\/p>\n<p>&nbsp;<\/p>\n<p>I.Causes de l&rsquo;effet de serre :<\/p>\n<ul>\n<li>Les gaz \u00e0 effet de serre (GES) naturels :<\/li>\n<\/ul>\n<p>La vapeur d&rsquo;eau<\/p>\n<p>Le dioxyde de carbone (CO2)<\/p>\n<p>Le m\u00e9thane (CH4)<\/p>\n<p>Le protoxyde d&rsquo;azote (N2O)<\/p>\n<ol start=\"2\">\n<li>Les activit\u00e9s humaines et l&rsquo;amplification de l&rsquo;effet de serre<\/li>\n<li>La combustion des combustibles fossiles<\/li>\n<li>La d\u00e9forestation et la perte de couverture v\u00e9g\u00e9tale<\/li>\n<li>L&rsquo;agriculture intensive et l&rsquo;\u00e9levage<\/li>\n<\/ol>\n<p>&nbsp;<\/p>\n<ol>\n<li>Cons\u00e9quences de l&rsquo;effet de serre :<\/li>\n<li>Changements climatiques :<\/li>\n<li>Augmentation des temp\u00e9ratures mondiales<\/li>\n<li>Modifications des r\u00e9gimes de pr\u00e9cipitations<\/li>\n<li>\u00c9l\u00e9vation du niveau de la mer<\/li>\n<\/ol>\n<p>&nbsp;<\/p>\n<ol start=\"2\">\n<li>Impacts sur les \u00e9cosyst\u00e8mes :<\/li>\n<li>Perte de biodiversit\u00e9<\/li>\n<li>Modifications des habitats naturels<\/li>\n<li>Augmentation des \u00e9v\u00e9nements climatiques extr\u00eames<\/li>\n<\/ol>\n<p>&nbsp;<\/p>\n<ol start=\"3\">\n<li>Cons\u00e9quences pour la soci\u00e9t\u00e9 humaine :<\/li>\n<li>Menaces pour la s\u00e9curit\u00e9 alimentaire<\/li>\n<li>Risques accrus pour la sant\u00e9 humaine<\/li>\n<li>D\u00e9placements de populations<\/li>\n<\/ol>\n<p>&nbsp;<\/p>\n<p>III. Solutions pour att\u00e9nuer l&rsquo;effet de serre :<\/p>\n<ol>\n<li>Transition vers des sources d&rsquo;\u00e9nergie propres et renouvelables :<\/li>\n<li>\u00c9nergie solaire<\/li>\n<li>\u00c9nergie \u00e9olienne<\/li>\n<li>\u00c9nergie hydraulique<\/li>\n<\/ol>\n<p>&nbsp;<\/p>\n<ol start=\"2\">\n<li>R\u00e9duction des \u00e9missions de GES :<\/li>\n<li>Am\u00e9lioration de l&rsquo;efficacit\u00e9 \u00e9nerg\u00e9tique<\/li>\n<li>Promotion des transports durables<\/li>\n<li>Adoption de pratiques agricoles durables<\/li>\n<\/ol>\n<p>&nbsp;<\/p>\n<ol start=\"3\">\n<li>Conservation des \u00e9cosyst\u00e8mes et reforestation :<\/li>\n<li>Protection des for\u00eats et des zones humides<\/li>\n<li>Restauration des \u00e9cosyst\u00e8mes d\u00e9grad\u00e9s<\/li>\n<li>Promotion de l&rsquo;agroforesterie<\/li>\n<\/ol>\n<p>&nbsp;<\/p>\n<p>Conclusion :<\/p>\n<p>&nbsp;<\/p>\n<p>Introduction<\/p>\n<p>L&rsquo;effet de serre est un ph\u00e9nom\u00e8ne naturel essentiel \u00e0 la vie sur Terre. Cependant, depuis l&rsquo;\u00e8re industrielle, les activit\u00e9s humaines ont amplifi\u00e9 cet effet, conduisant \u00e0 des changements climatiques significatifs. Dans cet expos\u00e9, nous explorerons les causes de l&rsquo;effet de serre, ses cons\u00e9quences sur l&rsquo;environnement et la soci\u00e9t\u00e9, ainsi que les solutions pour att\u00e9nuer son impact.<\/p>\n<p>&nbsp;<\/p>\n<ol>\n<li>Causes de l&rsquo;effet de serre :<\/li>\n<\/ol>\n<p>L&rsquo;effet de serre est principalement caus\u00e9 par l&rsquo;action combin\u00e9e des gaz \u00e0 effet de serre (GES) naturels et des activit\u00e9s humaines qui amplifient cet effet.<\/p>\n<p>&nbsp;<\/p>\n<ol>\n<li>Les gaz \u00e0 effet de serre (GES) naturels :<\/li>\n<li>La vapeur d&rsquo;eau : La vapeur d&rsquo;eau est le principal gaz \u00e0 effet de serre naturel pr\u00e9sent dans l&rsquo;atmosph\u00e8re. Elle r\u00e9sulte de l&rsquo;\u00e9vaporation de l&rsquo;eau des oc\u00e9ans, des lacs, des rivi\u00e8res et des sols humides. Bien que la quantit\u00e9 de vapeur d&rsquo;eau dans l&rsquo;atmosph\u00e8re soit principalement influenc\u00e9e par les temp\u00e9ratures, les autres gaz \u00e0 effet de serre peuvent \u00e9galement affecter sa concentration.<\/li>\n<\/ol>\n<p>&nbsp;<\/p>\n<p>b. Le dioxyde de carbone (CO2) : Le CO2 est un gaz \u00e0 effet de serre essentiel \u00e0 la vie sur Terre. Il est lib\u00e9r\u00e9 lors de processus naturels tels que la respiration des organismes vivants et la d\u00e9composition des mati\u00e8res organiques. Cependant,&#8230;.<\/p>\n<p>Pour obtenir l&rsquo;expos\u00e9 complet coontactez\u00a0 le +226 56196345 (WhatsApp Uniquement)<\/p>\n","protected":false},"featured_media":831,"template":"","meta":{"jetpack_publicize_message":"","jetpack_publicize_feature_enabled":true,"jetpack_social_post_already_shared":false,"jetpack_social_options":{"image_generator_settings":{"template":"highway","default_image_id":0,"font":"","enabled":false},"version":2}},"product_brand":[],"product_cat":[544,627],"product_tag":[],"class_list":{"0":"post-6716","1":"product","2":"type-product","3":"status-publish","4":"has-post-thumbnail","6":"product_cat-exposes","7":"product_cat-sciences-de-la-vie-et-de-la-terre","9":"first","10":"instock","11":"downloadable","12":"virtual","13":"sold-individually","14":"purchasable","15":"product-type-simple"},"aioseo_notices":[],"jetpack_publicize_connections":[],"jetpack-related-posts":[],"jetpack_sharing_enabled":true,"_links":{"self":[{"href":"https:\/\/karandoogo.com\/index.php\/wp-json\/wp\/v2\/product\/6716","targetHints":{"allow":["GET"]}}],"collection":[{"href":"https:\/\/karandoogo.com\/index.php\/wp-json\/wp\/v2\/product"}],"about":[{"href":"https:\/\/karandoogo.com\/index.php\/wp-json\/wp\/v2\/types\/product"}],"wp:featuredmedia":[{"embeddable":true,"href":"https:\/\/karandoogo.com\/index.php\/wp-json\/wp\/v2\/media\/831"}],"wp:attachment":[{"href":"https:\/\/karandoogo.com\/index.php\/wp-json\/wp\/v2\/media?parent=6716"}],"wp:term":[{"taxonomy":"product_brand","embeddable":true,"href":"https:\/\/karandoogo.com\/index.php\/wp-json\/wp\/v2\/product_brand?post=6716"},{"taxonomy":"product_cat","embeddable":true,"href":"https:\/\/karandoogo.com\/index.php\/wp-json\/wp\/v2\/product_cat?post=6716"},{"taxonomy":"product_tag","embeddable":true,"href":"https:\/\/karandoogo.com\/index.php\/wp-json\/wp\/v2\/product_tag?post=6716"}],"curies":[{"name":"wp","href":"https:\/\/api.w.org\/{rel}","templated":true}]}}