{"id":6719,"date":"2024-02-15T19:02:02","date_gmt":"2024-02-15T19:02:02","guid":{"rendered":"https:\/\/karandoogo.com\/?post_type=product&#038;p=6719"},"modified":"2025-10-19T13:32:29","modified_gmt":"2025-10-19T13:32:29","slug":"expose-complet-sur-loeuvre-caprice-du-destin-de-mahamadou-halidou-sabo","status":"publish","type":"product","link":"https:\/\/karandoogo.com\/index.php\/produit\/expose-complet-sur-loeuvre-caprice-du-destin-de-mahamadou-halidou-sabo\/","title":{"rendered":"Expos\u00e9 complet sur l&rsquo;oeuvre Caprice du Destin de Mahamadou Halidou Sabo"},"content":{"rendered":"","protected":false},"excerpt":{"rendered":"<p><strong>NB:<\/strong>\u00a0Les documents mis \u00e0 disposition sur ce site sont des documents \u00e0 exploiter, autrement dit des compl\u00e9ments pour parfaire votre travail. Ils ne sont pas faits pour \u00eatre pr\u00e9sent\u00e9s \u00e0 l\u2019\u00e9tat.<\/p>\n<p><strong><u>INTRODUCTION :<\/u><\/strong><\/p>\n<p><strong><u>I.ETUDE DE L\u2019AUTEUR<\/u><\/strong><strong><u>\u00a0<\/u><\/strong><strong><u>:<\/u><\/strong><\/p>\n<p>1-Biographie<\/p>\n<p>2-Bibliographie<\/p>\n<ol>\n<li><strong><u> R\u00c9SUM\u00c9 DE L&rsquo;\u0152UVRE<\/u><\/strong><\/li>\n<\/ol>\n<p>1-L&rsquo;histoire et les personnages principaux<\/p>\n<p>2-Les th\u00e8mes abord\u00e9s dans le roman<\/p>\n<p><strong><u>III. ANALYSE DE L&rsquo;\u0152UVRE<\/u><\/strong><\/p>\n<p>1-Le syst\u00e8me \u00e9ducatif nig\u00e9rien et ses probl\u00e9matiques<\/p>\n<p>2-La m\u00e9fiance des populations envers le syst\u00e8me \u00e9ducatif<\/p>\n<p>3-Les proverbes haoussa traduits en fran\u00e7ais dans l&rsquo;\u0153uvre<\/p>\n<ol>\n<li><strong><u> IMPACT ET R\u00c9CEPTION DE L&rsquo;\u0152UVRE<\/u><\/strong><\/li>\n<\/ol>\n<p>1-L&rsquo;importance de Caprice du Destin dans la litt\u00e9rature nig\u00e9rienne<\/p>\n<p>2-Les prix et distinctions re\u00e7us par Mahamadou Halidou Sabo<\/p>\n<p><strong><u>CONCLUSION<\/u><\/strong><\/p>\n<p>&nbsp;<\/p>\n<p><strong><u>INTRODUCTION<\/u><\/strong><\/p>\n<p>Mahamadou Halilou Sabbo, \u00e9galement connu sous le nom de Mahamadou Halilou Sabo, \u00e9tait un \u00e9minent homme politique et \u00e9crivain nig\u00e9rian. N\u00e9 en 1937 \u00e0 Tahoua, Sabbo a eu une carri\u00e8re diversifi\u00e9e couvrant l&rsquo;\u00e9ducation, la politique et la litt\u00e9rature. Il a occup\u00e9 divers postes gouvernementaux, notamment celui de secr\u00e9taire d&rsquo;\u00c9tat \u00e0 l&rsquo;\u00c9ducation et de ministre de l&rsquo;Information, et a \u00e9galement \u00e9t\u00e9 reconnu pour ses contributions \u00e0 la litt\u00e9rature avec des romans tels que \u00ab Aboki ou L&rsquo;appel de la c\u00f4te \u00bb et \u00ab Caprices du destin \u00bb. \u00a0Caprice du Destin est une \u0153uvre litt\u00e9raire \u00e9crite par Mahamadou Halidou Sabo, un \u00e9crivain et homme politique nig\u00e9rien. Publi\u00e9 en 1981, ce roman aborde des th\u00e8mes tels que le syst\u00e8me \u00e9ducatif nig\u00e9rien et la m\u00e9fiance des populations \u00e0 son \u00e9gard. Dans cet expos\u00e9, nous allons explorer en d\u00e9tail l&rsquo;\u0153uvre Caprice du Destin de Mahamadou Halidou Sabo.<\/p>\n<p>&nbsp;<\/p>\n<p><strong><u>I.ETUDE DE L\u2019AUTEUR<\/u><\/strong><strong><u>\u00a0<\/u><\/strong><strong><u>:<\/u><\/strong><\/p>\n<p>Mahamadou Halilou Sabbo, \u00e9galement connu sous le nom de Mahamadou Halilou Sabo, \u00e9tait un homme politique et \u00e9crivain nig\u00e9rien. N\u00e9 en 1937 \u00e0 Tahoua, il est d\u00e9c\u00e9d\u00e9 le 16 d\u00e9cembre 2006.<\/p>\n<p><strong><u>1-<\/u><\/strong><strong><u>Biographie :<\/u><\/strong><\/p>\n<p>Mahamadou Halilou Sabbo a travaill\u00e9 comme instituteur auxiliaire \u00e0 partir de 1957 et comme instituteur \u00e0 partir de 1963. Apr\u00e8s deux ann\u00e9es de formation \u00e0 l&rsquo;\u00c9cole Normale Sup\u00e9rieure d&rsquo;Abidjan, il est devenu inspecteur d&rsquo;acad\u00e9mie pour les \u00e9coles primaires en 1971. Il a \u00e9t\u00e9 membre du gouvernement du Niger sous le r\u00e9gime du Conseil militaire supr\u00eame de Seyni Kountch\u00e9. Il a occup\u00e9 le poste de secr\u00e9taire d&rsquo;\u00c9tat \u00e0 l&rsquo;\u00e9ducation en d\u00e9cembre 1977&#8230;<\/p>\n<p>Pour obtenir l&rsquo;expos\u00e9 complet coontactez\u00a0 le +226 56196345 (WhatsApp Uniquement)<\/p>\n","protected":false},"featured_media":831,"template":"","meta":{"jetpack_publicize_message":"","jetpack_publicize_feature_enabled":true,"jetpack_social_post_already_shared":false,"jetpack_social_options":{"image_generator_settings":{"template":"highway","default_image_id":0,"font":"","enabled":false},"version":2}},"product_brand":[],"product_cat":[544,598],"product_tag":[1164,1165],"class_list":{"0":"post-6719","1":"product","2":"type-product","3":"status-publish","4":"has-post-thumbnail","6":"product_cat-exposes","7":"product_cat-litterature","8":"product_tag-caprice-du-destin","9":"product_tag-mahamadou-halidou-sabo","11":"first","12":"instock","13":"downloadable","14":"virtual","15":"sold-individually","16":"purchasable","17":"product-type-simple"},"aioseo_notices":[],"jetpack_publicize_connections":[],"jetpack-related-posts":[],"jetpack_sharing_enabled":true,"_links":{"self":[{"href":"https:\/\/karandoogo.com\/index.php\/wp-json\/wp\/v2\/product\/6719","targetHints":{"allow":["GET"]}}],"collection":[{"href":"https:\/\/karandoogo.com\/index.php\/wp-json\/wp\/v2\/product"}],"about":[{"href":"https:\/\/karandoogo.com\/index.php\/wp-json\/wp\/v2\/types\/product"}],"wp:featuredmedia":[{"embeddable":true,"href":"https:\/\/karandoogo.com\/index.php\/wp-json\/wp\/v2\/media\/831"}],"wp:attachment":[{"href":"https:\/\/karandoogo.com\/index.php\/wp-json\/wp\/v2\/media?parent=6719"}],"wp:term":[{"taxonomy":"product_brand","embeddable":true,"href":"https:\/\/karandoogo.com\/index.php\/wp-json\/wp\/v2\/product_brand?post=6719"},{"taxonomy":"product_cat","embeddable":true,"href":"https:\/\/karandoogo.com\/index.php\/wp-json\/wp\/v2\/product_cat?post=6719"},{"taxonomy":"product_tag","embeddable":true,"href":"https:\/\/karandoogo.com\/index.php\/wp-json\/wp\/v2\/product_tag?post=6719"}],"curies":[{"name":"wp","href":"https:\/\/api.w.org\/{rel}","templated":true}]}}