{"id":6723,"date":"2024-02-15T19:22:34","date_gmt":"2024-02-15T19:22:34","guid":{"rendered":"https:\/\/karandoogo.com\/?post_type=product&#038;p=6723"},"modified":"2025-10-19T13:32:29","modified_gmt":"2025-10-19T13:32:29","slug":"expose-complet-sur-le-vih-sida-dans-le-roman-jour-dangoisse-de-joel-kone","status":"publish","type":"product","link":"https:\/\/karandoogo.com\/index.php\/produit\/expose-complet-sur-le-vih-sida-dans-le-roman-jour-dangoisse-de-joel-kone\/","title":{"rendered":"Expos\u00e9 complet sur le VIH-SIDA dans le roman Jour d\u2019angoisse de Joel Kon\u00e9"},"content":{"rendered":"","protected":false},"excerpt":{"rendered":"<p><strong>NB:<\/strong>\u00a0Les documents mis \u00e0 disposition sur ce site sont des documents \u00e0 exploiter, autrement dit des compl\u00e9ments pour parfaire votre travail. Ils ne sont pas faits pour \u00eatre pr\u00e9sent\u00e9s \u00e0 l\u2019\u00e9tat.<\/p>\n<p><strong><u>PLAN<\/u><\/strong><\/p>\n<p><strong><u>INTRODUCTION :<\/u><\/strong><\/p>\n<ol>\n<li><strong><u> \u00c9TUDE DE L\u2019AUTEUR :<\/u><\/strong><\/li>\n<li><strong><u> Biographie de l\u2019auteur :<\/u><\/strong><\/li>\n<li><strong><u> Bibliographie de l\u2019auteur :<\/u><\/strong><\/li>\n<li><strong><u> R\u00c9SUM\u00c9 DE L\u2019\u0152UVRE :<\/u><\/strong><\/li>\n<\/ol>\n<p><strong><u>III. PERSONNAGES DE L\u2019\u0152UVRE :<\/u><\/strong><\/p>\n<p><strong><u>1.Personnage<\/u><\/strong><strong><u> principal<\/u><\/strong><strong><u>\u00a0: <\/u><\/strong><\/p>\n<p><strong><u>2.<\/u><\/strong><strong><u>Personnages<\/u><\/strong><strong><u> secondaires<\/u><\/strong><\/p>\n<ol>\n<li><strong><u> TH\u00c8MES ABORD\u00c9S DANS L\u2019\u0152UVRE :<\/u><\/strong><\/li>\n<\/ol>\n<p><strong><u>1.Theme principal\u00a0: le VIH\/SIDA<\/u><\/strong><\/p>\n<p><strong><u>2.Th\u00e8mes secondaires<\/u><\/strong><\/p>\n<p><strong><u>CONCLUSION :<\/u><\/strong><\/p>\n<p><strong><u>Sources <\/u><\/strong><strong><u>:<\/u><\/strong><\/p>\n<p><strong><u>\u00a0<\/u><\/strong><\/p>\n<p><strong><u>INTRODUCTION :<\/u><\/strong><\/p>\n<p>\u00ab\u00a0Jour d&rsquo;angoisse\u00a0\u00bb est un roman intra di\u00e9g\u00e9tique qui relate le parcours d&rsquo;un jeune \u00e9tudiant nomm\u00e9 Eric. Le roman explore les diff\u00e9rentes facettes de sa vie, y compris son amiti\u00e9 avec un autre \u00e9tudiant nomm\u00e9 Sly, sa d\u00e9couverte de l&rsquo;amour et du sexe, ainsi que les cons\u00e9quences tragiques de ses choix. L&rsquo;auteur explore les cons\u00e9quences de cette maladie sur la vie des jeunes \u00e9tudiants et met en lumi\u00e8re les d\u00e9fis auxquels ils sont confront\u00e9s.<\/p>\n<p>&nbsp;<\/p>\n<p>&nbsp;<\/p>\n<ol>\n<li><strong><u> \u00c9TUDE DE L\u2019AUTEUR :<\/u><\/strong><\/li>\n<li><strong><u> Biographie de l\u2019auteur :<\/u><\/strong><\/li>\n<\/ol>\n<p>Jo\u00ebl Kon\u00e9, \u00e9crivain ivoirien, est n\u00e9 le 27 novembre 1975 \u00e0 Abidjan. Il est issu d&rsquo;une famille o\u00f9 l&rsquo;\u00e9ducation et la litt\u00e9rature occupaient une place centrale. Son p\u00e8re \u00e9tait professeur de Lettres et ancien proviseur du lyc\u00e9e F\u00e9lix Houphou\u00ebt Boigny de Korhogo, tandis que sa m\u00e8re \u00e9tait institutrice. En 1993, Jo\u00ebl Kon\u00e9 a obtenu son baccalaur\u00e9at s\u00e9rie A2. Jo\u00ebl Kon\u00e9, par son \u00e9criture soign\u00e9e et respectueuse des r\u00e8gles grammaticales&#8230;..<\/p>\n<p>Pour obtenir l&rsquo;expos\u00e9 complet coontactez\u00a0 le +226 56196345 (WhatsApp Uniquement)<\/p>\n","protected":false},"featured_media":831,"template":"","meta":{"jetpack_publicize_message":"","jetpack_publicize_feature_enabled":true,"jetpack_social_post_already_shared":false,"jetpack_social_options":{"image_generator_settings":{"template":"highway","default_image_id":0,"font":"","enabled":false},"version":2}},"product_brand":[],"product_cat":[544,598,546],"product_tag":[1169,1168,1079],"class_list":{"0":"post-6723","1":"product","2":"type-product","3":"status-publish","4":"has-post-thumbnail","6":"product_cat-exposes","7":"product_cat-litterature","8":"product_cat-societe","9":"product_tag-jour-dangoisse-de-joel-kone","10":"product_tag-roman","11":"product_tag-vih-sida","13":"first","14":"instock","15":"downloadable","16":"virtual","17":"sold-individually","18":"purchasable","19":"product-type-simple"},"aioseo_notices":[],"jetpack_publicize_connections":[],"jetpack-related-posts":[],"jetpack_sharing_enabled":true,"_links":{"self":[{"href":"https:\/\/karandoogo.com\/index.php\/wp-json\/wp\/v2\/product\/6723","targetHints":{"allow":["GET"]}}],"collection":[{"href":"https:\/\/karandoogo.com\/index.php\/wp-json\/wp\/v2\/product"}],"about":[{"href":"https:\/\/karandoogo.com\/index.php\/wp-json\/wp\/v2\/types\/product"}],"wp:featuredmedia":[{"embeddable":true,"href":"https:\/\/karandoogo.com\/index.php\/wp-json\/wp\/v2\/media\/831"}],"wp:attachment":[{"href":"https:\/\/karandoogo.com\/index.php\/wp-json\/wp\/v2\/media?parent=6723"}],"wp:term":[{"taxonomy":"product_brand","embeddable":true,"href":"https:\/\/karandoogo.com\/index.php\/wp-json\/wp\/v2\/product_brand?post=6723"},{"taxonomy":"product_cat","embeddable":true,"href":"https:\/\/karandoogo.com\/index.php\/wp-json\/wp\/v2\/product_cat?post=6723"},{"taxonomy":"product_tag","embeddable":true,"href":"https:\/\/karandoogo.com\/index.php\/wp-json\/wp\/v2\/product_tag?post=6723"}],"curies":[{"name":"wp","href":"https:\/\/api.w.org\/{rel}","templated":true}]}}