{"id":6724,"date":"2024-02-15T19:30:05","date_gmt":"2024-02-15T19:30:05","guid":{"rendered":"https:\/\/karandoogo.com\/?post_type=product&#038;p=6724"},"modified":"2025-10-19T13:32:29","modified_gmt":"2025-10-19T13:32:29","slug":"expose-complet-sur-la-tragedie-du-roi-christophe-de-aime-cesaire","status":"publish","type":"product","link":"https:\/\/karandoogo.com\/index.php\/produit\/expose-complet-sur-la-tragedie-du-roi-christophe-de-aime-cesaire\/","title":{"rendered":"Expos\u00e9 complet sur la trag\u00e9die du Roi Christophe de Aim\u00e9 C\u00e9saire"},"content":{"rendered":"","protected":false},"excerpt":{"rendered":"<p><strong>NB:<\/strong>\u00a0Les documents mis \u00e0 disposition sur ce site sont des documents \u00e0 exploiter, autrement dit des compl\u00e9ments pour parfaire votre travail. Ils ne sont pas faits pour \u00eatre pr\u00e9sent\u00e9s \u00e0 l\u2019\u00e9tat.<\/p>\n<p><strong><u>INTRODUCTION<\/u><\/strong><\/p>\n<ol>\n<li><u><\/u> <strong><u>\u00c9TUDE DE L&rsquo;AUTEUR<\/u><\/strong><\/li>\n<\/ol>\n<p><strong><u>1.<\/u><\/strong><strong><u>B<\/u><\/strong><strong><u>iographie<\/u><\/strong><\/p>\n<p><strong><u>2.<\/u><\/strong><strong><u>B<\/u><\/strong><strong><u>ibliographie<\/u><\/strong><\/p>\n<ol>\n<li><u><\/u> <strong><u>\u00c9TUDE DE L&rsquo;\u0152UVRE<\/u><\/strong><\/li>\n<li><strong><u> R\u00e9sum\u00e9<\/u><\/strong><\/li>\n<li><strong><u> \u00c9tude th\u00e9matiques<\/u><\/strong><\/li>\n<\/ol>\n<p><strong><u>III. PORT\u00c9E DE L&rsquo;\u0152UVRE<\/u><\/strong><\/p>\n<p><strong><u>CONCLUSION<\/u><\/strong><\/p>\n<p>&nbsp;<\/p>\n<p><strong><u>INTRODUCTION :<\/u><\/strong><\/p>\n<p>La trag\u00e9die du Roi Christophe est une pi\u00e8ce de th\u00e9\u00e2tre \u00e9crite par Aim\u00e9 C\u00e9saire en 1963. Elle met en sc\u00e8ne l&rsquo;histoire d&rsquo;Ha\u00efti apr\u00e8s la r\u00e9volution, en se concentrant sur la lutte du peuple ha\u00eftien pour sa libert\u00e9 et le combat men\u00e9 par Henri Christophe pour restaurer la grandeur de son pays. Dans cet expos\u00e9, nous allons \u00e9tudier \u00e0 la fois l&rsquo;auteur et son \u0153uvre, ainsi que la port\u00e9e de cette derni\u00e8re.<\/p>\n<p>La trag\u00e9die du Roi Christophe, \u00e9crite par Aim\u00e9 C\u00e9saire en 1963, est une pi\u00e8ce de th\u00e9\u00e2tre qui explore l&rsquo;histoire d&rsquo;Ha\u00efti apr\u00e8s la r\u00e9volution et met en lumi\u00e8re les luttes et les aspirations du peuple ha\u00eftien. Cette \u0153uvre captivante se concentre notamment sur le personnage d&rsquo;Henri Christophe, qui incarne \u00e0 la fois un leader charismatique et un tyran controvers\u00e9. Dans cet expos\u00e9, nous allons analyser en d\u00e9tail les th\u00e8mes et les motifs pr\u00e9sents dans la pi\u00e8ce, examiner les techniques litt\u00e9raires utilis\u00e9es par C\u00e9saire pour transmettre ses id\u00e9es et discuter de la port\u00e9e et de l&rsquo;impact de cette \u0153uvre dans le contexte de la litt\u00e9rature francophone et de l&rsquo;histoire d&rsquo;Ha\u00efti. En explorant la trag\u00e9die du Roi Christophe, nous aurons l&rsquo;occasion d&rsquo;approfondir notre compr\u00e9hension des luttes pour la libert\u00e9, de la complexit\u00e9 du pouvoir et des questions d&rsquo;identit\u00e9 et de justice qui continuent de r\u00e9sonner dans le monde d&rsquo;aujourd&rsquo;hui.<\/p>\n<p>&nbsp;<\/p>\n<ol>\n<li><strong><u> \u00c9TUDE DE L\u2019AUTEUR :<\/u><\/strong><\/li>\n<li><strong><u> Biographie :<\/u><\/strong><\/li>\n<\/ol>\n<p>Aim\u00e9 C\u00e9saire \u00e9tait un \u00e9crivain et homme politique martiniquais, n\u00e9 le 26 juin 1913 et d\u00e9c\u00e9d\u00e9 le 17 avril 2008. Il est consid\u00e9r\u00e9 comme l&rsquo;un des plus grands po\u00e8tes et dramaturges du mouvement de la n\u00e9gritude. C\u00e9saire a \u00e9t\u00e9 tr\u00e8s actif dans la lutte contre le colonialisme et a jou\u00e9 un r\u00f4le cl\u00e9 dans la reconnaissance de la culture africaine et antillaise. Il est un po\u00e8te et homme politique martiniquais, est une figure majeure de la litt\u00e9rature francophone du XXe si\u00e8cle. Il est consid\u00e9r\u00e9 comme l&rsquo;un des fondateurs du mouvement de la n\u00e9gritude, un courant litt\u00e9raire et culturel qui revendique la fiert\u00e9 et l&rsquo;affirmation de l&rsquo;identit\u00e9 noire. C\u00e9saire \u00e9tait profond\u00e9ment engag\u00e9 dans la lutte pour la libert\u00e9 et la dignit\u00e9 des peuples colonis\u00e9s, et ses \u00e9crits refl\u00e8tent souvent ses convictions politiques et ses id\u00e9aux humanistes.<\/p>\n<p>&nbsp;<\/p>\n<p>&nbsp;<\/p>\n<ol start=\"2\">\n<li><strong><u> Bibliographie :<\/u><\/strong><\/li>\n<\/ol>\n<p>&#8211; Cahier d&rsquo;un retour au pays natal (1939)<\/p>\n<p>&#8211; Les armes miraculeuses (1946)<\/p>\n<p>&#8211; Discours sur le colonialisme (1950)<\/p>\n<p>&#8211; La trag\u00e9die du Roi Christophe (1963)<\/p>\n<p>&#8211; Une saison au Congo (1966)<\/p>\n<p>&nbsp;<\/p>\n<ol>\n<li><strong><u> \u00c9TUDE DE L\u2019\u0152UVRE :<\/u><\/strong><\/li>\n<\/ol>\n<p>&nbsp;<\/p>\n<ol>\n<li><strong><u> R\u00e9sum\u00e9 :<\/u><\/strong><\/li>\n<\/ol>\n<p>La trag\u00e9die du Roi Christophe se d\u00e9roule apr\u00e8s la r\u00e9volution ha\u00eftienne, qui a abouti \u00e0 l&rsquo;ind\u00e9pendance d&rsquo;Ha\u00efti en 1804. Henri Christophe, un ancien esclave, est nomm\u00e9 Pr\u00e9sident de la R\u00e9publique par le S\u00e9nat ha\u00eftien. Cependant&#8230;<\/p>\n<p>Pour obtenir l&rsquo;expos\u00e9 complet coontactez\u00a0 le +226 56196345 (WhatsApp Uniquement)<\/p>\n","protected":false},"featured_media":831,"template":"","meta":{"jetpack_publicize_message":"","jetpack_publicize_feature_enabled":true,"jetpack_social_post_already_shared":false,"jetpack_social_options":{"image_generator_settings":{"template":"highway","default_image_id":0,"font":"","enabled":false},"version":2}},"product_brand":[],"product_cat":[544,598],"product_tag":[1171,1170],"class_list":{"0":"post-6724","1":"product","2":"type-product","3":"status-publish","4":"has-post-thumbnail","6":"product_cat-exposes","7":"product_cat-litterature","8":"product_tag-aime-cesaire","9":"product_tag-la-tragedie-du-roi-christophe","11":"first","12":"instock","13":"downloadable","14":"virtual","15":"sold-individually","16":"purchasable","17":"product-type-simple"},"aioseo_notices":[],"jetpack_publicize_connections":[],"jetpack-related-posts":[],"jetpack_sharing_enabled":true,"_links":{"self":[{"href":"https:\/\/karandoogo.com\/index.php\/wp-json\/wp\/v2\/product\/6724","targetHints":{"allow":["GET"]}}],"collection":[{"href":"https:\/\/karandoogo.com\/index.php\/wp-json\/wp\/v2\/product"}],"about":[{"href":"https:\/\/karandoogo.com\/index.php\/wp-json\/wp\/v2\/types\/product"}],"wp:featuredmedia":[{"embeddable":true,"href":"https:\/\/karandoogo.com\/index.php\/wp-json\/wp\/v2\/media\/831"}],"wp:attachment":[{"href":"https:\/\/karandoogo.com\/index.php\/wp-json\/wp\/v2\/media?parent=6724"}],"wp:term":[{"taxonomy":"product_brand","embeddable":true,"href":"https:\/\/karandoogo.com\/index.php\/wp-json\/wp\/v2\/product_brand?post=6724"},{"taxonomy":"product_cat","embeddable":true,"href":"https:\/\/karandoogo.com\/index.php\/wp-json\/wp\/v2\/product_cat?post=6724"},{"taxonomy":"product_tag","embeddable":true,"href":"https:\/\/karandoogo.com\/index.php\/wp-json\/wp\/v2\/product_tag?post=6724"}],"curies":[{"name":"wp","href":"https:\/\/api.w.org\/{rel}","templated":true}]}}