{"id":6732,"date":"2024-02-15T21:45:53","date_gmt":"2024-02-15T21:45:53","guid":{"rendered":"https:\/\/karandoogo.com\/?post_type=product&#038;p=6732"},"modified":"2025-10-19T13:32:29","modified_gmt":"2025-10-19T13:32:29","slug":"expose-complet-sur-le-roman-la-bible-et-le-fusil-de-maurice-bandaman","status":"publish","type":"product","link":"https:\/\/karandoogo.com\/index.php\/produit\/expose-complet-sur-le-roman-la-bible-et-le-fusil-de-maurice-bandaman\/","title":{"rendered":"Expos\u00e9 complet sur le roman \u00a0\u00bbLa Bible et le Fusil\u00a0\u00bb de Maurice Bandaman"},"content":{"rendered":"","protected":false},"excerpt":{"rendered":"<p><strong>NB:<\/strong>\u00a0Les documents mis \u00e0 disposition sur ce site sont des documents \u00e0 exploiter, autrement dit des compl\u00e9ments pour parfaire votre travail. Ils ne sont pas faits pour \u00eatre pr\u00e9sent\u00e9s \u00e0 l\u2019\u00e9tat.<\/p>\n<p>&nbsp;<\/p>\n<p>Introduction<\/p>\n<p>I.Etude de l\u2019auteur<\/p>\n<p>1.Biographie<\/p>\n<p>2.Bibliographie<\/p>\n<p>II.Etude de l\u2019\u0153uvre<\/p>\n<p>1.Resum\u00e9<\/p>\n<p>2.personnages<\/p>\n<p>III. Etude th\u00e9matique<\/p>\n<p>Conclusion<\/p>\n<p>&nbsp;<\/p>\n<p>Introduction :<\/p>\n<p>Le roman \u00ab\u00a0La Bible et le Fusil\u00a0\u00bb de Maurice Bandaman est une \u0153uvre litt\u00e9raire qui a \u00e9t\u00e9 publi\u00e9e en 1997 par les \u00e9ditions Ceda Abidjan. Ce roman explore des th\u00e8mes profonds et complexes tels que la religion, la politique et la violence, offrant ainsi une r\u00e9flexion sur la soci\u00e9t\u00e9 africaine contemporaine. L&rsquo;auteur, Maurice Bandaman, est un \u00e9crivain ivoirien reconnu pour son style d&rsquo;\u00e9criture engag\u00e9 et sa capacit\u00e9 \u00e0 aborder des sujets sensibles avec finesse et profondeur.<\/p>\n<p>Dans cet expos\u00e9, nous allons analyser les diff\u00e9rents aspects de \u00ab\u00a0La Bible et le Fusil\u00a0\u00bb en mettant l&rsquo;accent sur les th\u00e8mes abord\u00e9s, les personnages et l&rsquo;\u00e9criture de l&rsquo;auteur. Nous examinerons \u00e9galement l&rsquo;impact de ce roman dans le paysage litt\u00e9raire africain et son importance dans la compr\u00e9hension des r\u00e9alit\u00e9s sociales et politiques de l&rsquo;\u00e9poque.<\/p>\n<p>I.Etude de l\u2019auteur<\/p>\n<p>1.Biographie<\/p>\n<p>Maurice Bandaman, n\u00e9 le 19 avril 1962 \u00e0 Toumodi en C\u00f4te d\u2019Ivoire, est un \u00e9crivain, romancier, dramaturge et homme politique ivoirien. \u00a0Maurice Bandaman a \u00e9t\u00e9 laur\u00e9at du Grand prix litt\u00e9raire d\u2019Afrique noire en&#8230;<\/p>\n<p>Pour obtenir l&rsquo;expos\u00e9 complet coontactez\u00a0 le +226 56196345 (WhatsApp Uniquement)<\/p>\n","protected":false},"featured_media":831,"template":"","meta":{"jetpack_publicize_message":"","jetpack_publicize_feature_enabled":true,"jetpack_social_post_already_shared":false,"jetpack_social_options":{"image_generator_settings":{"template":"highway","default_image_id":0,"font":"","enabled":false},"version":2}},"product_brand":[],"product_cat":[544,598,546],"product_tag":[1174,1175,1168],"class_list":{"0":"post-6732","1":"product","2":"type-product","3":"status-publish","4":"has-post-thumbnail","6":"product_cat-exposes","7":"product_cat-litterature","8":"product_cat-societe","9":"product_tag-la-bible-et-le-fusil","10":"product_tag-maurice-bandaman","11":"product_tag-roman","13":"first","14":"instock","15":"downloadable","16":"virtual","17":"sold-individually","18":"purchasable","19":"product-type-simple"},"aioseo_notices":[],"jetpack_publicize_connections":[],"jetpack-related-posts":[],"jetpack_sharing_enabled":true,"_links":{"self":[{"href":"https:\/\/karandoogo.com\/index.php\/wp-json\/wp\/v2\/product\/6732","targetHints":{"allow":["GET"]}}],"collection":[{"href":"https:\/\/karandoogo.com\/index.php\/wp-json\/wp\/v2\/product"}],"about":[{"href":"https:\/\/karandoogo.com\/index.php\/wp-json\/wp\/v2\/types\/product"}],"wp:featuredmedia":[{"embeddable":true,"href":"https:\/\/karandoogo.com\/index.php\/wp-json\/wp\/v2\/media\/831"}],"wp:attachment":[{"href":"https:\/\/karandoogo.com\/index.php\/wp-json\/wp\/v2\/media?parent=6732"}],"wp:term":[{"taxonomy":"product_brand","embeddable":true,"href":"https:\/\/karandoogo.com\/index.php\/wp-json\/wp\/v2\/product_brand?post=6732"},{"taxonomy":"product_cat","embeddable":true,"href":"https:\/\/karandoogo.com\/index.php\/wp-json\/wp\/v2\/product_cat?post=6732"},{"taxonomy":"product_tag","embeddable":true,"href":"https:\/\/karandoogo.com\/index.php\/wp-json\/wp\/v2\/product_tag?post=6732"}],"curies":[{"name":"wp","href":"https:\/\/api.w.org\/{rel}","templated":true}]}}