{"id":7105,"date":"2024-04-18T01:19:01","date_gmt":"2024-04-18T01:19:01","guid":{"rendered":"https:\/\/karandoogo.com\/?post_type=product&#038;p=7105"},"modified":"2025-10-19T13:32:29","modified_gmt":"2025-10-19T13:32:29","slug":"expose-complet-sur-un-cauchemar-pour-les-hommes-de-boubacar-dao","status":"publish","type":"product","link":"https:\/\/karandoogo.com\/index.php\/produit\/expose-complet-sur-un-cauchemar-pour-les-hommes-de-boubacar-dao\/","title":{"rendered":"Expos\u00e9 complet sur un cauchemar pour les hommes de Boubacar Dao"},"content":{"rendered":"","protected":false},"excerpt":{"rendered":"<p><strong>NB:<\/strong>\u00a0Les documents mis \u00e0 disposition sur ce site sont des documents \u00e0 exploiter, autrement dit des compl\u00e9ments pour parfaire votre travail. Ils ne sont pas faits pour \u00eatre pr\u00e9sent\u00e9s \u00e0 l\u2019\u00e9tat.<\/p>\n<p>Introduction<\/p>\n<p>I.Etude de l\u2019auteur<\/p>\n<p>1.Biographie<\/p>\n<p>2.Bibliographie<\/p>\n<p>II.Etude de l\u2019oeuvre<\/p>\n<p>1.R\u00e9sum\u00e9<\/p>\n<p>2.Etude des personnages<\/p>\n<p>3.Etude th\u00e9matique<\/p>\n<ol>\n<li>a) principal<\/li>\n<li>b) secondaire<\/li>\n<\/ol>\n<p>III.Port\u00e9e de l\u2019oeuvre<\/p>\n<p>Conclusion<\/p>\n<p>&nbsp;<\/p>\n<p>&nbsp;<\/p>\n<p>Introduction<\/p>\n<p>&nbsp;<\/p>\n<p>\u00ab\u00a0Cauchemar des hommes\u00a0\u00bb d\u2019 Aboubacar Dao est une \u0153uvre litt\u00e9raire explore un th\u00e8me peu abord\u00e9 dans la litt\u00e9rature contemporaine, celui de la polyandrie. La polyandrie, qui d\u00e9signe le fait pour une femme d&rsquo;avoir plusieurs partenaires sans \u00eatre mari\u00e9e, est ici au c\u0153ur de l&rsquo;histoire, nous invitant \u00e0 r\u00e9fl\u00e9chir sur les normes sociales et les relations humaines. Au travers du r\u00eave d&rsquo;une femme qui d\u00e9cide de prendre plusieurs \u00e9poux apr\u00e8s avoir v\u00e9cu de nombreuses d\u00e9ceptions, l&rsquo;auteur soul\u00e8ve des questions pertinentes sur la place des femmes dans nos soci\u00e9t\u00e9s et l&rsquo;expression de leur libert\u00e9. Dans cette pr\u00e9sentation, nous allons explorer les diff\u00e9rentes facettes de cette \u0153uvre intrigante et analyser comment Aboubacar Dao nous am\u00e8ne \u00e0 prendre conscience de l&rsquo;existence de la polyandrie dans nos soci\u00e9t\u00e9s, m\u00eame si elle n&rsquo;est pas officiellement reconnue par le mariage.<\/p>\n<p>&nbsp;<\/p>\n<p>I.Etude de l\u2019auteur<\/p>\n<p>1.Biographie<\/p>\n<p>&nbsp;<\/p>\n<p>Koba Boubacar Dao, com\u00e9dien, metteur en sc\u00e8ne et dramaturge burkinab\u00e8, est le Pr\u00e9sident de la Soci\u00e9t\u00e9 des Auteurs, des Gens de l&rsquo;\u00c9crit et des Savoirs (SAGES) depuis septembre 2017. La SAGES regroupe la plupart des \u00e9crivains burkinab\u00e8 et \u0153uvre pour la promotion et la protection des droits des cr\u00e9ateurs. C\u2019est un artiste polyvalent, impliqu\u00e9 dans plusieurs fili\u00e8res artistiques, dont la musique, l\u2019audiovisuel, les arts de la sc\u00e8ne, les arts plastiques et graphiques, et bien s\u00fbr, la litt\u00e9rature. En tant que directeur artistique de la Compagnie Ath\u00e9na Th\u00e9\u00e2tre, il a contribu\u00e9 au d\u00e9veloppement du th\u00e9\u00e2tre au Burkina Faso.<\/p>\n<p>La SAGES a organis\u00e9 des d\u00e9dicaces, des conseils, la Rentr\u00e9e litt\u00e9raire du Faso, des caf\u00e9s litt\u00e9raires, des tourn\u00e9es dans les \u00e9coles, et a particip\u00e9 aux \u00e9ditions du Salon international du Livre de Ouagadougou (FILO). Koba Boubacar Dao, par son engagement et ses actions, contribue \u00e0 la vitalit\u00e9 de la litt\u00e9rature burkinab\u00e8 et \u00e0 la reconnaissance des droits des auteurs.<\/p>\n<p>En 2019, il a \u00e9t\u00e9 d\u00e9sign\u00e9 ambassadeur du Bureau Burkinab\u00e8 du Droit d\u2019Auteur (BBDA) pour avoir&#8230;&#8230;Pour obtenir l&rsquo;expos\u00e9 complet coontactez\u00a0 le +226 56196345 (WhatsApp Uniquement)<\/p>\n","protected":false},"featured_media":831,"template":"","meta":{"jetpack_publicize_message":"","jetpack_publicize_feature_enabled":true,"jetpack_social_post_already_shared":false,"jetpack_social_options":{"image_generator_settings":{"template":"highway","default_image_id":0,"font":"","enabled":false},"version":2}},"product_brand":[],"product_cat":[544,598,547],"product_tag":[1192,1193,636],"class_list":{"0":"post-7105","1":"product","2":"type-product","3":"status-publish","4":"has-post-thumbnail","6":"product_cat-exposes","7":"product_cat-litterature","8":"product_cat-litterature-africaine","9":"product_tag-boubacar-dao","10":"product_tag-cauchemar-pour-les-hommes","11":"product_tag-litterature","13":"first","14":"instock","15":"downloadable","16":"virtual","17":"sold-individually","18":"purchasable","19":"product-type-simple"},"aioseo_notices":[],"jetpack_publicize_connections":[],"jetpack-related-posts":[],"jetpack_sharing_enabled":true,"_links":{"self":[{"href":"https:\/\/karandoogo.com\/index.php\/wp-json\/wp\/v2\/product\/7105","targetHints":{"allow":["GET"]}}],"collection":[{"href":"https:\/\/karandoogo.com\/index.php\/wp-json\/wp\/v2\/product"}],"about":[{"href":"https:\/\/karandoogo.com\/index.php\/wp-json\/wp\/v2\/types\/product"}],"wp:featuredmedia":[{"embeddable":true,"href":"https:\/\/karandoogo.com\/index.php\/wp-json\/wp\/v2\/media\/831"}],"wp:attachment":[{"href":"https:\/\/karandoogo.com\/index.php\/wp-json\/wp\/v2\/media?parent=7105"}],"wp:term":[{"taxonomy":"product_brand","embeddable":true,"href":"https:\/\/karandoogo.com\/index.php\/wp-json\/wp\/v2\/product_brand?post=7105"},{"taxonomy":"product_cat","embeddable":true,"href":"https:\/\/karandoogo.com\/index.php\/wp-json\/wp\/v2\/product_cat?post=7105"},{"taxonomy":"product_tag","embeddable":true,"href":"https:\/\/karandoogo.com\/index.php\/wp-json\/wp\/v2\/product_tag?post=7105"}],"curies":[{"name":"wp","href":"https:\/\/api.w.org\/{rel}","templated":true}]}}