{"id":7114,"date":"2024-04-18T01:37:59","date_gmt":"2024-04-18T01:37:59","guid":{"rendered":"https:\/\/karandoogo.com\/?post_type=product&#038;p=7114"},"modified":"2025-10-19T13:32:28","modified_gmt":"2025-10-19T13:32:28","slug":"expose-complet-sur-loeuvre-le-fou-de-jean-pierre-guingane","status":"publish","type":"product","link":"https:\/\/karandoogo.com\/index.php\/produit\/expose-complet-sur-loeuvre-le-fou-de-jean-pierre-guingane\/","title":{"rendered":"Expos\u00e9 complet sur l&rsquo;\u0153uvre Le fou de Jean Pierre Guingan\u00e9"},"content":{"rendered":"","protected":false},"excerpt":{"rendered":"<p><strong>NB<\/strong>: Les documents mis \u00e0 disposition sur ce site sont des documents \u00e0 exploiter, autrement dit des compl\u00e9ments pour parfaire votre travail. Ils ne sont pas faits pour \u00eatre pr\u00e9sent\u00e9s \u00e0 l\u2019\u00e9tat.<\/p>\n<p>Introduction<\/p>\n<ol>\n<li>Pr\u00e9sentation de l&rsquo;auteur et de son \u0153uvre\n<ul>\n<li>L\u2019auteur<\/li>\n<li>L\u2019\u0153uvre<\/li>\n<li>Synopsis de l\u2019\u0153uvre<\/li>\n<\/ul>\n<\/li>\n<li>Analyse de l&rsquo;exploitation du fou et de la folie\n<ol>\n<li>Le personnage du fou<\/li>\n<li>La folie comme critique sociale<\/li>\n<li>La folie comme moyen d\u2019expression<\/li>\n<li>L\u2019exploitation du fou comme \u00e9l\u00e9ment dramatique<\/li>\n<\/ol>\n<\/li>\n<\/ol>\n<ul>\n<li>La critique sociale dans \u00ab\u00a0Le fou\u00a0\u00bb.\n<ol>\n<li>D\u00e9nonciation de la d\u00e9gradation sociale\u00a0:<\/li>\n<li>Critique des autorit\u00e9s\u00a0:<\/li>\n<li>Participation collective \u00e0 l\u2019effondrement de la soci\u00e9t\u00e9\u00a0:<\/li>\n<li>Choix du th\u00e9\u00e2tre comme moyen de critique sociale\u00a0:<\/li>\n<\/ol>\n<\/li>\n<\/ul>\n<p>Conclusion<\/p>\n<p>&nbsp;<\/p>\n<p>Introduction<\/p>\n<p>L\u2019\u0153uvre \u00ab\u00a0Le fou\u00a0\u00bb de Jean Pierre Guingan\u00e9 est une pi\u00e8ce de th\u00e9\u00e2tre qui aborde la d\u00e9gradation et la d\u00e9g\u00e9n\u00e9rescence sociale dans la soci\u00e9t\u00e9 burkinab\u00e9. Dans cet expos\u00e9, nous allons analyser en d\u00e9tail cette \u0153uvre, en mettant l\u2019accent sur l\u2019exploitation du fou et de la folie comme moyen de lib\u00e9ration.<\/p>\n<ol>\n<li>Pr\u00e9sentation de l\u2019auteur et de son \u0153uvre\n<ul>\n<li>L\u2019auteur<\/li>\n<\/ul>\n<\/li>\n<\/ol>\n<p>Jean Pierre Guingan\u00e9 \u00e9tait un \u00e9minent acteur, metteur en sc\u00e8ne et dramaturge burkinab\u00e9 consid\u00e9r\u00e9 comme l&rsquo;un des pionniers du th\u00e9\u00e2tre francophone en Afrique subsaharienne. Il est n\u00e9 le 11 juillet 1947 \u00e0 Garango, au Burkina Faso, et d\u00e9c\u00e9d\u00e9 le 23 janvier 2011. \u00c9ducation et carri\u00e8re acad\u00e9mique : &#8211; Guingan\u00e9 a effectu\u00e9 ses \u00e9tudes secondaires \u00e0 Bobo Dioulasso et a obtenu son baccalaur\u00e9at au CE-SUP, Centre des Enseignements Sup\u00e9rieurs, en Langues Modernes et Litt\u00e9ratures Contemporaines de l&rsquo;Universit\u00e9 de Ouagadougou). &#8211; Il poursuit ses \u00e9tudes en France \u00e0 l&rsquo;Universit\u00e9 de Bordeaux III, o\u00f9 il obtient une ma\u00eetrise en 1973. En 1977, il compl\u00e8te son parcours acad\u00e9mique par un doctorat ax\u00e9 sur le d\u00e9veloppement culturel et le th\u00e9\u00e2tre en Afrique, plus pr\u00e9cis\u00e9ment le cas du Burkina Faso. . &#8211; Guingan\u00e9 a occup\u00e9 diverses fonctions acad\u00e9miques et administratives \u00e0 l&rsquo;Universit\u00e9 de Ouagadougou, dont celles de doyen de la Facult\u00e9 des Langues, Lettres, Arts et Sciences Humaines (FLASHS) de 1991 \u00e0 1994 et chef du D\u00e9partement de Langues Vivantes [). &#8211; Il a \u00e9galement \u00e9t\u00e9 chercheur universitaire en \u00e9tudes th\u00e9\u00e2trales \u00e0 l&rsquo;Institut Sup\u00e9rieur des Lettres, des Langues et des Arts (INSULLA) et directeur du D\u00e9partement de Langues Modernes. &#8211; Guingan\u00e9 a apport\u00e9 une contribution significative au secteur administratif, en tant que secr\u00e9taire g\u00e9n\u00e9ral du minist\u00e8re de l&rsquo;Enseignement sup\u00e9rieur et de la Recherche scientifique de 1980 \u00e0 1982 et en tant que secr\u00e9taire d&rsquo;\u00c9tat aux Arts et \u00e0 la Culture aupr\u00e8s du pr\u00e9sident du Burkina Faso \u00e0 partir du&#8230;.Pour obtenir l&rsquo;expos\u00e9 complet coontactez\u00a0 le +226 56196345 (WhatsApp Uniquement).<\/p>\n","protected":false},"featured_media":831,"template":"","meta":{"jetpack_publicize_message":"","jetpack_publicize_feature_enabled":true,"jetpack_social_post_already_shared":false,"jetpack_social_options":{"image_generator_settings":{"template":"highway","default_image_id":0,"font":"","enabled":false},"version":2}},"product_brand":[],"product_cat":[544,598,547],"product_tag":[1161,1196,1195],"class_list":{"0":"post-7114","1":"product","2":"type-product","3":"status-publish","4":"has-post-thumbnail","6":"product_cat-exposes","7":"product_cat-litterature","8":"product_cat-litterature-africaine","9":"product_tag-jean-pierre-guingane","10":"product_tag-le-fou","11":"product_tag-litterature-burkinabe","13":"first","14":"instock","15":"downloadable","16":"virtual","17":"sold-individually","18":"purchasable","19":"product-type-simple"},"aioseo_notices":[],"jetpack_publicize_connections":[],"jetpack-related-posts":[],"jetpack_sharing_enabled":true,"_links":{"self":[{"href":"https:\/\/karandoogo.com\/index.php\/wp-json\/wp\/v2\/product\/7114","targetHints":{"allow":["GET"]}}],"collection":[{"href":"https:\/\/karandoogo.com\/index.php\/wp-json\/wp\/v2\/product"}],"about":[{"href":"https:\/\/karandoogo.com\/index.php\/wp-json\/wp\/v2\/types\/product"}],"wp:featuredmedia":[{"embeddable":true,"href":"https:\/\/karandoogo.com\/index.php\/wp-json\/wp\/v2\/media\/831"}],"wp:attachment":[{"href":"https:\/\/karandoogo.com\/index.php\/wp-json\/wp\/v2\/media?parent=7114"}],"wp:term":[{"taxonomy":"product_brand","embeddable":true,"href":"https:\/\/karandoogo.com\/index.php\/wp-json\/wp\/v2\/product_brand?post=7114"},{"taxonomy":"product_cat","embeddable":true,"href":"https:\/\/karandoogo.com\/index.php\/wp-json\/wp\/v2\/product_cat?post=7114"},{"taxonomy":"product_tag","embeddable":true,"href":"https:\/\/karandoogo.com\/index.php\/wp-json\/wp\/v2\/product_tag?post=7114"}],"curies":[{"name":"wp","href":"https:\/\/api.w.org\/{rel}","templated":true}]}}