{"id":7117,"date":"2024-04-18T02:00:56","date_gmt":"2024-04-18T02:00:56","guid":{"rendered":"https:\/\/karandoogo.com\/?post_type=product&#038;p=7117"},"modified":"2025-10-19T13:32:28","modified_gmt":"2025-10-19T13:32:28","slug":"expose-complet-loeuvre-le-heraut-tetu-de-patrick-gomdaogo-ilboudo","status":"publish","type":"product","link":"https:\/\/karandoogo.com\/index.php\/produit\/expose-complet-loeuvre-le-heraut-tetu-de-patrick-gomdaogo-ilboudo\/","title":{"rendered":"Expos\u00e9 complet l&rsquo;\u0153uvre Le H\u00e9raut t\u00eatu de Patrick Gomdaogo Ilboudo"},"content":{"rendered":"","protected":false},"excerpt":{"rendered":"<p><strong>NB<\/strong>: Les documents mis \u00e0 disposition sur ce site sont des documents \u00e0 exploiter, autrement dit des compl\u00e9ments pour parfaire votre travail. Ils ne sont pas faits pour \u00eatre pr\u00e9sent\u00e9s \u00e0 l\u2019\u00e9tat.<\/p>\n<p><strong><u>PLAN<\/u><\/strong><\/p>\n<p><strong><u>INTRODUCTION<\/u><\/strong><\/p>\n<p><strong><em><u>I.BIOGRAPHIE ET BIBLIOGRAPHIE DE PATRICK G. ILBOUDO<\/u><\/em><\/strong><\/p>\n<p><strong><em><u>1.BIOGRAPHIE DE PATRICK ILBOUDO<\/u><\/em><\/strong><\/p>\n<p><strong><em><u>2.BIBLIOGRAPHIE DE PATRICK G. ILBOUDO<\/u><\/em><\/strong><\/p>\n<p><strong><em><u>II.RESUME DE L\u2019\u0152UVRE <\/u><\/em><\/strong><\/p>\n<p><strong><em><u>III.ETUDE DES PERSONNAGES<\/u><\/em><\/strong><\/p>\n<p><strong><em><u>IV.ETUDES TH\u00c9MATIQUES<\/u><\/em><\/strong><\/p>\n<p><strong><em><u>V.PORT\u00c9E DE L\u2019OEUVRE <\/u><\/em><\/strong><\/p>\n<p><strong><em>\u00a0\u00a0\u00a0\u00a0\u00a0\u00a0\u00a0\u00a0\u00a0\u00a0\u00a0\u00a0\u00a0\u00a0\u00a0\u00a0\u00a0\u00a0\u00a0\u00a0\u00a0\u00a0\u00a0\u00a0\u00a0\u00a0\u00a0\u00a0\u00a0\u00a0\u00a0\u00a0\u00a0\u00a0\u00a0\u00a0\u00a0\u00a0\u00a0\u00a0\u00a0\u00a0 <u>CONCLUSION<\/u><\/em><\/strong><\/p>\n<p>&nbsp;<\/p>\n<p><strong><u>INTRODUCTION<\/u><\/strong><\/p>\n<p>\u00ab\u00a0Le H\u00e9rault t\u00eatu\u00a0\u00bb est un roman de l&rsquo;\u00e9crivain burkinab\u00e9 Patrick Gomdaogo Ilboudo. Publi\u00e9 en 1991, ce livre explore des th\u00e8mes tels que l&rsquo;identit\u00e9, la r\u00e9silience et la qu\u00eate de libert\u00e9 dans un contexte africain. L&rsquo;histoire met en sc\u00e8ne le personnage principal, H\u00e9rault, un jeune homme d\u00e9termin\u00e9 \u00e0 d\u00e9fendre ses convictions et \u00e0 trouver sa propre voie dans un monde qui lui semble \u00e9troit et restrictif. \u00c0 travers ce r\u00e9cit, Ilboudo aborde \u00e9galement des questions sociales et politiques, mettant en lumi\u00e8re les injustices et les in\u00e9galit\u00e9s auxquelles sont confront\u00e9s les personnages. Dans cet expos\u00e9, nous allons explorer en d\u00e9tail les th\u00e8mes, les personnages et les messages cl\u00e9s de \u00ab\u00a0Le H\u00e9rault t\u00eatu\u00a0\u00bb.<\/p>\n<p>&nbsp;<\/p>\n<ol>\n<li><strong><u>BIOGRAPHIE ET BIBLIOGRAPHIE DE Patrick Gomdaogo ILBOUDO<\/u><\/strong><\/li>\n<li><strong><u> Sa biographie <\/u><\/strong><\/li>\n<\/ol>\n<p>Patrick Ilboudo est n\u00e9 le 18 f\u00e9vrier 1951 et mort le 28 f\u00e9vrier 1994 soit \u00e0 43 ans. Il est n\u00e9 au quartier Bilbalgo de Ouagadougou. Il a fr\u00e9quent\u00e9 l\u2019\u00e9cole primaire publique de Baoghin de Ouagadougou, puis le coll\u00e8ge priv\u00e9e Laurent Gilhat, actuel Lyc\u00e9e Saint Joseph, mais il dut interrompre ses \u00e9tudes secondaires apr\u00e8s le BEPC pour travailler afin de payer les classes suivantes qu\u2019il acheva au Coll\u00e8ge priv\u00e9e Volta actuel SPA (Secondaire le Plateau) par l\u2019obtention du Baccalaur\u00e9at en 1975.<\/p>\n<p>Il a la licence de lettres modernes de l\u2019universit\u00e9 de Ouagadougou en 1978, puis la ma\u00eetrise en 1979 avant de rejoindre l\u2019institut fran\u00e7ais de presse (IPP) de Paris qu\u2019il fr\u00e9quente pendant l\u2019ann\u00e9e universitaire 1979 \u00e0 1980.Il soutient sa th\u00e8se de doctorat du 3\u00e8 cycle en science technique de l\u2019information \u00e0 l\u2019universit\u00e9 de Paris II sur le th\u00e8me :&lt;&lt; La politique fran\u00e7aise vue par les fourneaux africains &gt;&gt; par l\u2019\u00e9tude de quatre journaux.<\/p>\n<p>De 1983 \u00e0 1985, il est nomm\u00e9 assistant \u00e0 l\u2019institut fran\u00e7ais d\u2019\u00e9tude Cin\u00e9matographique (INAFEC) de l\u2019universit\u00e9 de Ouagadougou. En 1983, il cr\u00e9e le premier mouvement associatif \u00e0 caract\u00e8re humanitaire international au Burkina Faso ; il cr\u00e9e ainsi le mouvement volta\u00efque contre le racisme et pour l\u2019amiti\u00e9 entre peuple devenu (MOVRAP) apr\u00e8s le changement du nom du pays. En 1985, il passe le repr\u00e9sentant de l\u2019UNICEF \u00e0 Ouagadougou comme charg\u00e9 de presse.<\/p>\n<p>En 1980, Patrick va initier la cr\u00e9ation de la&#8230;.Pour obtenir l&rsquo;expos\u00e9 complet coontactez\u00a0 le +226 56196345 (WhatsApp Uniquement)<\/p>\n<p>&nbsp;<\/p>\n","protected":false},"featured_media":831,"template":"","meta":{"jetpack_publicize_message":"","jetpack_publicize_feature_enabled":true,"jetpack_social_post_already_shared":false,"jetpack_social_options":{"image_generator_settings":{"template":"highway","default_image_id":0,"font":"","enabled":false},"version":2}},"product_brand":[],"product_cat":[544,598,547],"product_tag":[1197,636,1198],"class_list":{"0":"post-7117","1":"product","2":"type-product","3":"status-publish","4":"has-post-thumbnail","6":"product_cat-exposes","7":"product_cat-litterature","8":"product_cat-litterature-africaine","9":"product_tag-heraut-tetu","10":"product_tag-litterature","11":"product_tag-patrick-ilboudo","13":"first","14":"instock","15":"downloadable","16":"virtual","17":"sold-individually","18":"purchasable","19":"product-type-simple"},"aioseo_notices":[],"jetpack_publicize_connections":[],"jetpack-related-posts":[],"jetpack_sharing_enabled":true,"_links":{"self":[{"href":"https:\/\/karandoogo.com\/index.php\/wp-json\/wp\/v2\/product\/7117","targetHints":{"allow":["GET"]}}],"collection":[{"href":"https:\/\/karandoogo.com\/index.php\/wp-json\/wp\/v2\/product"}],"about":[{"href":"https:\/\/karandoogo.com\/index.php\/wp-json\/wp\/v2\/types\/product"}],"wp:featuredmedia":[{"embeddable":true,"href":"https:\/\/karandoogo.com\/index.php\/wp-json\/wp\/v2\/media\/831"}],"wp:attachment":[{"href":"https:\/\/karandoogo.com\/index.php\/wp-json\/wp\/v2\/media?parent=7117"}],"wp:term":[{"taxonomy":"product_brand","embeddable":true,"href":"https:\/\/karandoogo.com\/index.php\/wp-json\/wp\/v2\/product_brand?post=7117"},{"taxonomy":"product_cat","embeddable":true,"href":"https:\/\/karandoogo.com\/index.php\/wp-json\/wp\/v2\/product_cat?post=7117"},{"taxonomy":"product_tag","embeddable":true,"href":"https:\/\/karandoogo.com\/index.php\/wp-json\/wp\/v2\/product_tag?post=7117"}],"curies":[{"name":"wp","href":"https:\/\/api.w.org\/{rel}","templated":true}]}}