{"id":7119,"date":"2024-04-18T02:08:40","date_gmt":"2024-04-18T02:08:40","guid":{"rendered":"https:\/\/karandoogo.com\/?post_type=product&#038;p=7119"},"modified":"2025-10-19T13:32:28","modified_gmt":"2025-10-19T13:32:28","slug":"expose-complet-sur-loeuvre-le-respect-des-morts-damadou-kone","status":"publish","type":"product","link":"https:\/\/karandoogo.com\/index.php\/produit\/expose-complet-sur-loeuvre-le-respect-des-morts-damadou-kone\/","title":{"rendered":"Expos\u00e9 complet sur l\u2019\u0153uvre \u2018\u2019le respect des morts\u2019\u2019 d\u2019Amadou Kon\u00e9"},"content":{"rendered":"","protected":false},"excerpt":{"rendered":"<p>&nbsp;<\/p>\n<p><strong>NB<\/strong>: Les documents mis \u00e0 disposition sur ce site sont des documents \u00e0 exploiter, autrement dit des compl\u00e9ments pour parfaire votre travail. Ils ne sont pas faits pour \u00eatre pr\u00e9sent\u00e9s \u00e0 l\u2019\u00e9tat.<\/p>\n<p>PLAN<\/p>\n<p>INTRODUCTION<\/p>\n<ul>\n<li>BIOGRAPHIE DE L\u2019AUTEUR<\/li>\n<li>BIBLIOGRAPHIE<\/li>\n<li>R\u00c9SUM\u00c9 DE L\u2019\u0152UVRE<\/li>\n<li>ETUDE DES PERSONNAGES\u00a0:<\/li>\n<li>Personnages principaux\u00a0:<\/li>\n<li>Personnages secondaires\u00a0:<\/li>\n<li>ETUDE TH\u00c9MATIQUE\u00a0:<\/li>\n<li>Th\u00e8mes principaux<\/li>\n<li>Th\u00e8mes secondaires<\/li>\n<\/ul>\n<p>VI- RAPPORT AVEC L\u2019ACTUALIT\u00c9<\/p>\n<p>VII-PORT\u00c9E DE L\u2019OEUVRE<\/p>\n<p>CONCLUSION<\/p>\n<p>&nbsp;<\/p>\n<p>&nbsp;<\/p>\n<p>Introduction<\/p>\n<p>&nbsp;<\/p>\n<p>\u00ab\u00a0L&rsquo;\u0153uvre litt\u00e9raire Le Respect des Morts d&rsquo;Amadou Kon\u00e9 est un roman qui explore des th\u00e8mes profonds tels que la tradition, la spiritualit\u00e9 et la place des morts dans la soci\u00e9t\u00e9. Publi\u00e9 en 1974, ce roman fait partie de la diversit\u00e9 des \u00e9crits de l&rsquo;auteur ivoirien Amadou Kon\u00e9, connu pour sa contribution \u00e0 la litt\u00e9rature africaine francophone. Le Respect des Morts offre une r\u00e9flexion sur la relation entre les vivants et les morts, ainsi que sur l&rsquo;importance de pr\u00e9server les traditions ancestrales. Dans cet expos\u00e9, nous allons examiner les principaux \u00e9l\u00e9ments de cette \u0153uvre, en mettant l&rsquo;accent sur son contexte, ses th\u00e8mes et son impact.\u00a0\u00bb<\/p>\n<p>&nbsp;<\/p>\n<p>I-BIOGRAPHIE DE L\u2019AUTEUR<\/p>\n<p>Fils de D\u00e9nbi\u00e8 Soma (dit Mamadou Kon\u00e9) et de KahouSirima (dite KaridiaKoulibali), Amadou Kon\u00e9 est n\u00e9 en mai 1953 dans le petit village de Tangora dans le cercle de Banfora, au Burkina Faso actuel.<\/p>\n<p>C\u2019est \u00e0 Kongodjan, la plantation pr\u00e8s d\u2019Ayam\u00e9, qu\u2019Amadou Kon\u00e9 grandit en compagnie de ses fr\u00e8res et s\u0153urs. Il commence ses \u00e9tudes primaires en 1958, \u00e0 l&rsquo;\u00c9cole Primaire Publique d&rsquo;Assouba (Aboisso). En 1964, il rentre au Coll\u00e8ge Moderne de Grand-Bassam. Il obtient son Brevet d&rsquo;Etudes du Premier Cycle en 1968. Amadou Kon\u00e9 d\u00e9veloppe son talent d&rsquo;\u00e9crivain tr\u00e8s jeune. D\u00e9j\u00e0 en classe de quatri\u00e8me, il \u00e9crit une pi\u00e8ce th\u00e9\u00e2trale qui retrace la r\u00e9sistance \u00e0 la conqu\u00eate coloniale en Afrique : Samory de Bissandougou. En troisi\u00e8me, il \u00e9crit un roman au sujet de la traite n\u00e9gri\u00e8re : Kam\u00e9l\u00e9fata ou les ennemis de la traite. Amadou Kon\u00e9 est surtout connu pour son oeuvre Les Frasques d&rsquo;Ebinto, un roman dans lequel il pr\u00e9sente un jeune lyc\u00e9en brillant qui a d\u00fb abandonn\u00e9 les \u00e9tudes pour assumer la paternit\u00e9 d&rsquo;une grossesse. Il traite \u00e9galement de la sorcellerie dans Jusqu&rsquo;au seuil de l&rsquo;irr\u00e9el. Apr\u00e8s l&rsquo;obtention de son baccalaur\u00e9at, il poursuit ses \u00e9tudes \u00e0 la Facult\u00e9 des Lettres et Sciences Humaines de l&rsquo;Universit\u00e9 d&rsquo;Abidjan. Il continue dans l&rsquo;\u00e9criture et obtient, en 1972, le quatri\u00e8me prix du Concours Th\u00e9\u00e2tral Inter-Africain.<\/p>\n<p>Depuis 1997, Amadou Kon\u00e9 enseigne la litt\u00e9rature, la culture et l\u2019histoire africaines \u00e0 l\u2019universit\u00e9 de Georgetown \u00e0 Washington.<\/p>\n<p>&nbsp;<\/p>\n<p>II-BIBLIOGRAPHIE<\/p>\n<ul>\n<li>Samory de Bissandougou. Th\u00e9\u00e2tre (DAEC, 1970)<\/li>\n<li>Kam\u00e9l\u00e9fata ou l&rsquo;ennemi de la traite. Roman<\/li>\n<li>Les frasques d&rsquo;Ebinto. Roman (CEDA, 1975)<\/li>\n<li>Sa saintet\u00e9 le charlatan. Th\u00e9\u00e2tre<\/li>\n<li>La foi et le pouvoir. Th\u00e9\u00e2tre<\/li>\n<li>Jusqu&rsquo;au seuil de l&rsquo;irr\u00e9el. Roman (NEA, 1976)<\/li>\n<li>Les confessions d&rsquo;un sorcier. Roman<\/li>\n<li>De la chaire au tr\u00f4ne. Th\u00e9\u00e2tre<\/li>\n<li>Le respect des morts. Th\u00e9\u00e2tre<\/li>\n<li>T\u00e9r\u00e9ti. Roman<\/li>\n<li>Nuits du pass\u00e9. Contes<\/li>\n<li>La Force de vouloir. Roman \u00e9crit en collaboration avec Mary Lee Martin Kon\u00e9 (CEDA, 1978)<\/li>\n<li>Les Liens. Nouvelles (CEDA, 1980)<\/li>\n<li>Traites, sous le pouvoir des Blakoros, I. R\u00e9cit (NEA, 1980)<\/li>\n<li>Courses, sous le pouvoir des Blakoros, II. R\u00e9cit (NEA, 1982)<\/li>\n<li>Les Canaris sont vides. Th\u00e9\u00e2tre (NEA , 1983)<\/li>\n<li>Les Canaris sont vides. (CEDA, 1985)<\/li>\n<li>Les Coupeurs de t\u00eates. Roman (CEDA Sepia, 1999)<\/li>\n<li>Sigui, Siguila, Siguiya. Th\u00e9\u00e2tre (Mala\u00efka, 2006)<\/li>\n<li>L&rsquo;\u0152uf du monde. Roman (NEI CEDA, 2010)<\/li>\n<\/ul>\n<p>&nbsp;<\/p>\n<p>III-ETUDE DES PERSONNAGES\u00a0:<\/p>\n<p>1-Personnages principaux :<\/p>\n<p>Karamoko : Karamoko est le personnage principal de l&rsquo;histoire. Il est un jeune homme qui revient dans son village natal apr\u00e8s avoir v\u00e9cu en ville. Il est confront\u00e9 aux traditions et aux croyances ancestrales de son village, ce qui le pousse \u00e0 &#8230;Pour obtenir l&rsquo;expos\u00e9 complet coontactez\u00a0 le +226 56196345 (WhatsApp Uniquement)<\/p>\n","protected":false},"featured_media":831,"template":"","meta":{"jetpack_publicize_message":"","jetpack_publicize_feature_enabled":true,"jetpack_social_post_already_shared":false,"jetpack_social_options":{"image_generator_settings":{"template":"highway","default_image_id":0,"font":"","enabled":false},"version":2}},"product_brand":[],"product_cat":[544,598,547],"product_tag":[1200,1199,636],"class_list":{"0":"post-7119","1":"product","2":"type-product","3":"status-publish","4":"has-post-thumbnail","6":"product_cat-exposes","7":"product_cat-litterature","8":"product_cat-litterature-africaine","9":"product_tag-amadou-kone","10":"product_tag-le-respect-des-morts","11":"product_tag-litterature","13":"first","14":"instock","15":"downloadable","16":"virtual","17":"sold-individually","18":"purchasable","19":"product-type-simple"},"aioseo_notices":[],"jetpack_publicize_connections":[],"jetpack-related-posts":[],"jetpack_sharing_enabled":true,"_links":{"self":[{"href":"https:\/\/karandoogo.com\/index.php\/wp-json\/wp\/v2\/product\/7119","targetHints":{"allow":["GET"]}}],"collection":[{"href":"https:\/\/karandoogo.com\/index.php\/wp-json\/wp\/v2\/product"}],"about":[{"href":"https:\/\/karandoogo.com\/index.php\/wp-json\/wp\/v2\/types\/product"}],"wp:featuredmedia":[{"embeddable":true,"href":"https:\/\/karandoogo.com\/index.php\/wp-json\/wp\/v2\/media\/831"}],"wp:attachment":[{"href":"https:\/\/karandoogo.com\/index.php\/wp-json\/wp\/v2\/media?parent=7119"}],"wp:term":[{"taxonomy":"product_brand","embeddable":true,"href":"https:\/\/karandoogo.com\/index.php\/wp-json\/wp\/v2\/product_brand?post=7119"},{"taxonomy":"product_cat","embeddable":true,"href":"https:\/\/karandoogo.com\/index.php\/wp-json\/wp\/v2\/product_cat?post=7119"},{"taxonomy":"product_tag","embeddable":true,"href":"https:\/\/karandoogo.com\/index.php\/wp-json\/wp\/v2\/product_tag?post=7119"}],"curies":[{"name":"wp","href":"https:\/\/api.w.org\/{rel}","templated":true}]}}