{"id":7121,"date":"2024-04-18T02:24:38","date_gmt":"2024-04-18T02:24:38","guid":{"rendered":"https:\/\/karandoogo.com\/?post_type=product&#038;p=7121"},"modified":"2025-10-19T13:32:28","modified_gmt":"2025-10-19T13:32:28","slug":"expose-complet-sur-lalliance-des-etats-du-sahel-aes","status":"publish","type":"product","link":"https:\/\/karandoogo.com\/index.php\/produit\/expose-complet-sur-lalliance-des-etats-du-sahel-aes\/","title":{"rendered":"Expos\u00e9 complet sur l\u2019Alliance des Etats du Sahel (AES)"},"content":{"rendered":"","protected":false},"excerpt":{"rendered":"<p><strong>NB<\/strong>: Les documents mis \u00e0 disposition sur ce site sont des documents \u00e0 exploiter, autrement dit des compl\u00e9ments pour parfaire votre travail. Ils ne sont pas faits pour \u00eatre pr\u00e9sent\u00e9s \u00e0 l\u2019\u00e9tat.<\/p>\n<p>PLAN<\/p>\n<p>Introduction<\/p>\n<ol>\n<li>Objectifs de l&rsquo;Alliance des Etats du Sahel (AES)<\/li>\n<\/ol>\n<p>1- Lutte contre le terrorisme et la criminalit\u00e9 en bande organis\u00e9e<\/p>\n<p>2- Assistance mutuelle en cas d&rsquo;attaques ext\u00e9rieures<\/p>\n<p>3 &#8211; R\u00e9ponse aux menaces communes dans la r\u00e9gion<\/p>\n<p>&nbsp;<\/p>\n<ol>\n<li>Les d\u00e9fis de l&rsquo;Alliance des Etats du Sahel (AES)<\/li>\n<li>Le p\u00e9ril djihadiste<\/li>\n<li>Les moyens<\/li>\n<li>Le financement<\/li>\n<\/ol>\n<p>&nbsp;<\/p>\n<p>III. Perspectives de l&rsquo;Alliance des Etats du Sahel (AES)<\/p>\n<p>1- Chances de survie de l&rsquo;Alliance<\/p>\n<p>2- Importance de la mutualisation des forces des pays membres<\/p>\n<p>3 &#8211; Comparaison avec le G5 Sahel et ses difficult\u00e9s<\/p>\n<p>&nbsp;<\/p>\n<p>Conclusion<\/p>\n<p>&nbsp;<\/p>\n<p>Introduction<\/p>\n<p>L&rsquo;Alliance des \u00c9tats du Sahel (AES), \u00e9galement connue sous le nom d&rsquo;Alliance of Sahel States (ASS), est un pacte de d\u00e9fense mutuelle cr\u00e9\u00e9 entre le Mali, le Niger et le Burkina Faso le 16 septembre 2023. Cette alliance a \u00e9t\u00e9 form\u00e9e en r\u00e9ponse \u00e0 la crise nig\u00e9rienne de 2023, lorsque la Communaut\u00e9 \u00e9conomique des \u00c9tats de l&rsquo;Afrique de l&rsquo;Ouest (CEDEAO) a menac\u00e9 d&rsquo;intervenir militairement pour r\u00e9tablir le gouvernement civil apr\u00e8s un coup d&rsquo;\u00c9tat au Niger plus t\u00f4t cette ann\u00e9e-l\u00e0. L&rsquo;objectif d\u00e9clar\u00e9 de l&rsquo;alliance est de se prot\u00e9ger contre les menaces potentielles de r\u00e9bellion arm\u00e9e ou d&rsquo;agression ext\u00e9rieure en soulignant que \u00ab\u00a0toute attaque contre la souverainet\u00e9 et l&rsquo;int\u00e9grit\u00e9 territoriale d&rsquo;une ou plusieurs parties contractantes sera consid\u00e9r\u00e9e comme une agression contre les autres parties\u00a0\u00bb.<\/p>\n<p>&nbsp;<\/p>\n<ol>\n<li>Objectifs de l&rsquo;Alliance des Etats du Sahel (AES)<\/li>\n<\/ol>\n<p>L&rsquo;Alliance des \u00c9tats du Sahel (AES), \u00e9galement connue sous le nom de Liptako-Gourma, a \u00e9t\u00e9 cr\u00e9\u00e9e par le Mali, le Niger et le Burkina Faso le 16 septembre 2023. Cette alliance a pour objectif de faire face aux d\u00e9fis communs auxquels ces pays sont confront\u00e9s dans la r\u00e9gion du Sahel.<\/p>\n<p>&nbsp;<\/p>\n<ol>\n<li>Lutte contre le terrorisme et la criminalit\u00e9 en bande organis\u00e9e : L&rsquo;un des objectifs majeurs de l&rsquo;Alliance des \u00c9tats du Sahel est de lutter contre le terrorisme et la criminalit\u00e9 en bande organis\u00e9e qui s\u00e9vissent dans la r\u00e9gion. La r\u00e9gion du Sahel est depuis longtemps confront\u00e9e \u00e0 une insurrection djihadiste et \u00e0 des groupes terroristes tels que Boko Haram. L&rsquo;Alliance vise \u00e0 renforcer la coop\u00e9ration en mati\u00e8re de renseignement, de s\u00e9curit\u00e9 et de d\u00e9fense pour contrer ces menaces.<\/li>\n<\/ol>\n<p>&nbsp;<\/p>\n<ol start=\"2\">\n<li>Assistance mutuelle en cas d&rsquo;attaques ext\u00e9rieures : L&rsquo;Alliance des \u00c9tats du Sahel a \u00e9t\u00e9 cr\u00e9\u00e9e pour garantir une assistance mutuelle en cas d&rsquo;attaques ext\u00e9rieures contre l&rsquo;un des \u00c9tats membres. Selon l&rsquo;accord, toute attaque contre la souverainet\u00e9 et l&rsquo;int\u00e9grit\u00e9 territoriale d&rsquo;une partie contractante sera consid\u00e9r\u00e9e comme une agression contre les autres parties.<\/li>\n<\/ol>\n<p>&nbsp;<\/p>\n<p>3. R\u00e9ponse aux menaces communes dans la r\u00e9gion : L&rsquo;Alliance des \u00c9tats du Sahel vise \u00e9galement \u00e0 coordonner les efforts des \u00c9tats membres pour faire face aux menaces communes dans la r\u00e9gion. Cela inclut la lutte contre la pauvret\u00e9, la&#8230;.Pour obtenir l&rsquo;expos\u00e9 complet coontactez\u00a0 le +226 56196345 (WhatsApp Uniquement)<\/p>\n","protected":false},"featured_media":831,"template":"","meta":{"jetpack_publicize_message":"","jetpack_publicize_feature_enabled":true,"jetpack_social_post_already_shared":false,"jetpack_social_options":{"image_generator_settings":{"template":"highway","default_image_id":0,"font":"","enabled":false},"version":2}},"product_brand":[],"product_cat":[544,811,714],"product_tag":[1202,617,766,1201,1203,1126],"class_list":{"0":"post-7121","1":"product","2":"type-product","3":"status-publish","4":"has-post-thumbnail","6":"product_cat-exposes","7":"product_cat-geopolitique","8":"product_cat-politique","9":"product_tag-aes","10":"product_tag-afrique-de-louest","11":"product_tag-burkina","12":"product_tag-france-afrique","13":"product_tag-mali","14":"product_tag-niger","16":"first","17":"instock","18":"downloadable","19":"virtual","20":"sold-individually","21":"purchasable","22":"product-type-simple"},"aioseo_notices":[],"jetpack_publicize_connections":[],"jetpack-related-posts":[],"jetpack_sharing_enabled":true,"_links":{"self":[{"href":"https:\/\/karandoogo.com\/index.php\/wp-json\/wp\/v2\/product\/7121","targetHints":{"allow":["GET"]}}],"collection":[{"href":"https:\/\/karandoogo.com\/index.php\/wp-json\/wp\/v2\/product"}],"about":[{"href":"https:\/\/karandoogo.com\/index.php\/wp-json\/wp\/v2\/types\/product"}],"wp:featuredmedia":[{"embeddable":true,"href":"https:\/\/karandoogo.com\/index.php\/wp-json\/wp\/v2\/media\/831"}],"wp:attachment":[{"href":"https:\/\/karandoogo.com\/index.php\/wp-json\/wp\/v2\/media?parent=7121"}],"wp:term":[{"taxonomy":"product_brand","embeddable":true,"href":"https:\/\/karandoogo.com\/index.php\/wp-json\/wp\/v2\/product_brand?post=7121"},{"taxonomy":"product_cat","embeddable":true,"href":"https:\/\/karandoogo.com\/index.php\/wp-json\/wp\/v2\/product_cat?post=7121"},{"taxonomy":"product_tag","embeddable":true,"href":"https:\/\/karandoogo.com\/index.php\/wp-json\/wp\/v2\/product_tag?post=7121"}],"curies":[{"name":"wp","href":"https:\/\/api.w.org\/{rel}","templated":true}]}}