{"id":7174,"date":"2024-04-27T20:11:10","date_gmt":"2024-04-27T20:11:10","guid":{"rendered":"https:\/\/karandoogo.com\/?post_type=product&#038;p=7174"},"modified":"2025-10-19T13:32:28","modified_gmt":"2025-10-19T13:32:28","slug":"expose-complet-sur-loeuvre-triade-de-sang-de-dramane-konate","status":"publish","type":"product","link":"https:\/\/karandoogo.com\/index.php\/produit\/expose-complet-sur-loeuvre-triade-de-sang-de-dramane-konate\/","title":{"rendered":"Expos\u00e9 complet sur l\u2019\u0153uvre \u00a0\u00bbTriade de sang\u00a0\u00bb de Dramane Konat\u00e9"},"content":{"rendered":"","protected":false},"excerpt":{"rendered":"<p><strong>NB:<\/strong>\u00a0Les documents mis \u00e0 disposition sur ce site sont des documents \u00e0 exploiter, autrement dit des compl\u00e9ments pour parfaire votre travail. Ils ne sont pas faits pour \u00eatre pr\u00e9sent\u00e9s \u00e0 l\u2019\u00e9tat.<\/p>\n<p>Introduction<\/p>\n<p>I-Etude de l\u2019auteur<\/p>\n<p>1-Biographie<\/p>\n<p>2-Bibliographie<\/p>\n<p>II-R\u00e9sum\u00e9 de l\u2019\u0153uvre<\/p>\n<p>III-Etude des personnages<\/p>\n<p>IV-Etude th\u00e9matique<\/p>\n<p>VII-Port\u00e9e de l\u2019\u0153uvre<\/p>\n<p>Conclusion<\/p>\n<p>&nbsp;<\/p>\n<p>&nbsp;<\/p>\n<p>Introduction<\/p>\n<p>L&rsquo;\u0153uvre \u00ab\u00a0Triade de sang\u00a0\u00bb de l&rsquo;auteur burkinab\u00e8 Dramane Konat\u00e9 est un roman qui aborde le th\u00e8me de l&rsquo;extr\u00e9misme violent et de la menace terroriste qui p\u00e8se sur les peuples et les nations. Ce livre a suscit\u00e9 l&rsquo;int\u00e9r\u00eat du public et a m\u00eame \u00e9t\u00e9 adapt\u00e9 en film. Dans cet expos\u00e9, nous allons explorer les principales caract\u00e9ristiques de cette \u0153uvre, son contexte et son message.<\/p>\n<p>&nbsp;<\/p>\n<p>I-Etude de l\u2019auteur<\/p>\n<p>1-Biographie<\/p>\n<p>Dramane Konat\u00e9 est un \u00e9crivain burkinab\u00e8 passionn\u00e9 des arts et des lettres. Il est \u00e9galement romancier, dramaturge, po\u00e8te et musicien. Il a consacr\u00e9 plus de 30 ans de sa vie \u00e0 l&rsquo;\u00e9criture et \u00e0 la promotion de la culture burkinab\u00e8.<\/p>\n<p>Parcours acad\u00e9mique:<\/p>\n<p>Dramane Konat\u00e9 a termin\u00e9 ses \u00e9tudes en 1993 et a commenc\u00e9 sa carri\u00e8re d&rsquo;\u00e9crivain peu de temps apr\u00e8s. Il a particip\u00e9 \u00e0 un concours de sc\u00e9nario organis\u00e9 par le FESPACO (Festival panafricain du cin\u00e9ma et de la t\u00e9l\u00e9vision de Ouagadougou) en 1993, ce qui a marqu\u00e9 le d\u00e9but de sa carri\u00e8re litt\u00e9raire.<\/p>\n<p>Hommage et reconnaissance:<\/p>\n<p>En 2024, Dramane Konat\u00e9 a \u00e9t\u00e9 honor\u00e9 lors d&rsquo;une c\u00e9r\u00e9monie comm\u00e9morant ses 30 ans de service dans les lettres et les arts. Des personnalit\u00e9s du monde de la culture, des anciens ministres, des \u00e9crivains et des cin\u00e9astes ont rendu hommage \u00e0 son travail et \u00e0 sa contribution \u00e0 la culture burkinab\u00e8.<\/p>\n<p>&nbsp;<\/p>\n<p>2-Bibliographie<\/p>\n<p>Dramane Konat\u00e9 est un auteur polyvalent qui explore diff\u00e9rents genres litt\u00e9raires. Il a \u00e9crit des romans, des nouvelles, des contes, des r\u00e9cits de vie, des biographies et des autobiographies. Son \u0153uvre la plus connue est \u00ab\u00a0La triade de sang\u00a0\u00bb, un roman qui aborde le th\u00e8me de l&rsquo;extr\u00e9misme violent et de la menace terroriste. Il a \u00e9galement \u00e9crit&#8230;.<\/p>\n<p>&nbsp;<\/p>\n<p>Pour obtenir l&rsquo;expos\u00e9 complet coontactez\u00a0 le +226 56196345 (WhatsApp Uniquement)<\/p>\n","protected":false},"featured_media":831,"template":"","meta":{"jetpack_publicize_message":"","jetpack_publicize_feature_enabled":true,"jetpack_social_post_already_shared":false,"jetpack_social_options":{"image_generator_settings":{"template":"highway","default_image_id":0,"font":"","enabled":false},"version":2}},"product_brand":[],"product_cat":[598,547],"product_tag":[1214,626,636,1213],"class_list":{"0":"post-7174","1":"product","2":"type-product","3":"status-publish","4":"has-post-thumbnail","6":"product_cat-litterature","7":"product_cat-litterature-africaine","8":"product_tag-dramane-konate","9":"product_tag-expose","10":"product_tag-litterature","11":"product_tag-triade-de-sang","13":"first","14":"instock","15":"downloadable","16":"virtual","17":"sold-individually","18":"purchasable","19":"product-type-simple"},"aioseo_notices":[],"jetpack_publicize_connections":[],"jetpack-related-posts":[],"jetpack_sharing_enabled":true,"_links":{"self":[{"href":"https:\/\/karandoogo.com\/index.php\/wp-json\/wp\/v2\/product\/7174","targetHints":{"allow":["GET"]}}],"collection":[{"href":"https:\/\/karandoogo.com\/index.php\/wp-json\/wp\/v2\/product"}],"about":[{"href":"https:\/\/karandoogo.com\/index.php\/wp-json\/wp\/v2\/types\/product"}],"wp:featuredmedia":[{"embeddable":true,"href":"https:\/\/karandoogo.com\/index.php\/wp-json\/wp\/v2\/media\/831"}],"wp:attachment":[{"href":"https:\/\/karandoogo.com\/index.php\/wp-json\/wp\/v2\/media?parent=7174"}],"wp:term":[{"taxonomy":"product_brand","embeddable":true,"href":"https:\/\/karandoogo.com\/index.php\/wp-json\/wp\/v2\/product_brand?post=7174"},{"taxonomy":"product_cat","embeddable":true,"href":"https:\/\/karandoogo.com\/index.php\/wp-json\/wp\/v2\/product_cat?post=7174"},{"taxonomy":"product_tag","embeddable":true,"href":"https:\/\/karandoogo.com\/index.php\/wp-json\/wp\/v2\/product_tag?post=7174"}],"curies":[{"name":"wp","href":"https:\/\/api.w.org\/{rel}","templated":true}]}}