{"id":7235,"date":"2024-07-20T03:22:50","date_gmt":"2024-07-20T03:22:50","guid":{"rendered":"https:\/\/karandoogo.com\/?post_type=product&#038;p=7235"},"modified":"2025-10-19T13:32:28","modified_gmt":"2025-10-19T13:32:28","slug":"expose-sur-complet-sur-la-vie-et-loeuvre-de-monseigneur-titiama-anselme-sanou","status":"publish","type":"product","link":"https:\/\/karandoogo.com\/index.php\/produit\/expose-sur-complet-sur-la-vie-et-loeuvre-de-monseigneur-titiama-anselme-sanou\/","title":{"rendered":"Expos\u00e9 sur complet sur la vie et l&rsquo;\u0153uvre de Monseigneur Titiama Anselme Sanou"},"content":{"rendered":"","protected":false},"excerpt":{"rendered":"<p><strong>NB:<\/strong>\u00a0Les documents mis \u00e0 disposition sur ce site sont des documents \u00e0 exploiter, autrement dit des compl\u00e9ments pour parfaire votre travail. Ils ne sont pas faits pour \u00eatre pr\u00e9sent\u00e9s \u00e0 l\u2019\u00e9tat.<\/p>\n<p>Introduction<\/p>\n<p>I. Parcours acad\u00e9mique et religieux :<br \/>\n1. \u00c9tudes en th\u00e9ologie<br \/>\n2. Ordination<br \/>\n3. Responsabilit\u00e9s religieuses<\/p>\n<p>II. Engagement pour la paix et la culture africaine :<br \/>\n1. Attachement \u00e0 la tradition africaine<br \/>\n2. Instauration de la journ\u00e9e nationale du pardon<br \/>\n3. \u0152uvres litt\u00e9raires<\/p>\n<p>III. Actions en faveur de la religion dans la soci\u00e9t\u00e9 burkinab\u00e8 :<br \/>\n1. Pr\u00e9sident de la Caritas Afrique<br \/>\n2. Promotion des valeurs religieuses<br \/>\n3. Contribution \u00e0 la r\u00e9flexion sur la maladie<\/p>\n<p>Conclusion<\/p>\n<p>&nbsp;<\/p>\n<p>Introduction :<br \/>\nMonseigneur Titiama Anselme Sanou est un archev\u00eaque \u00e9m\u00e9rite de Bobo-Dioulasso au Burkina Faso. Il est connu pour son engagement en faveur de la paix, de la culture africaine et de la religion dans la soci\u00e9t\u00e9 burkinab\u00e8. Dans cet expos\u00e9, nous allons explorer son parcours acad\u00e9mique et religieux, son engagement pour la paix et la culture africaine, ainsi que ses actions en faveur de la religion dans la soci\u00e9t\u00e9 burkinab\u00e8.<\/p>\n<p>I. Parcours acad\u00e9mique et religieux:<\/p>\n<p>1. \u00c9tudes en th\u00e9ologie:<br \/>\nMonseigneur Titiama Anselme Sanou a entrepris des \u00e9tudes approfondies en th\u00e9ologie afin d&rsquo;approfondir sa connaissance et sa compr\u00e9hension de la foi catholique. Ces \u00e9tudes lui ont permis d&rsquo;explorer les enseignements de l&rsquo;\u00c9glise, la doctrine catholique, la Bible et les traditions th\u00e9ologiques. Pendant cette p\u00e9riode, il a \u00e9tudi\u00e9 des sujets tels que la christologie, la th\u00e9ologie sacramentaire, l&rsquo;\u00e9thique chr\u00e9tienne et la spiritualit\u00e9. Les \u00e9tudes en th\u00e9ologie ont constitu\u00e9 une base solide pour sa future carri\u00e8re religieuse et ont renforc\u00e9 sa foi personnelle.<\/p>\n<p>2. Ordination:<br \/>\nDans les ann\u00e9es 1960, Monseigneur Titiama Anselme Sanou a \u00e9t\u00e9 ordonn\u00e9 pr\u00eatre, marquant ainsi son engagement envers l&rsquo;\u00c9glise catholique et son d\u00e9sir de servir Dieu et les fid\u00e8les. L&rsquo;ordination est un sacrement important dans l&rsquo;\u00c9glise catholique, o\u00f9 un homme re\u00e7oit la gr\u00e2ce et l&rsquo;autorit\u00e9 spirituelle pour exercer le minist\u00e8re pastoral et administrer les sacrements. Cette \u00e9tape&#8230;<\/p>\n<p>Pour obtenir l&rsquo;expos\u00e9 complet coontactez\u00a0 le +226 56196345 (WhatsApp Uniquement)<\/p>\n","protected":false},"featured_media":831,"template":"","meta":{"jetpack_publicize_message":"","jetpack_publicize_feature_enabled":true,"jetpack_social_post_already_shared":false,"jetpack_social_options":{"image_generator_settings":{"template":"highway","default_image_id":0,"font":"","enabled":false},"version":2}},"product_brand":[],"product_cat":[598,547,613],"product_tag":[1236,1237,796],"class_list":{"0":"post-7235","1":"product","2":"type-product","3":"status-publish","4":"has-post-thumbnail","6":"product_cat-litterature","7":"product_cat-litterature-africaine","8":"product_cat-philosophie","9":"product_tag-expose-complet","10":"product_tag-titiama-anselme-sanou","11":"product_tag-vie-et-philosophie","13":"first","14":"instock","15":"downloadable","16":"virtual","17":"sold-individually","18":"purchasable","19":"product-type-simple"},"aioseo_notices":[],"jetpack_publicize_connections":[],"jetpack-related-posts":[],"jetpack_sharing_enabled":true,"_links":{"self":[{"href":"https:\/\/karandoogo.com\/index.php\/wp-json\/wp\/v2\/product\/7235","targetHints":{"allow":["GET"]}}],"collection":[{"href":"https:\/\/karandoogo.com\/index.php\/wp-json\/wp\/v2\/product"}],"about":[{"href":"https:\/\/karandoogo.com\/index.php\/wp-json\/wp\/v2\/types\/product"}],"wp:featuredmedia":[{"embeddable":true,"href":"https:\/\/karandoogo.com\/index.php\/wp-json\/wp\/v2\/media\/831"}],"wp:attachment":[{"href":"https:\/\/karandoogo.com\/index.php\/wp-json\/wp\/v2\/media?parent=7235"}],"wp:term":[{"taxonomy":"product_brand","embeddable":true,"href":"https:\/\/karandoogo.com\/index.php\/wp-json\/wp\/v2\/product_brand?post=7235"},{"taxonomy":"product_cat","embeddable":true,"href":"https:\/\/karandoogo.com\/index.php\/wp-json\/wp\/v2\/product_cat?post=7235"},{"taxonomy":"product_tag","embeddable":true,"href":"https:\/\/karandoogo.com\/index.php\/wp-json\/wp\/v2\/product_tag?post=7235"}],"curies":[{"name":"wp","href":"https:\/\/api.w.org\/{rel}","templated":true}]}}