{"id":7236,"date":"2024-07-20T03:31:22","date_gmt":"2024-07-20T03:31:22","guid":{"rendered":"https:\/\/karandoogo.com\/?post_type=product&#038;p=7236"},"modified":"2025-10-19T13:32:28","modified_gmt":"2025-10-19T13:32:28","slug":"expose-complet-sur-ndango-de-paul-lomane-tshibamba","status":"publish","type":"product","link":"https:\/\/karandoogo.com\/index.php\/produit\/expose-complet-sur-ndango-de-paul-lomane-tshibamba\/","title":{"rendered":"Expos\u00e9 complet sur Ndango de Paul Lomane Tshibamba"},"content":{"rendered":"","protected":false},"excerpt":{"rendered":"<p>NB: Les documents mis \u00e0 disposition sur ce site sont des documents \u00e0 exploiter, autrement dit des compl\u00e9ments pour parfaire votre travail. Ils ne sont pas faits pour \u00eatre pr\u00e9sent\u00e9s \u00e0 l\u2019\u00e9tat.<\/p>\n<p>Introduction<br \/>\nI. Contexte de publication<br \/>\nII. Biographie de l\u2019auteur<br \/>\nIII. R\u00e9sum\u00e9 de l\u2019oeuvre<br \/>\nIV. Etude des th\u00e8mes<br \/>\nV. Signification de l\u2019oeuvre<br \/>\nConclusion<\/p>\n<p>&nbsp;<\/p>\n<p>Introduction:<br \/>\nNdango est une \u0153uvre litt\u00e9raire \u00e9crite par Paul Lomane Tshibamba, un \u00e9crivain kino-congolais n\u00e9 en 1914 et d\u00e9c\u00e9d\u00e9 en 1985. Publi\u00e9 pour la premi\u00e8re fois en 1948, Ndango est consid\u00e9r\u00e9 comme l&rsquo;une des \u0153uvres les plus c\u00e9l\u00e8bres de la litt\u00e9rature congolaise. Dans cet expos\u00e9, nous allons examiner le contexte de publication de l&rsquo;\u0153uvre, r\u00e9sumer son contenu, \u00e9tudier les th\u00e8mes abord\u00e9s et analyser sa signification.<\/p>\n<p>I. Contexte de publication:<br \/>\nNdango a \u00e9t\u00e9 publi\u00e9 pour la premi\u00e8re fois en 1948, lors du premier concours litt\u00e9raire de la Foire coloniale, r\u00e9serv\u00e9 aux \u0153uvres provenant du Congo Belge ou du Ruanda-Urundi. L&rsquo;\u0153uvre a remport\u00e9 le prix litt\u00e9raire de la Foire coloniale de Bruxelles cette ann\u00e9e-l\u00e0. Cette reconnaissance a contribu\u00e9 \u00e0 \u00e9tablir la renomm\u00e9e de Paul Lomane Tshibamba en tant qu&rsquo;\u00e9crivain congolais.<\/p>\n<p>II. Biographie de l\u2019auteur :<\/p>\n<p>Paul Lomami Tshibamba, \u00e9galement appel\u00e9 Paul Lomane Tshibamba, naquit le 17 juillet 1914 \u00e0 Brazzaville, en R\u00e9publique du Congo. Cet \u00e9crivain kino-congolais, consid\u00e9r\u00e9 comme le premier g\u00e9ant de la litt\u00e9rature congolaise, d\u00e9c\u00e9da en 1985. Son p\u00e8re \u00e9tait originaire du Kasa\u00ef-Occidental et sa m\u00e8re&#8230;<\/p>\n<p>Pour obtenir l&rsquo;expos\u00e9 complet coontactez\u00a0 le +226 56196345 (WhatsApp Uniquement)<\/p>\n","protected":false},"featured_media":831,"template":"","meta":{"jetpack_publicize_message":"","jetpack_publicize_feature_enabled":true,"jetpack_social_post_already_shared":false,"jetpack_social_options":{"image_generator_settings":{"template":"highway","default_image_id":0,"font":"","enabled":false},"version":2}},"product_brand":[],"product_cat":[598,547],"product_tag":[1236,1238,1239],"class_list":{"0":"post-7236","1":"product","2":"type-product","3":"status-publish","4":"has-post-thumbnail","6":"product_cat-litterature","7":"product_cat-litterature-africaine","8":"product_tag-expose-complet","9":"product_tag-ndango","10":"product_tag-paul-lomane-tshibamba","12":"first","13":"instock","14":"downloadable","15":"virtual","16":"sold-individually","17":"purchasable","18":"product-type-simple"},"aioseo_notices":[],"jetpack_publicize_connections":[],"jetpack-related-posts":[],"jetpack_sharing_enabled":true,"_links":{"self":[{"href":"https:\/\/karandoogo.com\/index.php\/wp-json\/wp\/v2\/product\/7236","targetHints":{"allow":["GET"]}}],"collection":[{"href":"https:\/\/karandoogo.com\/index.php\/wp-json\/wp\/v2\/product"}],"about":[{"href":"https:\/\/karandoogo.com\/index.php\/wp-json\/wp\/v2\/types\/product"}],"wp:featuredmedia":[{"embeddable":true,"href":"https:\/\/karandoogo.com\/index.php\/wp-json\/wp\/v2\/media\/831"}],"wp:attachment":[{"href":"https:\/\/karandoogo.com\/index.php\/wp-json\/wp\/v2\/media?parent=7236"}],"wp:term":[{"taxonomy":"product_brand","embeddable":true,"href":"https:\/\/karandoogo.com\/index.php\/wp-json\/wp\/v2\/product_brand?post=7236"},{"taxonomy":"product_cat","embeddable":true,"href":"https:\/\/karandoogo.com\/index.php\/wp-json\/wp\/v2\/product_cat?post=7236"},{"taxonomy":"product_tag","embeddable":true,"href":"https:\/\/karandoogo.com\/index.php\/wp-json\/wp\/v2\/product_tag?post=7236"}],"curies":[{"name":"wp","href":"https:\/\/api.w.org\/{rel}","templated":true}]}}