{"id":860,"date":"2022-07-18T21:29:18","date_gmt":"2022-07-18T21:29:18","guid":{"rendered":"https:\/\/karandoogo.com\/?post_type=product&#038;p=860"},"modified":"2025-10-19T14:03:21","modified_gmt":"2025-10-19T14:03:21","slug":"expose-complet-sur-lincivisme-causes-consequences-et-solutions","status":"publish","type":"product","link":"https:\/\/karandoogo.com\/index.php\/produit\/expose-complet-sur-lincivisme-causes-consequences-et-solutions\/","title":{"rendered":"Expos\u00e9 complet sur l&rsquo;incivisme (causes, cons\u00e9quences et solutions)"},"content":{"rendered":"","protected":false},"excerpt":{"rendered":"<p>NB: Les documents mis \u00e0 disposition sur ce site sont des documents \u00e0 exploiter, autrement dit des compl\u00e9ments pour parfaire votre travail. Ils ne sont pas faits pour \u00eatre pr\u00e9sent\u00e9s \u00e0 l\u2019\u00e9tat.<\/p>\n<p><strong><u>PLAN<\/u><\/strong><\/p>\n<p><strong><u>INTRODUCTION :<\/u><\/strong><\/p>\n<p><strong><u>\u00a0I- LES MANIFESTATIONS DE L\u2019INCIVISME :<\/u><\/strong><\/p>\n<p><strong><u>II- CAUSES DE L\u2019INCIVISME\u00a0:<\/u><\/strong><\/p>\n<p><strong><u>III- LES CONSEQUENCES DE L\u2019INCIVISME :<\/u><\/strong><\/p>\n<p><strong><u>IV- SOLUTIONS POUR LUTTER CONTRE L\u2019INCIVISME<\/u><\/strong><\/p>\n<p><strong><u>CONCLUSION<\/u><\/strong><\/p>\n<p><strong><u>INTRODUCTION :<\/u><\/strong><\/p>\n<p>L\u2019incivisme qui se d\u00e9finit comme un manque de civisme, va de l\u2019indiscipline aux crimes les plus sordides. A l\u2019instar de l\u2019esclavage et de la colonisation consid\u00e9r\u00e9s comme les maitres mots du sous-d\u00e9veloppement des pays du Tiers-Monde en g\u00e9n\u00e9ral, l\u2019incivisme tient aussi une place de choix dans l\u2019explication de cette pauvret\u00e9 qui nous gangr\u00e8ne. N\u00e9anmoins, il est possible de trouver des solutions aux cons\u00e9quences l\u2019incivisme. Nous allons d\u2019abord parler des manifestations de l\u2019incivisme, ensuite de ses cons\u00e9quences avant de terminer par les solutions possibles.<\/p>\n<p><strong><u>\u00a0I- LES MANIFESTATIONS DE L\u2019INCIVISME :<\/u><\/strong>\u00a0L\u2019incivisme dans les pays pauvres gagne de plus en plus de terrain dans la mesure o\u00f9 il \u00e9volue dans une pauvret\u00e9 extr\u00eame. Les parents ont d\u00e9missionn\u00e9 de leurs r\u00f4les d\u2019\u00e9ducateurs \u00e0 la base (famille), de m\u00eame l\u2019Etat confront\u00e9 \u00e0 de nombreuses difficult\u00e9s peine \u00e0 mobiliser les facteurs pouvant assurer une bonne \u00e9ducation \u00e0 sa jeunesse (une \u00e9ducation inappropri\u00e9e et d\u00e9faillante). En outre il y a une culture de l\u2019excuse (ce n\u2019est pas grave ; Dieu est Cl\u00e9ment) emp\u00eachant de sanctionner, de punir les agissements de certains citoyens. Les manifestations sont multiples : Dans tous les secteurs r\u00e8gne l\u2019anarchie : Combien de personnes parmi nous respectent le rang dans un service public ou un lieu quelconque parce qu\u2019on est press\u00e9 ? Combien de bus ont \u00e9t\u00e9 saccag\u00e9 par les \u00e9tudiants depuis l\u2019ind\u00e9pendance ? Combien d\u2019accidents de la circulation d\u2019une rare intensit\u00e9 ont pu troubler tous les militants des droits de l\u2019homme. Que de vies abr\u00e9g\u00e9es \u00e0 cause de l\u2019indiscipline notoire de \u00ab chauffards \u00bb conduisant en \u00e9tat d\u2019ivresse ? Des marchands ambulants qui..<\/p>\n<p>Pour obtenir l&rsquo;expos\u00e9 complet contactez le +226 56196345 (WhatsApp)<\/p>\n","protected":false},"featured_media":831,"template":"","meta":{"jetpack_publicize_message":"","jetpack_publicize_feature_enabled":true,"jetpack_social_post_already_shared":false,"jetpack_social_options":{"image_generator_settings":{"template":"highway","default_image_id":0,"font":"","enabled":false},"version":2}},"product_brand":[],"product_cat":[544],"product_tag":[588,589],"class_list":{"0":"post-860","1":"product","2":"type-product","3":"status-publish","4":"has-post-thumbnail","6":"product_cat-exposes","7":"product_tag-delinquance-sociale","8":"product_tag-incivisme","10":"first","11":"instock","12":"downloadable","13":"virtual","14":"sold-individually","15":"purchasable","16":"product-type-simple"},"aioseo_notices":[],"jetpack_publicize_connections":[],"jetpack-related-posts":[],"jetpack_sharing_enabled":true,"_links":{"self":[{"href":"https:\/\/karandoogo.com\/index.php\/wp-json\/wp\/v2\/product\/860","targetHints":{"allow":["GET"]}}],"collection":[{"href":"https:\/\/karandoogo.com\/index.php\/wp-json\/wp\/v2\/product"}],"about":[{"href":"https:\/\/karandoogo.com\/index.php\/wp-json\/wp\/v2\/types\/product"}],"wp:featuredmedia":[{"embeddable":true,"href":"https:\/\/karandoogo.com\/index.php\/wp-json\/wp\/v2\/media\/831"}],"wp:attachment":[{"href":"https:\/\/karandoogo.com\/index.php\/wp-json\/wp\/v2\/media?parent=860"}],"wp:term":[{"taxonomy":"product_brand","embeddable":true,"href":"https:\/\/karandoogo.com\/index.php\/wp-json\/wp\/v2\/product_brand?post=860"},{"taxonomy":"product_cat","embeddable":true,"href":"https:\/\/karandoogo.com\/index.php\/wp-json\/wp\/v2\/product_cat?post=860"},{"taxonomy":"product_tag","embeddable":true,"href":"https:\/\/karandoogo.com\/index.php\/wp-json\/wp\/v2\/product_tag?post=860"}],"curies":[{"name":"wp","href":"https:\/\/api.w.org\/{rel}","templated":true}]}}