{"id":864,"date":"2022-07-18T21:40:38","date_gmt":"2022-07-18T21:40:38","guid":{"rendered":"https:\/\/karandoogo.com\/?post_type=product&#038;p=864"},"modified":"2025-10-19T14:03:20","modified_gmt":"2025-10-19T14:03:20","slug":"expose-complet-sur-une-vie-de-boy-de-ferdinand-oyono","status":"publish","type":"product","link":"https:\/\/karandoogo.com\/index.php\/produit\/expose-complet-sur-une-vie-de-boy-de-ferdinand-oyono\/","title":{"rendered":"Expos\u00e9 complet sur Une vie de boy de Ferdinand Oyono"},"content":{"rendered":"","protected":false},"excerpt":{"rendered":"<p><strong>NB:<\/strong> Les documents mis \u00e0 disposition sur ce site sont des documents \u00e0 exploiter, autrement dit des compl\u00e9ments pour parfaire votre travail. Ils ne sont pas faits pour \u00eatre pr\u00e9sent\u00e9s \u00e0 l\u2019\u00e9tat.<\/p>\n<p><strong><u>Plan<\/u><\/strong><\/p>\n<p>Introduction<\/p>\n<p>I.\u00a0\u00a0\u00a0\u00a0\u00a0\u00a0\u00a0\u00a0\u00a0\u00a0\u00a0\u00a0\u00a0\u00a0\u00a0\u00a0\u00a0 Biobibliographie<\/p>\n<p>1.\u00a0\u00a0\u00a0 Biographie<\/p>\n<p>2.\u00a0\u00a0\u00a0 Bibliographie<\/p>\n<p>II.\u00a0\u00a0\u00a0\u00a0\u00a0\u00a0\u00a0\u00a0\u00a0\u00a0\u00a0\u00a0\u00a0\u00a0 Etude de l\u2019\u0153uvre<\/p>\n<p>1.\u00a0\u00a0\u00a0 Pr\u00e9face<\/p>\n<p>2.\u00a0\u00a0\u00a0 R\u00e9sum\u00e9 de l\u2019\u0153uvre<\/p>\n<p>3.\u00a0\u00a0\u00a0 Etude des personnages<\/p>\n<p>a-\u00a0\u00a0\u00a0 Le personnage principal<\/p>\n<p>b-\u00a0\u00a0 Les personnages secondaires<\/p>\n<p>III.\u00a0\u00a0\u00a0\u00a0\u00a0\u00a0\u00a0\u00a0\u00a0\u00a0 Etude th\u00e9matique<\/p>\n<p>IV.\u00a0\u00a0\u00a0\u00a0\u00a0\u00a0\u00a0\u00a0\u00a0\u00a0 Etude psychocritique de l\u2019\u0153uvre<\/p>\n<p>1.\u00a0\u00a0\u00a0 La critique de l\u2019\u0153uvre<\/p>\n<p>2.\u00a0\u00a0\u00a0 Les citations<\/p>\n<p>Conclusion<\/p>\n<p><strong><u>Introduction<\/u><\/strong><\/p>\n<p>A l\u2019aube des ind\u00e9pendances, au moment o\u00f9 l\u2019Afrique cherchait \u00a0son identit\u00e9, apparait plusieurs \u0153uvres relatant le v\u00e9cu quotidien des noirs face \u00e0 l\u2019injustice des blancs \u00e0 l\u2019\u00e9poque coloniale. Parmi cette multitude d\u2019\u0153uvre figure \u00ab\u00a0Une vie de boy\u00a0\u00bb de Ferdinand OYONO. Cette \u0153uvre est, importante de par sa port\u00e9e historique, tragique de par le d\u00e9roulement de son histoire et comique \u00a0par la formulation de certains passages. Nous esp\u00e9rons \u00e0 travers cette \u00e9tude avoir fourni un travail \u00e0 la hauteur des enjeux tant historiques que culturels de cette \u0153uvre.<\/p>\n<p><strong>I.<\/strong>\u00a0\u00a0\u00a0\u00a0\u00a0\u00a0\u00a0\u00a0\u00a0\u00a0\u00a0\u00a0<strong><u>Biobibliographie<\/u><\/strong><\/p>\n<p><strong>1.<\/strong>\u00a0\u00a0\u00a0\u00a0<strong><u>Biographie<\/u><\/strong>\u00a0 \u00a0 \u00a0 \u00a0 N\u00e9 le 14 septembre 1929 dans la commune de Ngoulemakong, dans l\u2019actuel d\u00e9partement de la Mvila (R\u00e9gion du Sud), Ferdinand L\u00e9opold Oyono entre \u00e0 l\u2019\u00e9cole primaire en 1939 ; plus tard il travaillera comme boy chez des missionnaires, avec l\u2019esprit d\u2019aider sa m\u00e8re, il obtient son certificat d\u2019\u00e9tude primaire ce qui apporte un bonheur total a son p\u00e8re qui apprend la nouvelle par le journal. Il entre ensuite au lyc\u00e9e d\u2019Ebolowa et\u00a0 poursuit au lyc\u00e9e de Provins, en France o\u00f9 il obtient le baccalaur\u00e9at en 1950, des \u00e9tudes commenc\u00e9es au lyc\u00e9e de Yaound\u00e9 . Il r\u00e9ussit ensuite des \u00e9tudes sup\u00e9rieures de droit \u00e0 la Sorbonne avant d\u2019entrer \u00e0\u2026<\/p>\n<p>Pour obtenir l&rsquo;expos\u00e9 complet contactez le +226 56196345 (WhatsApp)<\/p>\n","protected":false},"featured_media":831,"template":"","meta":{"jetpack_publicize_message":"","jetpack_publicize_feature_enabled":true,"jetpack_social_post_already_shared":false,"jetpack_social_options":{"image_generator_settings":{"template":"highway","default_image_id":0,"font":"","enabled":false},"version":2}},"product_brand":[],"product_cat":[544],"product_tag":[563,552],"class_list":{"0":"post-864","1":"product","2":"type-product","3":"status-publish","4":"has-post-thumbnail","6":"product_cat-exposes","7":"product_tag-auteurs-africains","8":"product_tag-litterature-africaine","10":"first","11":"instock","12":"downloadable","13":"virtual","14":"sold-individually","15":"purchasable","16":"product-type-simple"},"aioseo_notices":[],"jetpack_publicize_connections":[],"jetpack-related-posts":[],"jetpack_sharing_enabled":true,"_links":{"self":[{"href":"https:\/\/karandoogo.com\/index.php\/wp-json\/wp\/v2\/product\/864","targetHints":{"allow":["GET"]}}],"collection":[{"href":"https:\/\/karandoogo.com\/index.php\/wp-json\/wp\/v2\/product"}],"about":[{"href":"https:\/\/karandoogo.com\/index.php\/wp-json\/wp\/v2\/types\/product"}],"wp:featuredmedia":[{"embeddable":true,"href":"https:\/\/karandoogo.com\/index.php\/wp-json\/wp\/v2\/media\/831"}],"wp:attachment":[{"href":"https:\/\/karandoogo.com\/index.php\/wp-json\/wp\/v2\/media?parent=864"}],"wp:term":[{"taxonomy":"product_brand","embeddable":true,"href":"https:\/\/karandoogo.com\/index.php\/wp-json\/wp\/v2\/product_brand?post=864"},{"taxonomy":"product_cat","embeddable":true,"href":"https:\/\/karandoogo.com\/index.php\/wp-json\/wp\/v2\/product_cat?post=864"},{"taxonomy":"product_tag","embeddable":true,"href":"https:\/\/karandoogo.com\/index.php\/wp-json\/wp\/v2\/product_tag?post=864"}],"curies":[{"name":"wp","href":"https:\/\/api.w.org\/{rel}","templated":true}]}}