{"id":868,"date":"2022-07-18T21:53:07","date_gmt":"2022-07-18T21:53:07","guid":{"rendered":"https:\/\/karandoogo.com\/?post_type=product&#038;p=868"},"modified":"2025-10-19T14:03:20","modified_gmt":"2025-10-19T14:03:20","slug":"expose-complet-sur-internet-origine-et-usages","status":"publish","type":"product","link":"https:\/\/karandoogo.com\/index.php\/produit\/expose-complet-sur-internet-origine-et-usages\/","title":{"rendered":"Expos\u00e9 complet sur internet (origine et usages)"},"content":{"rendered":"","protected":false},"excerpt":{"rendered":"<p><strong>NB<\/strong>: Les documents mis \u00e0 disposition sur ce site sont des documents \u00e0 exploiter, autrement dit des compl\u00e9ments pour parfaire votre travail. Ils ne sont pas faits pour \u00eatre pr\u00e9sent\u00e9s \u00e0 l\u2019\u00e9tat.<\/p>\n<p><strong><u>INTRODUCTION<\/u><\/strong><\/p>\n<ol type=\"I\">\n<li><strong><u>DEFINITION ET ORIGINE DU MOT INTERNET<\/u><\/strong><\/li>\n<li><strong><u>DEFINITION<\/u><\/strong><\/li>\n<li><strong><u>ORIGINE<\/u><\/strong><\/li>\n<li><strong><u>FONCTION D\u2019INTERNET<\/u><\/strong><\/li>\n<li><strong><u>DANS LE DOMAINE D\u2019INTERNET ET DE LA COMMUNICATION<\/u><\/strong><\/li>\n<li><strong><u>DANS LE DOMAINE DE L\u2019EDUCATION<\/u><\/strong><\/li>\n<li><strong><u>FONCTIONNEMENT D\u2019INTERNET<\/u><\/strong><\/li>\n<li><strong><u>SERVICES DISPONIBLES<\/u><\/strong><\/li>\n<li><strong><u>COMMENT SE CONNECTER SUR INTERNET<\/u><\/strong><\/li>\n<li><strong><u>PARTICULARITE D\u2019INTERNET<\/u><\/strong><\/li>\n<li><strong><u>AVANTAGES ET INCONVENIENTS D\u2019INTERNET<\/u><\/strong><\/li>\n<li><strong><u>AVANTAGES<\/u><\/strong><\/li>\n<li><strong><u>INCONVENIENTS<\/u><\/strong><\/li>\n<\/ol>\n<p><strong><u>CONCLUSION<\/u><\/strong><\/p>\n<p><strong><u>INTRODUCTION<\/u><\/strong><\/p>\n<p><a href=\"http:\/\/bit.ly\/3iMAqO4\" target=\"_blank\" rel=\"noreferrer noopener\">Le terme Internet, lorsqu\u2019il est utilis\u00e9 pour d\u00e9signer le syst\u00e8me mondial sp\u00e9cifique de r\u00e9seau de protocole Internet interconnect\u00e9 (I P), est un nom propre et peut \u00eatre \u00e9crit avec une lettre majuscule initiale. Historiquement, d\u00e8s 1849, le mot internetted \u00e9tait utilis\u00e9 non capitalis\u00e9 comme adjectif, signifiant interconnect\u00e9 ou imbriqu\u00e9. L\u2019Internet est aussi souvent appel\u00e9 le net, en tant que forme abr\u00e9g\u00e9e de r\u00e9seau.<\/a><\/p>\n<p>Les origines d\u2019Internet remontent \u00e0 la recherche et au d\u00e9veloppement command\u00e9 par le gouvernement des \u00c9tats-Unis, le gouvernement du Royaume-Uni et le gouvernement de la France dans les ann\u00e9es 1960 pour construire une communication robuste et tol\u00e9rante aux pannes via ordinateur.<\/p>\n<ol type=\"I\">\n<li><strong><u>DEFINITION ET ORIGINE DU MOT INTERNET<\/u><\/strong><\/li>\n<li><strong><u>DEFINITION<\/u><\/strong><\/li>\n<\/ol>\n<p>Internet est le syst\u00e8me mondial de r\u00e9seaux informatiques interconnect\u00e9s qui utilisent la suite de protocoles Internet (TCP \/ IP) pour relier des milliards d\u2019appareils dans le monde. C\u2019est un r\u00e9seau de r\u00e9seaux qui se compose de millions de r\u00e9seaux priv\u00e9s, publics, universitaires et gouvernementaux \u00e0 l\u2019\u00e9chelle locale \u00e0 mondiale, reli\u00e9s par un large \u00e9ventail de technologies de r\u00e9seautage \u00e9lectroniques, sans fil et optiques.<\/p>\n<ul>\n<li><strong><u>ORIGINE<\/u><\/strong><\/li>\n<\/ul>\n<p>L\u2019histoire d\u2019Internet commence avec le d\u00e9veloppement de l\u2019informatique \u00e9lectronique dans les ann\u00e9es 1950. Les premiers concepts de mise en r\u00e9seau par paquets sont n\u00e9s dans plusieurs laboratoires d\u2019informatique aux \u00c9tats-Unis, en Grande Bretagne et en France. Le d\u00e9partement am\u00e9ricain de la d\u00e9fense a attribu\u00e9 des contrats d\u00e8s les ann\u00e9es 1960 pour des syst\u00e8mes de r\u00e9seau par paquets, y compris le d\u00e9veloppement de l\u2019ARPANET (qui deviendrait le premier r\u00e9seau \u00e0 utiliser le protocole Internet). Le premier message a \u00e9t\u00e9 envoy\u00e9 via l\u2019ARPANET du laboratoire du professeur d\u2019informatique Leonard Klein Rock \u00e0 l\u2019universit\u00e9 de Californie, Los Angeles (UCLA) au deuxi\u00e8me mode r\u00e9seau de l\u2019institut de recherche de Stanford (SRI) .R\u00e9seaux de commutation de paquets tels que ARPANET, NPL network CYCLADES merit network . Tymnet et t\u00e9l\u00e9m\u00e8tre ont \u00e9t\u00e9 d\u00e9velopp\u00e9s \u00e0 la fin des ann\u00e9es 1960 et au d\u00e9but des ann\u00e9es 1970 en utilisant divers protocoles de communication. Donald Davies a \u00e9t\u00e9 le premier \u00e0 mettre la th\u00e9orie en pratique en concevant un r\u00e9seau \u00e0 commutation de paquets au laboratoire national de physique au Royaume-Uni.<\/p>\n<p>L\u2019acc\u00e8s \u00e0 l\u2019ARPANET a \u00e9t\u00e9 \u00e9largi en 1981 lorsque la National Science Foundation (NSF) a financ\u00e9 le r\u00e9seau informatique dans les ann\u00e9es 1980, le travail de Tim Berners Lee au Royaume-Uni sur le Web mondial a th\u00e9oris\u00e9 le fait que les protocoles lient les documents hypertextes dans un syst\u00e8me de travail , marquant le d\u00e9but de l\u2019Internet moderne. La communaut\u00e9 de la recherche et de l\u2019\u00e9ducation continue de d\u00e9velopper et d\u2019utiliser des r\u00e9seaux avanc\u00e9s tels que le service de r\u00e9seau \u00e0 tr\u00e8s haut d\u00e9bit de NSF. Aujourd\u2019hui, Internet continue de cro\u00eetre, entra\u00eenant une quantit\u00e9 toujours plus grande de divertissement en ligne dans le commerce de l\u2019information et les r\u00e9seaux sociaux.<\/p>\n<ol type=\"I\">\n<li><strong><u>FONCTION D\u2019INTERNET<\/u><\/strong><\/li>\n<li><strong><u>DANS LE DOMAINE D\u2019INTERNET ET DE LA COMMUNICATION<\/u><\/strong><\/li>\n<\/ol>\n<p>Le courrier \u00e9lectronique est un service de communication important disponible sur Internet. Le concept d\u2019envoi de messages texte \u00e9lectroniques entre les parties est loin, analogue \u00e0 l\u2019envoi de lettres ou de notes de service avant la cr\u00e9ation d\u2019Internet. Les documents image et autres fichiers sont envoy\u00e9s sous forme de pi\u00e8ces jointes \u00e0 un e-mail.<\/p>\n<p>Les e-mails peuvent \u00eatre envoy\u00e9s en CC \u00e0 plusieurs adresses e-mail. La t\u00e9l\u00e9phonie Internet est un autre mode de service de communication commun impossible par la cr\u00e9ation d\u2019Internet. Ces derni\u00e8res ann\u00e9es, de nombreux syst\u00e8mes VOLP sont devenus aussi faciles \u00e0 utiliser et aussi pratiques qu\u2019un t\u00e9l\u00e9phone normal. L\u2019avantage est que comme Internet transporte le trafic vocal, VOLP peut \u00eatre gratuit ou co\u00fbter beaucoup moins cher qu\u2019un appel t\u00e9l\u00e9phonique traditionnel, en particulier sur de longues distances et en particulier pour ceux qui ont toujours des connexions Internet telles que le c\u00e2ble ou l\u2019ADSL.<\/p>\n<p>La qualit\u00e9 de la voix peut encore varier d\u2019un appel \u00e0 l\u2019autre, mais elle est souvent \u00e9gale et peut m\u00eame d\u00e9passer celle des appels traditionnels. Les probl\u00e8mes restants pour VOLP incluent la num\u00e9rotation et la fiabilit\u00e9 des num\u00e9ros de t\u00e9l\u00e9phone d\u2019urgence, quelques fournisseurs de VOLP fournissent un service d\u2019urgence, mais il n\u2019est pas disponible de mani\u00e8re universelle.Les anciens t\u00e9l\u00e9phones traditionnels sans fonctionnalit\u00e9s suppl\u00e9mentaires peuvent \u00eatre aliment\u00e9s en ligne uniquement et fonctionner en cas de panne de courant, VOLP ne peut jamais le faire. donc sans source d\u2019alimentation bachup pour l\u2019\u00e9quipement t\u00e9l\u00e9phonique et les appareils d\u2019acc\u00e8s Internet<\/p>\n<ul>\n<li><strong><u>DANS LE DOMAINE DE L\u2019EDUCATION<\/u><\/strong><\/li>\n<\/ul>\n<p>Pour la r\u00e9ussite des \u00e9tudes en 2019,\u00a0<strong>Internet<\/strong>\u00a0aide \u00e0 obtenir rapidement des informations diversifi\u00e9es et des ressources riches pour les devoirs et les expos\u00e9s. En effet, les informations sont mises \u00e0 jour de mani\u00e8re r\u00e9guli\u00e8re, et c\u2019est ce qui participe \u00e0\u00a0<strong>l<\/strong>\u2018apprentissage et \u00e0 une meilleure compr\u00e9hension des \u00e9tudes<\/p>\n<ol type=\"I\">\n<li><strong><u>FONCTIONNEMENT D\u2019INTERNET<\/u><\/strong><\/li>\n<li><strong><u>SERVICES DISPONIBLES<\/u><\/strong><\/li>\n<\/ol>\n<p>L\u2019Internet fait partie des technologies devenues indispensables \u00e0 la vie de tous les jours de plus de deux milliards de personnes \u00e0 travers le monde. Il est alors consid\u00e9r\u00e9 comme indispensable et m\u00eame vital pour certaines personnes et entreprises. Il offre plusieurs services \u00e0 ceux qui l\u2019utilisent, mais lesquels ?<\/p>\n<ol type=\"1\">\n<li><strong><u>La visualisation des pages web et les news<\/u><\/strong><\/li>\n<\/ol>\n<p>Les principaux services offerts par Internet sont tous li\u00e9s \u00e0 la communication. En premier lieu, avec Internet, les utilisateurs peuvent faire une visualisation de plusieurs pages web. Cette visualisation de page web\u00a0 s\u2019av\u00e8re d\u2019ailleurs \u00eatre&#8230;<\/p>\n<p>Pour obtenir l&rsquo;expos\u00e9 complet contactez le +226 56196345 (WhatsApp)<\/p>\n","protected":false},"featured_media":831,"template":"","meta":{"jetpack_publicize_message":"","jetpack_publicize_feature_enabled":true,"jetpack_social_post_already_shared":false,"jetpack_social_options":{"image_generator_settings":{"template":"highway","default_image_id":0,"font":"","enabled":false},"version":2}},"product_brand":[],"product_cat":[544],"product_tag":[564],"class_list":{"0":"post-868","1":"product","2":"type-product","3":"status-publish","4":"has-post-thumbnail","6":"product_cat-exposes","7":"product_tag-technologie-et-education","9":"first","10":"instock","11":"downloadable","12":"virtual","13":"sold-individually","14":"purchasable","15":"product-type-simple"},"aioseo_notices":[],"jetpack_publicize_connections":[],"jetpack-related-posts":[],"jetpack_sharing_enabled":true,"_links":{"self":[{"href":"https:\/\/karandoogo.com\/index.php\/wp-json\/wp\/v2\/product\/868","targetHints":{"allow":["GET"]}}],"collection":[{"href":"https:\/\/karandoogo.com\/index.php\/wp-json\/wp\/v2\/product"}],"about":[{"href":"https:\/\/karandoogo.com\/index.php\/wp-json\/wp\/v2\/types\/product"}],"wp:featuredmedia":[{"embeddable":true,"href":"https:\/\/karandoogo.com\/index.php\/wp-json\/wp\/v2\/media\/831"}],"wp:attachment":[{"href":"https:\/\/karandoogo.com\/index.php\/wp-json\/wp\/v2\/media?parent=868"}],"wp:term":[{"taxonomy":"product_brand","embeddable":true,"href":"https:\/\/karandoogo.com\/index.php\/wp-json\/wp\/v2\/product_brand?post=868"},{"taxonomy":"product_cat","embeddable":true,"href":"https:\/\/karandoogo.com\/index.php\/wp-json\/wp\/v2\/product_cat?post=868"},{"taxonomy":"product_tag","embeddable":true,"href":"https:\/\/karandoogo.com\/index.php\/wp-json\/wp\/v2\/product_tag?post=868"}],"curies":[{"name":"wp","href":"https:\/\/api.w.org\/{rel}","templated":true}]}}