{"id":870,"date":"2022-07-18T21:57:11","date_gmt":"2022-07-18T21:57:11","guid":{"rendered":"https:\/\/karandoogo.com\/?post_type=product&#038;p=870"},"modified":"2025-10-19T14:03:20","modified_gmt":"2025-10-19T14:03:20","slug":"expose-complet-sur-soundjata-ou-lepopee-mandingue-de-djibril-tamsir-niane","status":"publish","type":"product","link":"https:\/\/karandoogo.com\/index.php\/produit\/expose-complet-sur-soundjata-ou-lepopee-mandingue-de-djibril-tamsir-niane\/","title":{"rendered":"Expos\u00e9 complet sur Soundjata ou L&rsquo;\u00e9pop\u00e9e mandingue de Djibril Tamsir Niane"},"content":{"rendered":"","protected":false},"excerpt":{"rendered":"<p><strong>NB<\/strong>: Les documents mis \u00e0 disposition sur ce site sont des documents \u00e0 exploiter, autrement dit des compl\u00e9ments pour parfaire votre travail. Ils ne sont pas faits pour \u00eatre pr\u00e9sent\u00e9s \u00e0 l\u2019\u00e9tat.<\/p>\n<p><strong>INTRODUCTION<\/strong><\/p>\n<p><strong>I. PRESENTATION DE L\u2019\u0152UVRE\u00a0ET DE L\u2019AUTEUR<\/strong><\/p>\n<p><strong>1.<\/strong>\u00a0\u00a0\u00a0\u00a0\u00a0\u00a0<strong>Pr\u00e9sentation de l\u2019auteur<\/strong><\/p>\n<p><strong>1.1.<\/strong>\u00a0\u00a0\u00a0\u00a0<strong>Biographie\u00a0<\/strong><\/p>\n<p><strong>1.2. Bibliographie<\/strong><\/p>\n<p><strong>2.<\/strong>\u00a0\u00a0\u00a0\u00a0\u00a0\u00a0<strong>Pr\u00e9sentation de l\u2019\u0153uvre<\/strong><\/p>\n<p><strong>2.1.\u00a0<\/strong><strong>R\u00e9sum\u00e9 du roman<\/strong><\/p>\n<p>2.2.\u00a0Structure<strong>\u00a0de l\u2019\u0153uvre<\/strong><\/p>\n<p><strong>III.<\/strong>\u00a0<strong>ETUDE THEMATIQUE\u00a0<\/strong><\/p>\n<p><strong>1.<\/strong>\u00a0\u00a0\u00a0\u00a0\u00a0\u00a0<strong>Th\u00e8mes principaux\u00a0<\/strong><\/p>\n<p><strong>2.<\/strong>\u00a0\u00a0\u00a0\u00a0\u00a0\u00a0<strong>Th\u00e8mes secondaires<\/strong><\/p>\n<p><strong>CONCLUSION<\/strong><\/p>\n<p><strong>\u00a0INTRODUCTION<\/strong><\/p>\n<p><strong>Lorsque l\u2019on situe l\u2019\u0153uvre de Djibril Tamsir Niane, Soundjata ou l\u2019\u00e9pop\u00e9e mandingue, dans son contexte historique, le constat que le monde o\u00f9 elle s\u2019\u00e9labore est marqu\u00e9 par une extr\u00eame crise politique. Les batailles, les guerres que d\u00e9crit le narrateur en constituent les m\u00e9taphores. Du coup, les \u00e9tudes de ce texte sont g\u00e9n\u00e9ralement ax\u00e9es sur les affrontements arm\u00e9s. La pr\u00e9sente analyse innove. L\u2019objectif de notre expos\u00e9 sera donc d\u2019explorer l\u2019\u0153uvre de Djibril Tamsir Niane telle qu\u2019elle se pr\u00e9sente, par un r\u00e9seau contrast\u00e9 de relations, ainsi que les contrastassions du paradigme de l\u2019excellence et de la vertu qui, jusque-l\u00e0, faisait la connotation de Soundjata et des siens.<\/strong><\/p>\n<p><strong>I. PRESENTATION DE L\u2019\u0152UVRE\u00a0 ET DE L\u2019AUTEUR<\/strong><\/p>\n<p><strong>1.<\/strong>\u00a0\u00a0\u00a0\u00a0\u00a0\u00a0<strong>Pr\u00e9sentation de l\u2019auteur<\/strong><\/p>\n<p><strong>1.1.<\/strong>\u00a0\u00a0\u00a0\u00a0<strong>Biographie\u00a0<\/strong>\u00a0Djibril Tamsir Niane est un \u00e9crivain et historien guin\u00e9en, n\u00e9 le 9 janvier 1932 \u00e0 Conakry (Guin\u00e9e). Il est sp\u00e9cialiste de l\u2019histoire du Mand\u00e9, notamment l\u2019Empire du Mali.<\/p>\n<p>\u00c9tudiant en histoire \u00e0 l\u2019Universit\u00e9 de Bordeaux (France), Djibril Tamsir Niane est titulaire d\u2019une licence et d\u2019un DES (Dipl\u00f4me d\u2019Etude Sup\u00e9rieur). Sonm\u00e9moire portant sur la recherche sur l\u2019Empire du Mali, il collecte aupr\u00e8s des griots, notamment Mamadou Kouyat\u00e9, les r\u00e9cits de la tradition orale. C\u2019est \u00e0 partir de ces recherches qu\u2019il publie en 1960 Soundjata, ou l\u2019\u00e9pop\u00e9e mandingue, son ouvrage le plus connu. Il a particip\u00e9 \u00e0 l\u2019\u00e9criture de l\u2019Histoire g\u00e9n\u00e9rale de l\u2019Afrique sous les auspices de l\u2019Unesco avec Joseph Ki-Zerbo.<\/p>\n<p>Il est\u00e9galement auteur de pi\u00e8ces de th\u00e9\u00e2tre comme Les fian\u00e7ailles tragiques. Certains de ses \u00e9crits lui valent la prison sous le r\u00e9gime de S\u00e9kou Tour\u00e9, puis l\u2019obligent \u00e0 l\u2019exil au S\u00e9n\u00e9gal dans les ann\u00e9es 1970.<\/p>\n<p>Djibril Tamsir Niane est\u2026<\/p>\n<p>Pour obtenir l&rsquo;expos\u00e9 complet contactez le +226 56196345 (WhatsApp)<\/p>\n","protected":false},"featured_media":831,"template":"","meta":{"jetpack_publicize_message":"","jetpack_publicize_feature_enabled":true,"jetpack_social_post_already_shared":false,"jetpack_social_options":{"image_generator_settings":{"template":"highway","default_image_id":0,"font":"","enabled":false},"version":2}},"product_brand":[],"product_cat":[544,547],"product_tag":[553,552],"class_list":{"0":"post-870","1":"product","2":"type-product","3":"status-publish","4":"has-post-thumbnail","6":"product_cat-exposes","7":"product_cat-litterature-africaine","8":"product_tag-auteur-africain","9":"product_tag-litterature-africaine","11":"first","12":"instock","13":"downloadable","14":"virtual","15":"sold-individually","16":"purchasable","17":"product-type-simple"},"aioseo_notices":[],"jetpack_publicize_connections":[],"jetpack-related-posts":[],"jetpack_sharing_enabled":true,"_links":{"self":[{"href":"https:\/\/karandoogo.com\/index.php\/wp-json\/wp\/v2\/product\/870","targetHints":{"allow":["GET"]}}],"collection":[{"href":"https:\/\/karandoogo.com\/index.php\/wp-json\/wp\/v2\/product"}],"about":[{"href":"https:\/\/karandoogo.com\/index.php\/wp-json\/wp\/v2\/types\/product"}],"wp:featuredmedia":[{"embeddable":true,"href":"https:\/\/karandoogo.com\/index.php\/wp-json\/wp\/v2\/media\/831"}],"wp:attachment":[{"href":"https:\/\/karandoogo.com\/index.php\/wp-json\/wp\/v2\/media?parent=870"}],"wp:term":[{"taxonomy":"product_brand","embeddable":true,"href":"https:\/\/karandoogo.com\/index.php\/wp-json\/wp\/v2\/product_brand?post=870"},{"taxonomy":"product_cat","embeddable":true,"href":"https:\/\/karandoogo.com\/index.php\/wp-json\/wp\/v2\/product_cat?post=870"},{"taxonomy":"product_tag","embeddable":true,"href":"https:\/\/karandoogo.com\/index.php\/wp-json\/wp\/v2\/product_tag?post=870"}],"curies":[{"name":"wp","href":"https:\/\/api.w.org\/{rel}","templated":true}]}}