{"id":882,"date":"2022-07-18T22:16:11","date_gmt":"2022-07-18T22:16:11","guid":{"rendered":"https:\/\/karandoogo.com\/?post_type=product&#038;p=882"},"modified":"2025-10-19T14:01:43","modified_gmt":"2025-10-19T14:01:43","slug":"expose-complet-sur-la-religion-dans-une-si-longue-lettre-de-mariama-ba","status":"publish","type":"product","link":"https:\/\/karandoogo.com\/index.php\/produit\/expose-complet-sur-la-religion-dans-une-si-longue-lettre-de-mariama-ba\/","title":{"rendered":"Expos\u00e9 complet sur la religion dans Une si longue lettre de Mariama B\u00e2"},"content":{"rendered":"","protected":false},"excerpt":{"rendered":"<p><strong>NB<\/strong>: Les documents mis \u00e0 disposition sur ce site sont des documents \u00e0 exploiter, autrement dit des compl\u00e9ments pour parfaire votre travail. Ils ne sont pas faits pour \u00eatre pr\u00e9sent\u00e9s \u00e0 l\u2019\u00e9tat.<\/p>\n<p><strong>INTRODUCTION<\/strong><br \/>\n<strong>I- \u00c9TUDE DE L\u2019AUTEUR ET DE L\u2019\u0152UVRE<\/strong><br \/>\n<strong>1- Auteur<\/strong><br \/>\n<strong>\u2013 Bibliographie<\/strong><br \/>\n<strong>2- R\u00e9sum\u00e9 de L\u2019\u0153uvre<\/strong><br \/>\n<strong>II- \u00c9tudes des personnages<\/strong><br \/>\n<strong>1. Les personnages principaux<\/strong><br \/>\n<strong>2. Les personnages secondaires :<\/strong><br \/>\n<strong>III- \u00c9TUDE THEMATIQUE<\/strong><br \/>\n<strong>1- Th\u00e8me principal<\/strong>\u00a0: La religion<br \/>\n<strong>2- Th\u00e8mes secondaires<\/strong><br \/>\n<strong>IV- STYLE DE L\u2019AUTEUR<\/strong><br \/>\n<strong>CONCLUSION<\/strong><\/p>\n<p><strong>INTRODUCTION<\/strong><br \/>\nDans une si longue lettre le th\u00e8me de l\u2019\u00e9ducation occupe une place de choix et cela on ne s\u2019aurait l\u2019amputer au m\u00e9tier de l\u2019auteur qui est \u00e0 la fois enseignante et \u00e9crivaine. En effet l\u2019acception globale de l\u2019\u00e9ducation montre quelle peut \u00eatre con\u00e7ue comme l\u2019enseignement des r\u00e8gles de conduites, sociales et formation des facult\u00e9s physiques, morales et intellectuelles qui pr\u00e9sident la formation de la personnalit\u00e9 de l\u2019homme. Ainsi dans notre analyse, nous nous \u00e9vertuerons de montrer \u00e0 travers une si longue lettre que l\u2019\u00e9cole, la famille et la soci\u00e9t\u00e9 sont des lieux privil\u00e9gi\u00e9s de transmission des connaissances. Nonobstant les tares de cette soci\u00e9t\u00e9 l\u2019artiste doit porter son regard critique et constructif sur la transmission des valeurs soci\u00e9tales sans lesquelles l\u2019humanit\u00e9 serait en d\u00e9cadence.<\/p>\n<p><strong>I- ETUDE DE L\u2019AUTEUR ET DE L\u2019\u0152UVRE<\/strong><br \/>\n<strong>1- Auteur<\/strong><br \/>\n<strong>\u2013 Biographie<\/strong><\/p>\n<p>L\u2019auteur Mariama B\u00e2 est n\u00e9 en 1929 au S\u00e9n\u00e9gal. Ayant perdu sa m\u00e8re, et son p\u00e8re \u00e9tant ministre de la sant\u00e9, elle est \u00e9lev\u00e9e par ses grands-parents dans un souci de strict respect de la religion musulmane traditionnelle. Ces grands parents sont ais\u00e9s, son grand p\u00e8re est L\u00e9bou de Dakar. Ils poss\u00e8dent m\u00eame une grande mosqu\u00e9e. Mari\u00e9e, divorc\u00e9e, puis remari\u00e9e, elle a \u00e9t\u00e9 l\u2019\u00e9pouse du d\u00e9put\u00e9 Obeye Diop. Ces deux unions lui ont donn\u00e9 neuf enfants.<\/p>\n<p>Au niveau de ces \u00e9tudes, elle fait ces classes primaires \u00e0 l\u2019\u00e9cole des filles. Apr\u00e8s avoir eu son certificat d\u2019\u00e9tude, g\u00e9n\u00e9ralement une jeune fille arr\u00eate l\u2019\u00e9cole. Mais elle veut \u00eatre secr\u00e9taire. Cependant\u2026.<\/p>\n<p>Pour obtenir l&rsquo;expos\u00e9 complet contactez le +226 56196345 (WhatsApp)<\/p>\n","protected":false},"featured_media":831,"template":"","meta":{"jetpack_publicize_message":"","jetpack_publicize_feature_enabled":true,"jetpack_social_post_already_shared":false,"jetpack_social_options":{"image_generator_settings":{"template":"highway","default_image_id":0,"font":"","enabled":false},"version":2}},"product_brand":[],"product_cat":[544,547],"product_tag":[552,557,558],"class_list":{"0":"post-882","1":"product","2":"type-product","3":"status-publish","4":"has-post-thumbnail","6":"product_cat-exposes","7":"product_cat-litterature-africaine","8":"product_tag-litterature-africaine","9":"product_tag-religion-en-afrique","10":"product_tag-religion-et-femme-en-afrique","12":"first","13":"instock","14":"downloadable","15":"virtual","16":"sold-individually","17":"purchasable","18":"product-type-simple"},"aioseo_notices":[],"jetpack_publicize_connections":[],"jetpack-related-posts":[],"jetpack_sharing_enabled":true,"_links":{"self":[{"href":"https:\/\/karandoogo.com\/index.php\/wp-json\/wp\/v2\/product\/882","targetHints":{"allow":["GET"]}}],"collection":[{"href":"https:\/\/karandoogo.com\/index.php\/wp-json\/wp\/v2\/product"}],"about":[{"href":"https:\/\/karandoogo.com\/index.php\/wp-json\/wp\/v2\/types\/product"}],"wp:featuredmedia":[{"embeddable":true,"href":"https:\/\/karandoogo.com\/index.php\/wp-json\/wp\/v2\/media\/831"}],"wp:attachment":[{"href":"https:\/\/karandoogo.com\/index.php\/wp-json\/wp\/v2\/media?parent=882"}],"wp:term":[{"taxonomy":"product_brand","embeddable":true,"href":"https:\/\/karandoogo.com\/index.php\/wp-json\/wp\/v2\/product_brand?post=882"},{"taxonomy":"product_cat","embeddable":true,"href":"https:\/\/karandoogo.com\/index.php\/wp-json\/wp\/v2\/product_cat?post=882"},{"taxonomy":"product_tag","embeddable":true,"href":"https:\/\/karandoogo.com\/index.php\/wp-json\/wp\/v2\/product_tag?post=882"}],"curies":[{"name":"wp","href":"https:\/\/api.w.org\/{rel}","templated":true}]}}