{"id":910,"date":"2022-07-19T02:38:11","date_gmt":"2022-07-19T02:38:11","guid":{"rendered":"https:\/\/karandoogo.com\/?post_type=product&#038;p=910"},"modified":"2025-10-19T14:01:43","modified_gmt":"2025-10-19T14:01:43","slug":"expose-complet-sur-telephone-en-milieu-scolaire","status":"publish","type":"product","link":"https:\/\/karandoogo.com\/index.php\/produit\/expose-complet-sur-telephone-en-milieu-scolaire\/","title":{"rendered":"Expos\u00e9 complet sur t\u00e9l\u00e9phone en milieu scolaire"},"content":{"rendered":"","protected":false},"excerpt":{"rendered":"<p><strong>NB:<\/strong>\u00a0Les documents mis \u00e0 disposition sur ce site sont des documents \u00e0 exploiter, autrement dit des compl\u00e9ments pour parfaire votre travail. Ils ne sont pas faits pour \u00eatre pr\u00e9sent\u00e9s \u00e0 l\u2019\u00e9tat.<\/p>\n<p><strong><u>INTRODUCTION<\/u><\/strong><\/p>\n<ol type=\"I\">\n<li><strong><u>DEFINITION DU TELEPHONE PORTABLE ET DE L\u2019EDUCATION<\/u><\/strong><\/li>\n<li><strong><u>IMPACT DU TELEPHONE PORTABLE SUR L\u2019EDUCATION<\/u><\/strong><\/li>\n<li><strong><u>Impact positif<\/u><\/strong><\/li>\n<li><strong><u>Impact n\u00e9gatif<\/u><\/strong><\/li>\n<li><strong><u>MESURES D\u2019ERADICATION DU MAUVAIS USAGE DU TELEPHONE PORTABLE<\/u><\/strong><\/li>\n<\/ol>\n<p><strong><u>CONCLUSION<\/u><\/strong><\/p>\n<p><strong>INTRODUCTION<\/strong><\/p>\n<p>L\u2019\u00e9volution des moyens de communication est aujourd\u2019hui une dynamique irr\u00e9versible. Celle du t\u00e9l\u00e9phone portable s\u2019est faite \u00e0 une vitesse telle qu\u2019il a p\u00e9n\u00e9tr\u00e9 toutes les couches de la soci\u00e9t\u00e9 et s\u2019est impos\u00e9 comme le moyen le plus utilis\u00e9. Introduit au Burkina Faso en 1996, le t\u00e9l\u00e9phone portable est devenu aussi incontournable que la t\u00e9l\u00e9vision et se r\u00e9v\u00e8le d\u2019utilit\u00e9 multifonctionnelle dans le quotidien des Burkinab\u00e8. En milieu scolaire, la pr\u00e9sence du t\u00e9l\u00e9phone portable a contribu\u00e9 \u00e0 changer le comportement des \u00e9l\u00e8ves, \u00e0 cr\u00e9er un dysfonctionnement dans les relations famille-\u00e9cole et \u00e0 l\u2019int\u00e9rieur de chaque entit\u00e9. L\u2019\u00e9ducation des enfants se voit ainsi influenc\u00e9e.<\/p>\n<p>Quel est alors l\u2019impact du t\u00e9l\u00e9phone portable sur l\u2019\u00e9ducation des enfants\u00a0? Quelles mesures peut-on prendre pour \u00e9radiquer le mauvais usage du t\u00e9l\u00e9phone portable\u00a0?<\/p>\n<p>Les r\u00e9ponses \u00e0 ses questions constitueront l\u2019ossature de notre expos\u00e9. Mais bien avant, tentons d\u2019\u00e9lucider les termes suivants\u00a0: t\u00e9l\u00e9phone portable, \u00e9ducation.<\/p>\n<ol type=\"I\">\n<li><strong>DEFINITION DU TELEPHONE PORTABLE ET DE L\u2019EDUCATION<\/strong><\/li>\n<\/ol>\n<p><strong><u>\u25ba TELEPHONE PORTABLE<\/u><\/strong><\/p>\n<p>Le t\u00e9l\u00e9phone portable, encore appel\u00e9 t\u00e9l\u00e9phone mobile ou t\u00e9l\u00e9phone cellulaire ou simplement portable, est un appareil \u00e9lectronique permettant de communiquer sans \u00eatre reli\u00e9 par c\u00e2ble \u00e0 un central t\u00e9l\u00e9phonique.<\/p>\n<p>Le t\u00e9l\u00e9phone portable rend possible non seulement la communication vocale mais \u00e9galement l\u2019envoi de messages textes. Ces messages succincts, dits SMS, peuvent \u00eatre compl\u00e9t\u00e9s par des images, des photographies, des sons ou des vid\u00e9os.<\/p>\n<p>Il existe deux grandes cat\u00e9gories de t\u00e9l\u00e9phones portables\u00a0: les t\u00e9l\u00e9phones portables basiques centr\u00e9s essentiellement sur la fonction t\u00e9l\u00e9phonie et les smartphones ou t\u00e9l\u00e9phones multifonctions plus \u00e9labor\u00e9s offrant de nombreuses autres possibilit\u00e9s.<\/p>\n<p><strong><u>\u25ba EDUCATION<\/u><\/strong><\/p>\n<p>Dans le Dictionnaire de l\u2019\u00e9ducation, LEGENDRE d\u00e9finit\u00a0<strong>l\u2019\u00e9ducation<\/strong>\u00a0comme \u00e9tant\u00a0:<\/p>\n<ul>\n<li>\u00ab\u00a0L\u2019acquisition de bonnes mati\u00e8res\u00a0: politesse, savoir-vivre, bonne conduite en soci\u00e9t\u00e9\u00a0; formation et informations re\u00e7ues par une personne pendant ses ann\u00e9es d\u2019\u00e9tudes\u00a0\u00bb.<\/li>\n<li>\u00ab\u00a0Le d\u00e9veloppement harmonieux et dynamique chez l\u2019\u00eatre humain de l\u2019ensemble de ses potentialit\u00e9s (affectives, morales, intellectuelles, physiques, spirituelles, etc.)\u00a0; d\u00e9veloppement du sens de l\u2019autonomie, de la responsabilit\u00e9, de la d\u00e9cision, des valeurs humaines et du bonheur chez la personne\u00a0; transformation dynamique, positive et continue de la personne\u00a0\u00bb.<\/li>\n<\/ul>\n<p>L\u2019\u00e9ducation concerne ainsi toutes les dimensions de l\u2019\u00eatre et peut prendre plusieurs formes\u00a0: l\u2019\u00e9ducation physique, intellectuelle, morale, civique, sexuelle, sanitaire, religieuse, culturelle, \u00e0 la citoyennet\u00e9, etc.<\/p>\n<p>Elle vise l\u2019insertion sociale de l\u2019enfant et ce r\u00f4le \u00e9tait autrefois d\u00e9volu aux parents avec le soutien de la soci\u00e9t\u00e9. De nos jours, ce r\u00f4le est de plus en plus laiss\u00e9 aux mains de l\u2019Etat, \u00e0 travers l\u2019institution scolaire car l\u2019ONU en a fait un droit fondamental pour l\u2019enfant.<\/p>\n<ol type=\"I\">\n<li><strong>IMPACT DU TELEPHONE PORTABLE SUR L\u2019EDUCATION<\/strong><\/li>\n<li><strong><u>IMPACT POSITIF<\/u><\/strong><\/li>\n<\/ol>\n<p>Le t\u00e9l\u00e9phone portable peut avoir un impact positif sur l\u2019\u00e9ducation s\u2019il est utilis\u00e9 \u00e0 bon escient. Il est un outil gr\u00e2ce auquel les \u00e9l\u00e8ves peuvent consolider les cours, les informations donn\u00e9es par les professeurs. En effet, \u00e0 travers le t\u00e9l\u00e9phone portable, les \u00e9l\u00e8ves peuvent faire des recherches sur internet et avoir des informations compl\u00e9mentaires sur le cours donn\u00e9 par le professeur. Ils peuvent ainsi\u2026<\/p>\n<p>Pour obtenir l&rsquo;expos\u00e9 complet contactez le +226 56196345 (WhatsApp)<\/p>\n","protected":false},"featured_media":831,"template":"","meta":{"jetpack_publicize_message":"","jetpack_publicize_feature_enabled":true,"jetpack_social_post_already_shared":false,"jetpack_social_options":{"image_generator_settings":{"template":"highway","default_image_id":0,"font":"","enabled":false},"version":2}},"product_brand":[],"product_cat":[544,546],"product_tag":[565,564,566],"class_list":{"0":"post-910","1":"product","2":"type-product","3":"status-publish","4":"has-post-thumbnail","6":"product_cat-exposes","7":"product_cat-societe","8":"product_tag-jeunesse-et-telephones-portables","9":"product_tag-technologie-et-education","10":"product_tag-telephone-en-milieu-scolaire","12":"first","13":"instock","14":"downloadable","15":"virtual","16":"sold-individually","17":"purchasable","18":"product-type-simple"},"aioseo_notices":[],"jetpack_publicize_connections":[],"jetpack-related-posts":[],"jetpack_sharing_enabled":true,"_links":{"self":[{"href":"https:\/\/karandoogo.com\/index.php\/wp-json\/wp\/v2\/product\/910","targetHints":{"allow":["GET"]}}],"collection":[{"href":"https:\/\/karandoogo.com\/index.php\/wp-json\/wp\/v2\/product"}],"about":[{"href":"https:\/\/karandoogo.com\/index.php\/wp-json\/wp\/v2\/types\/product"}],"wp:featuredmedia":[{"embeddable":true,"href":"https:\/\/karandoogo.com\/index.php\/wp-json\/wp\/v2\/media\/831"}],"wp:attachment":[{"href":"https:\/\/karandoogo.com\/index.php\/wp-json\/wp\/v2\/media?parent=910"}],"wp:term":[{"taxonomy":"product_brand","embeddable":true,"href":"https:\/\/karandoogo.com\/index.php\/wp-json\/wp\/v2\/product_brand?post=910"},{"taxonomy":"product_cat","embeddable":true,"href":"https:\/\/karandoogo.com\/index.php\/wp-json\/wp\/v2\/product_cat?post=910"},{"taxonomy":"product_tag","embeddable":true,"href":"https:\/\/karandoogo.com\/index.php\/wp-json\/wp\/v2\/product_tag?post=910"}],"curies":[{"name":"wp","href":"https:\/\/api.w.org\/{rel}","templated":true}]}}