{"id":916,"date":"2022-07-19T02:34:17","date_gmt":"2022-07-19T02:34:17","guid":{"rendered":"https:\/\/karandoogo.com\/?post_type=product&#038;p=916"},"modified":"2025-10-19T14:01:43","modified_gmt":"2025-10-19T14:01:43","slug":"expose-complet-sur-les-frasques-debinto-damadou-kone","status":"publish","type":"product","link":"https:\/\/karandoogo.com\/index.php\/produit\/expose-complet-sur-les-frasques-debinto-damadou-kone\/","title":{"rendered":"Expos\u00e9 complet sur les frasques d&rsquo;\u00c9binto d&rsquo;Amadou Kon\u00e9"},"content":{"rendered":"","protected":false},"excerpt":{"rendered":"<p><strong>NB:\u00a0<\/strong>Les documents mis \u00e0 disposition sur ce site sont des documents \u00e0 exploiter, autrement dit des compl\u00e9ments pour parfaire votre travail. Ils ne sont pas faits pour \u00eatre pr\u00e9sent\u00e9s \u00e0 l\u2019\u00e9tat.<\/p>\n<p><strong><u>PLAN<\/u><\/strong><\/p>\n<p><strong><u>INTRODUCTION<\/u><\/strong><\/p>\n<ol type=\"I\">\n<li><strong><u>BIOGRAPHIE DE L\u2019AUTEUR<\/u><\/strong><\/li>\n<li><strong><u>BIBLIOGRAPHIE<\/u><\/strong><\/li>\n<li><strong><u>RESUME DE L\u2019\u0152UVRE<\/u><\/strong><\/li>\n<li><strong><u>ETUDE DES PERSONNAGES\u00a0:<\/u><\/strong><\/li>\n<li><strong><u>Personnages principaux\u00a0:<\/u><\/strong><\/li>\n<li><strong><u>Personnages secondaires\u00a0:<\/u><\/strong><\/li>\n<li><strong><u>ETUDE THEMATIQUE\u00a0:<\/u><\/strong><\/li>\n<li><strong><u>Th\u00e8mes principaux<\/u><\/strong><\/li>\n<li><strong><strong><u>Th\u00e8mes secondaires<\/u><\/strong><\/strong><\/li>\n<\/ol>\n<p><strong><u>CONCLUSION<\/u><\/strong><\/p>\n<p><strong><u>INTRODUCTION<\/u><\/strong><\/p>\n<p>Les frasques d\u2019Ebinto (Roman), Paris, Abidjan, Hatier et Ceda, 1978. Ce roman, l\u2019un des plus c\u00e9l\u00e8bres en Afrique et dans le monde constitue en fait le second roman d\u2019Amadou Kon\u00e9. Commenc\u00e9 en 1967 au coll\u00e8ge moderne de Grand-Bassam, il est achev\u00e9 pendant que l\u2019auteur termine le lyc\u00e9e classique d\u2019Abidjan.<\/p>\n<p>Roman d\u2019adolescence, roman d\u2019apprentissage, les Frasques d\u2019Ebinto est l\u2019Histoire d\u2019un gar\u00e7on dou\u00e9 d\u2019une grande intelligence et aussi d\u2019une grande sensibilit\u00e9. Ebinto qui r\u00eave d\u2019une r\u00e9ussite \u00e9clatante dans la vie voit son r\u00eave bris\u00e9 apr\u00e8s une aventure avec une jeune fille tr\u00e8s douce mais qu\u2019il croit ne pas aimer. Obliger d\u2019abandonner ces \u00e9tudes pour s\u2019occuper d\u2019une famille qu\u2019il n\u2019avait pas pr\u00e9vue sit\u00f4t, Ebinto se transforme en une esp\u00e8ce de monstre. Ce roman a obtenu un tr\u00e8s grand succ\u00e8s. Il est au programme des lyc\u00e9es et coll\u00e8ges de la plupart des pays africains francophones.<\/p>\n<ol type=\"I\">\n<li><strong><u>BIOGRAPHIE DE L\u2019AUTEUR<\/u><\/strong><\/li>\n<\/ol>\n<p>Fils de D\u00e9nbi\u00e8 Soma (dit Mamadou Kon\u00e9) et de KahouSirima (dite KaridiaKoulibali), Amadou Kon\u00e9 est n\u00e9 en mai 1953 dans le petit village de Tangora dans le cercle de Banfora, au Burkina Faso actuel. C\u2019est \u00e0 Kongodjan, la plantation pr\u00e8s d\u2019Ayam\u00e9, qu\u2019Amadou Kon\u00e9 grandit en compagnie de ses fr\u00e8res et s\u0153urs1. Il commence ses \u00e9tudes primaires en 1958, \u00e0 l\u2019\u00c9cole Primaire Publique d\u2019Assouba (Aboisso). En 1964, il rentre au Coll\u00e8ge Moderne de Grand-Bassam. Il obtient son Brevet d\u2019Etudes du Premier Cycle en 1968. Amadou Kon\u00e9 d\u00e9veloppe son talent d\u2019\u00e9crivain tr\u00e8s jeune. D\u00e9j\u00e0 en classe de quatri\u00e8me, il \u00e9crit une pi\u00e8ce th\u00e9\u00e2trale qui retrace la r\u00e9sistance \u00e0 la conqu\u00eate coloniale en Afrique : Samory de Bissandougou. En troisi\u00e8me, il \u00e9crit un roman au sujet de la traite n\u00e9gri\u00e8re : Kam\u00e9l\u00e9fata ou\u2026<\/p>\n<p>Pour obtenir l&rsquo;expos\u00e9 complet contactez le +226 56196345 (WhatsApp)<\/p>\n","protected":false},"featured_media":831,"template":"","meta":{"jetpack_publicize_message":"","jetpack_publicize_feature_enabled":true,"jetpack_social_post_already_shared":false,"jetpack_social_options":{"image_generator_settings":{"template":"highway","default_image_id":0,"font":"","enabled":false},"version":2}},"product_brand":[],"product_cat":[544,547],"product_tag":[563,552],"class_list":{"0":"post-916","1":"product","2":"type-product","3":"status-publish","4":"has-post-thumbnail","6":"product_cat-exposes","7":"product_cat-litterature-africaine","8":"product_tag-auteurs-africains","9":"product_tag-litterature-africaine","11":"first","12":"instock","13":"downloadable","14":"virtual","15":"sold-individually","16":"purchasable","17":"product-type-simple"},"aioseo_notices":[],"jetpack_publicize_connections":[],"jetpack-related-posts":[],"jetpack_sharing_enabled":true,"_links":{"self":[{"href":"https:\/\/karandoogo.com\/index.php\/wp-json\/wp\/v2\/product\/916","targetHints":{"allow":["GET"]}}],"collection":[{"href":"https:\/\/karandoogo.com\/index.php\/wp-json\/wp\/v2\/product"}],"about":[{"href":"https:\/\/karandoogo.com\/index.php\/wp-json\/wp\/v2\/types\/product"}],"wp:featuredmedia":[{"embeddable":true,"href":"https:\/\/karandoogo.com\/index.php\/wp-json\/wp\/v2\/media\/831"}],"wp:attachment":[{"href":"https:\/\/karandoogo.com\/index.php\/wp-json\/wp\/v2\/media?parent=916"}],"wp:term":[{"taxonomy":"product_brand","embeddable":true,"href":"https:\/\/karandoogo.com\/index.php\/wp-json\/wp\/v2\/product_brand?post=916"},{"taxonomy":"product_cat","embeddable":true,"href":"https:\/\/karandoogo.com\/index.php\/wp-json\/wp\/v2\/product_cat?post=916"},{"taxonomy":"product_tag","embeddable":true,"href":"https:\/\/karandoogo.com\/index.php\/wp-json\/wp\/v2\/product_tag?post=916"}],"curies":[{"name":"wp","href":"https:\/\/api.w.org\/{rel}","templated":true}]}}