{"id":918,"date":"2022-07-19T02:42:23","date_gmt":"2022-07-19T02:42:23","guid":{"rendered":"https:\/\/karandoogo.com\/?post_type=product&#038;p=918"},"modified":"2025-10-19T14:01:43","modified_gmt":"2025-10-19T14:01:43","slug":"expose-sur-lamour-scolaire-et-ses-consequences-dans-les-frasques-debinto-damadou-kone","status":"publish","type":"product","link":"https:\/\/karandoogo.com\/index.php\/produit\/expose-sur-lamour-scolaire-et-ses-consequences-dans-les-frasques-debinto-damadou-kone\/","title":{"rendered":"Expos\u00e9 sur l&rsquo;amour scolaire et ses cons\u00e9quences dans les frasques d&rsquo;Ebinto d&rsquo;Amadou Kon\u00e9"},"content":{"rendered":"","protected":false},"excerpt":{"rendered":"<p><strong>NB:<\/strong>\u00a0Les documents mis \u00e0 disposition sur ce site sont des documents \u00e0 exploiter, autrement dit des compl\u00e9ments pour parfaire votre travail. Ils ne sont pas faits pour \u00eatre pr\u00e9sent\u00e9s \u00e0 l\u2019\u00e9tat.<\/p>\n<p><strong>PLAN<\/strong><br \/>\n<strong>INTRODUCTION<\/strong><br \/>\n<strong>I- BIOGRAPHIE DE L\u2019AUTEUR<\/strong><br \/>\n<strong>II- BIBLIOGRAPHIE<\/strong><br \/>\n<strong>III- R\u00c9SUM\u00c9 DE L\u2019\u0152UVRE<\/strong><br \/>\n<strong>IV- \u00c9TUDE DES PERSONNAGES :<\/strong><br \/>\n<strong>1- Personnages principaux :<\/strong><br \/>\n<strong>2- Personnages secondaires :<\/strong><br \/>\n<strong>V- \u00c9TUDE THEMATIQUE :<\/strong><br \/>\n<strong>1- Th\u00e8mes principaux<\/strong><br \/>\n<strong>2- Th\u00e8mes secondaires<\/strong><\/p>\n<p><strong>CONCLUSION<\/strong><\/p>\n<p><strong>INTRODUCTION<\/strong><\/p>\n<p>Les frasques d\u2019Ebinto (Roman), Paris, Abidjan, Hatier et Ceda, 1978. Ce roman, l\u2019un des plus c\u00e9l\u00e8bres en Afrique et dans le monde constitue en fait le second roman d\u2019Amadou Kon\u00e9. Commenc\u00e9 en 1967 au coll\u00e8ge moderne de Grand-Bassam, il est achev\u00e9 pendant que l\u2019auteur termine le lyc\u00e9e classique d\u2019Abidjan.<br \/>\nRoman d\u2019adolescence, roman d\u2019apprentissage, les Frasques d\u2019Ebinto est l\u2019Histoire d\u2019un gar\u00e7on dou\u00e9 d\u2019une grande intelligence et aussi d\u2019une grande sensibilit\u00e9. Ebinto qui r\u00eave d\u2019une r\u00e9ussite \u00e9clatante dans la vie voit son r\u00eave bris\u00e9 apr\u00e8s une aventure avec une jeune fille tr\u00e8s douce mais qu\u2019il croit ne pas aimer. Obliger d\u2019abandonner ces \u00e9tudes pour s\u2019occuper d\u2019une famille qu\u2019il n\u2019avait pas pr\u00e9vue sit\u00f4t, Ebinto se transforme en une esp\u00e8ce de monstre. Ce roman a obtenu un tr\u00e8s grand succ\u00e8s. Il est au programme des lyc\u00e9es et coll\u00e8ges de la plupart des pays africains francophones.<\/p>\n<p><strong>I- BIOGRAPHIE DE L\u2019AUTEUR<\/strong><br \/>\nFils de D\u00e9nbi\u00e8 Soma (dit Mamadou Kon\u00e9) et de KahouSirima (dite KaridiaKoulibali), Amadou Kon\u00e9 est n\u00e9 en mai 1953 dans le petit village de Tangora dans le cercle de Banfora, au Burkina Faso actuel.<br \/>\nC\u2019est \u00e0 Kongodjan, la plantation pr\u00e8s d\u2019Ayam\u00e9, qu\u2019Amadou Kon\u00e9 grandit en compagnie de ses fr\u00e8res et s\u0153urs1. Il commence ses \u00e9tudes primaires en 1958, \u00e0 l\u2019\u00c9cole Primaire Publique d\u2019Assouba (Aboisso). En 1964, il rentre au Coll\u00e8ge Moderne de Grand-Bassam. Il obtient son Brevet d\u2019Etudes du Premier Cycle en 1968. Amadou Kon\u00e9 d\u00e9veloppe son talent d\u2019\u00e9crivain tr\u00e8s jeune. D\u00e9j\u00e0 en classe de quatri\u00e8me, il \u00e9crit une pi\u00e8ce th\u00e9\u00e2trale qui retrace la r\u00e9sistance \u00e0 la conqu\u00eate coloniale en Afrique : Samory de Bissandougou. En troisi\u00e8me, il \u00e9crit un roman au sujet de la traite n\u00e9gri\u00e8re : Kam\u00e9l\u00e9fata ou les ennemis de la traite. Amadou Kon\u00e9 est surtout connu pour son oeuvre Les Frasques d\u2019Ebinto, un roman dans lequel il pr\u00e9sente un jeune lyc\u00e9en brillant qui a d\u00fb abandonn\u00e9 les \u00e9tudes pour assumer la paternit\u00e9 d\u2019une grossesse. Il traite \u00e9galement de la sorcellerie dans Jusqu\u2019au seuil de l\u2019irr\u00e9el. Apr\u00e8s l\u2019obtention de son baccalaur\u00e9at, il poursuit ses \u00e9tudes \u00e0 la Facult\u00e9 des Lettres et Sciences Humaines de l\u2019Universit\u00e9 d\u2019Abidjan. Il continue dans l\u2019\u00e9criture et obtient, en 1972, le quatri\u00e8me prix du Concours Th\u00e9\u00e2tral Inter-Africain2.<br \/>\nDepuis 1997, Amadou Kon\u00e9 enseigne la litt\u00e9rature, la culture et l\u2019histoire africaines \u00e0 l\u2019universit\u00e9 de Georgetown \u00e0 Washington.<\/p>\n<p><strong>II- BIBLIOGRAPHIE<\/strong><\/p>\n<p>\u2022 Samory de Bissandougou. Th\u00e9\u00e2tre (DAEC, 1970)<br \/>\n\u2022 Kam\u00e9l\u00e9fata ou l\u2019ennemi de la traite. Roman<br \/>\n\u2022 Les frasques d\u2019Ebinto. Roman (CEDA, 1975)<br \/>\n\u2022 Sa saintet\u00e9 le charlatan. Th\u00e9\u00e2tre<br \/>\n\u2022 La foi et le pouvoir. Th\u00e9\u00e2tre<br \/>\n\u2022 Jusqu\u2019au seuil de l\u2019irr\u00e9el. Roman (NEA, 1976)<br \/>\n\u2022 Les confessions d\u2019un sorcier. Roman<br \/>\n\u2022 De la chaire au tr\u00f4ne. Th\u00e9\u00e2tre<br \/>\n\u2022 Le respect des morts. Th\u00e9\u00e2tre<br \/>\n\u2022 T\u00e9r\u00e9ti. Roman<br \/>\n\u2022 Nuits du pass\u00e9. Contes<br \/>\n\u2022 La Force de vouloir. Roman \u00e9crit en collaboration avec Mary Lee Martin Kon\u00e9 (CEDA, 1978)<br \/>\n\u2022 Les Liens. Nouvelles (CEDA, 1980)<br \/>\n\u2022 Traites, sous le pouvoir des Blakoros, I. R\u00e9cit (NEA, 1980)<br \/>\n\u2022 Courses, sous le pouvoir des Blakoros, II. R\u00e9cit (NEA, 1982)<br \/>\n\u2022 Les Canaris sont vides. Th\u00e9\u00e2tre (NEA , 1983)<br \/>\n\u2022 Les Canaris sont vides. (CEDA, 1985)<br \/>\n\u2022 Les Coupeurs de t\u00eates. Roman (CEDA Sepia, 1999)<br \/>\n\u2022 Sigui, Siguila, Siguiya. Th\u00e9\u00e2tre (Mala\u00efka, 2006)<br \/>\n\u2022 L\u2019\u0152uf du monde. Roman (NEI CEDA, 2010)<\/p>\n<p><strong>III- RESUME DE L\u2019\u0152UVRE<\/strong><br \/>\nLes frasques d\u2019Ebinto d\u2019Amadou kone nous parle d\u2019un jeune gar\u00e7on EbintoMenzan et d\u2019une jeune fille Monique. Ils sont deux adolescents qui ont pass\u00e9 leur enfance ensemble. Ils jouaient souvent ensemble comme un fr\u00e8re et une s\u0153ur. Ebinto ne l\u2019avait jamais regard\u00e9 comme une fille qu\u2019il pouvait d\u00e9sirer. Pour des raisons\u2026.<\/p>\n<p>Pour obtenir l&rsquo;expos\u00e9 complet contactez le +226 56196345 (WhatsApp)<\/p>\n","protected":false},"featured_media":831,"template":"","meta":{"jetpack_publicize_message":"","jetpack_publicize_feature_enabled":true,"jetpack_social_post_already_shared":false,"jetpack_social_options":{"image_generator_settings":{"template":"highway","default_image_id":0,"font":"","enabled":false},"version":2}},"product_brand":[],"product_cat":[544,547],"product_tag":[567,552],"class_list":{"0":"post-918","1":"product","2":"type-product","3":"status-publish","4":"has-post-thumbnail","6":"product_cat-exposes","7":"product_cat-litterature-africaine","8":"product_tag-amour-scolaire","9":"product_tag-litterature-africaine","11":"first","12":"instock","13":"downloadable","14":"virtual","15":"sold-individually","16":"purchasable","17":"product-type-simple"},"aioseo_notices":[],"jetpack_publicize_connections":[],"jetpack-related-posts":[],"jetpack_sharing_enabled":true,"_links":{"self":[{"href":"https:\/\/karandoogo.com\/index.php\/wp-json\/wp\/v2\/product\/918","targetHints":{"allow":["GET"]}}],"collection":[{"href":"https:\/\/karandoogo.com\/index.php\/wp-json\/wp\/v2\/product"}],"about":[{"href":"https:\/\/karandoogo.com\/index.php\/wp-json\/wp\/v2\/types\/product"}],"wp:featuredmedia":[{"embeddable":true,"href":"https:\/\/karandoogo.com\/index.php\/wp-json\/wp\/v2\/media\/831"}],"wp:attachment":[{"href":"https:\/\/karandoogo.com\/index.php\/wp-json\/wp\/v2\/media?parent=918"}],"wp:term":[{"taxonomy":"product_brand","embeddable":true,"href":"https:\/\/karandoogo.com\/index.php\/wp-json\/wp\/v2\/product_brand?post=918"},{"taxonomy":"product_cat","embeddable":true,"href":"https:\/\/karandoogo.com\/index.php\/wp-json\/wp\/v2\/product_cat?post=918"},{"taxonomy":"product_tag","embeddable":true,"href":"https:\/\/karandoogo.com\/index.php\/wp-json\/wp\/v2\/product_tag?post=918"}],"curies":[{"name":"wp","href":"https:\/\/api.w.org\/{rel}","templated":true}]}}