{"id":937,"date":"2022-07-19T17:09:33","date_gmt":"2022-07-19T17:09:33","guid":{"rendered":"https:\/\/karandoogo.com\/?post_type=product&#038;p=937"},"modified":"2025-10-19T14:01:42","modified_gmt":"2025-10-19T14:01:42","slug":"expose-complet-sur-le-mandat-de-sembene-ousmane","status":"publish","type":"product","link":"https:\/\/karandoogo.com\/index.php\/produit\/expose-complet-sur-le-mandat-de-sembene-ousmane\/","title":{"rendered":"Expos\u00e9 complet sur le Mandat de Semb\u00e8ne Ousmane"},"content":{"rendered":"","protected":false},"excerpt":{"rendered":"<p><strong>NB:<\/strong>\u00a0Les documents mis \u00e0 disposition sur ce site sont des documents \u00e0 exploiter, autrement dit des compl\u00e9ments pour parfaire votre travail. Ils ne sont pas faits pour \u00eatre pr\u00e9sent\u00e9s \u00e0 l\u2019\u00e9tat.<\/p>\n<p><strong><u>INTRODUCTION<\/u><\/strong><\/p>\n<p><strong><u>PRESENTATION GENERALE DE L\u2019AUTEUR ET DE L\u2019\u0152UVRE<\/u><\/strong><\/p>\n<p><strong><u>Pr\u00e9sentation de l\u2019Auteur<\/u><\/strong><\/p>\n<p><strong><u>Biographie<\/u><\/strong><\/p>\n<p><strong><u>Bibliographie<\/u><\/strong><\/p>\n<p><strong><u>Pr\u00e9sentation de l\u2019\u0153uvre<\/u><\/strong><\/p>\n<p><strong><u>Br\u00e8ve pr\u00e9sentation de l\u2019\u0153uvre<\/u><\/strong><\/p>\n<p><strong><u>RESUMEDEL\u2019OEUVRE<\/u><\/strong><\/p>\n<p><strong><u>II.PRESENTATIONDESPERSONNAGESPRINCIPAUX:<\/u><\/strong><\/p>\n<p><strong><u>III-LESINCONCENIENTSDEL\u2019ANALPHABETISMEDANSLE<\/u><\/strong><\/p>\n<p><strong><u>MANDATDESEMBENEOUSMANE<\/u><\/strong><\/p>\n<p><strong><u>Impact n\u00e9gatif de l\u2019analphab\u00e9tisme dans le foyer<\/u><\/strong><\/p>\n<p><strong><u>L\u2019analphab\u00e9tisme dans l\u2019amiti\u00e9<\/u><\/strong><\/p>\n<p><strong><u>L\u2019analphab\u00e9tisme comme pr\u00e9disposition \u00e0 l\u2019opprobre dans le roman<\/u><\/strong><\/p>\n<p><strong><u>CONCLUSION<\/u><\/strong><\/p>\n<p><strong><u>INTRODUCTION<\/u><\/strong><\/p>\n<p>Au lendemain des ind\u00e9pendances, la majorit\u00e9 des pays africains se trouve \u00e0 cheval entre l\u2019Afrique traditionnelle et une Europe moderne ou civilis\u00e9e. Le dictat de l\u2019afranchisation \u00e0 travers la colonisation laissa des marques ind\u00e9l\u00e9biles dans\u00a0 cette Afrique d\u00e9sormais partag\u00e9e. En fait peut-on concilier Africanit\u00e9 et mode de vie Toubab? Tout au long de cette \u00e9tude du roman de Sembene Ousmane : Le mandat, nous essayerons d\u2019analyser la pens\u00e9e de l\u2019auteur en passant par une pr\u00e9sentation g\u00e9n\u00e9rale de l\u2019\u0153uvre d\u2019abord, puis un r\u00e9sum\u00e9 de son contenu, ensuite, une pr\u00e9sentation de ses personnages principaux, puis une analyse sur les cons\u00e9quences d\u00e9sastreuses de l\u2019analphab\u00e9tisme dans l\u2019\u0153uvre.<\/p>\n<p><strong><u>PRESENTATION GENERALE DE L\u2019AUTEUR ET DE L\u2019\u0152UVRE<\/u><\/strong><\/p>\n<p><strong><u>Pr\u00e9sentation de l\u2019Auteur<\/u><\/strong><\/p>\n<p><strong><u>Biographie<\/u><\/strong>\u00a0Sembene Ousmane est n\u00e9 le 1<sup>er<\/sup>\u00a0janvier 1923 \u00e0 Ziguinchor ,au sein d\u2019une famille de p\u00eacheurs Lebou; originaire de la r\u00e9gion du Cap-Vert et b\u00e9n\u00e9ficiant \u00e0 ce titre de la nationalit\u00e9 fran\u00e7aise. A sept(7) ans, il fr\u00e9quente l\u2019\u00e9cole coranique et l\u2019\u00e9cole fran\u00e7aise apprenant \u00e0 la fois le fran\u00e7ais et l\u2019arabe alors que sa langue maternelle est le wolof. En 1935, il est renvoy\u00e9 de l\u2019\u00e9cole par suite d\u2019un pugilat avec le directeur et effectue divers apprentissages aupr\u00e8s d\u2019un fr\u00e8re ma\u00e7on puis d\u2019un autre m\u00e9canicien. En 1946, il est\u2026<\/p>\n<p>Pour obtenir l&rsquo;expos\u00e9 complet contactez le +226 56196345 (WhatsApp)<\/p>\n","protected":false},"featured_media":831,"template":"","meta":{"jetpack_publicize_message":"","jetpack_publicize_feature_enabled":true,"jetpack_social_post_already_shared":false,"jetpack_social_options":{"image_generator_settings":{"template":"highway","default_image_id":0,"font":"","enabled":false},"version":2}},"product_brand":[],"product_cat":[544,547],"product_tag":[563,552],"class_list":{"0":"post-937","1":"product","2":"type-product","3":"status-publish","4":"has-post-thumbnail","6":"product_cat-exposes","7":"product_cat-litterature-africaine","8":"product_tag-auteurs-africains","9":"product_tag-litterature-africaine","11":"first","12":"instock","13":"downloadable","14":"virtual","15":"sold-individually","16":"purchasable","17":"product-type-simple"},"aioseo_notices":[],"jetpack_publicize_connections":[],"jetpack-related-posts":[],"jetpack_sharing_enabled":true,"_links":{"self":[{"href":"https:\/\/karandoogo.com\/index.php\/wp-json\/wp\/v2\/product\/937","targetHints":{"allow":["GET"]}}],"collection":[{"href":"https:\/\/karandoogo.com\/index.php\/wp-json\/wp\/v2\/product"}],"about":[{"href":"https:\/\/karandoogo.com\/index.php\/wp-json\/wp\/v2\/types\/product"}],"wp:featuredmedia":[{"embeddable":true,"href":"https:\/\/karandoogo.com\/index.php\/wp-json\/wp\/v2\/media\/831"}],"wp:attachment":[{"href":"https:\/\/karandoogo.com\/index.php\/wp-json\/wp\/v2\/media?parent=937"}],"wp:term":[{"taxonomy":"product_brand","embeddable":true,"href":"https:\/\/karandoogo.com\/index.php\/wp-json\/wp\/v2\/product_brand?post=937"},{"taxonomy":"product_cat","embeddable":true,"href":"https:\/\/karandoogo.com\/index.php\/wp-json\/wp\/v2\/product_cat?post=937"},{"taxonomy":"product_tag","embeddable":true,"href":"https:\/\/karandoogo.com\/index.php\/wp-json\/wp\/v2\/product_tag?post=937"}],"curies":[{"name":"wp","href":"https:\/\/api.w.org\/{rel}","templated":true}]}}