{"id":940,"date":"2022-07-19T17:12:47","date_gmt":"2022-07-19T17:12:47","guid":{"rendered":"https:\/\/karandoogo.com\/?post_type=product&#038;p=940"},"modified":"2025-10-19T14:01:42","modified_gmt":"2025-10-19T14:01:42","slug":"expose-sur-les-grossesses-non-desirees-en-milieu-scolaire","status":"publish","type":"product","link":"https:\/\/karandoogo.com\/index.php\/produit\/expose-sur-les-grossesses-non-desirees-en-milieu-scolaire\/","title":{"rendered":"Expos\u00e9 sur les grossesses non d\u00e9sir\u00e9es en milieu scolaire"},"content":{"rendered":"","protected":false},"excerpt":{"rendered":"<p><strong>NB:\u00a0<\/strong>Les documents mis \u00e0 disposition sur ce site sont des documents \u00e0 exploiter, autrement dit des compl\u00e9ments pour parfaire votre travail. Ils ne sont pas faits pour \u00eatre pr\u00e9sent\u00e9s \u00e0 l\u2019\u00e9tat.<\/p>\n<p><strong><u>PLAN<\/u><\/strong><\/p>\n<p><strong><u>INTRODUCTION<\/u><\/strong><\/p>\n<p><strong><u>I.\u00a0\u00a0\u00a0\u00a0\u00a0\u00a0\u00a0\u00a0\u00a0\u00a0\u00a0\u00a0\u00a0\u00a0\u00a0\u00a0\u00a0\u00a0 DEFINITION<\/u><\/strong><\/p>\n<p><strong><u>II.\u00a0\u00a0\u00a0\u00a0\u00a0\u00a0\u00a0\u00a0\u00a0\u00a0\u00a0\u00a0\u00a0\u00a0\u00a0 LES CAUSES<\/u><\/strong><\/p>\n<p><strong><u>1)\u00a0\u00a0\u00a0\u00a0\u00a0 Les causes sociales<\/u><\/strong><\/p>\n<p><strong><u>2)\u00a0\u00a0\u00a0\u00a0\u00a0 Les causes \u00e9conomiques<\/u><\/strong><\/p>\n<p><strong><u>III.\u00a0\u00a0\u00a0\u00a0\u00a0\u00a0\u00a0\u00a0\u00a0\u00a0\u00a0\u00a0 LES CONSEQUENCES<\/u><\/strong><\/p>\n<p><strong><u>1)\u00a0\u00a0\u00a0\u00a0\u00a0 Les cons\u00e9quences sociales<\/u><\/strong><\/p>\n<p><strong><u>2)\u00a0\u00a0\u00a0\u00a0\u00a0 Les cons\u00e9quences en milieu scolaire<\/u><\/strong><\/p>\n<p><strong><u>IV.\u00a0\u00a0\u00a0\u00a0\u00a0\u00a0\u00a0\u00a0\u00a0\u00a0\u00a0\u00a0 LES SOLUTIONS<\/u><\/strong><\/p>\n<p><strong><u>1)\u00a0\u00a0\u00a0\u00a0\u00a0 Les \u00e9l\u00e8ves<\/u><\/strong><\/p>\n<p><strong><u>2)\u00a0\u00a0\u00a0\u00a0\u00a0 Les parents d\u2019\u00e9l\u00e8ves<\/u><\/strong><\/p>\n<p><strong><u>3)\u00a0\u00a0\u00a0\u00a0\u00a0 Administrations scolaire et Enseignants<\/u><\/strong><\/p>\n<p><strong><u>CONCLUSION<\/u><\/strong><\/p>\n<p><strong><u>INTRODUCTION<\/u><\/strong><\/p>\n<p>Le ph\u00e9nom\u00e8ne des grossesses non d\u00e9sir\u00e9es qui prend de plus en plus de l\u2019ampleur influe n\u00e9gativement sur le maintien et le succ\u00e8s des filles \u00e0 l\u2019\u00e9cole, affectant ainsi leur vie. Les chiffres sur ce fl\u00e9au sont effarants. A titre illustratif, pour la seule ann\u00e9e de 2013, on enregistre 2565 cas dans la r\u00e9gion du Centre, 3291 cas dans la r\u00e9gion du Cascade, 930 cas dans la r\u00e9gion du Sud-ouest, etc\u2026 Au cours de notre expos\u00e9,\u00a0 nous verrons les causes, les cons\u00e9quences de ses grossesses non d\u00e9sir\u00e9es, et faire des propositions de solutions.<\/p>\n<p><strong><u>I.\u00a0\u00a0 \u00a0\u00a0\u00a0\u00a0\u00a0\u00a0\u00a0\u00a0\u00a0\u00a0\u00a0\u00a0\u00a0\u00a0\u00a0\u00a0DEFINITION<\/u><\/strong><\/p>\n<p>Une grossesse non d\u00e9sir\u00e9e est une grossesse due \u00e0 l\u2019absence ou la d\u00e9faillance d\u2019une m\u00e9thode contraceptive ou \u00e0 d\u2019autres facteurs ind\u00e9pendants de la volont\u00e9 d\u2019un individu. La grossesse est l\u2019\u00e9tat d\u2019une personne enceinte, ce qui est la cons\u00e9quence normale de rapports non prot\u00e9g\u00e9s dans une p\u00e9riode favorable ou d\u2019une mauvaise utilisation des contraceptifs.<\/p>\n<p><strong><u>II.\u00a0\u00a0\u00a0\u00a0\u00a0\u00a0\u00a0\u00a0\u00a0\u00a0\u00a0\u00a0\u00a0\u00a0\u00a0 LES CAUSES<\/u><\/strong><\/p>\n<p><strong><u>1)\u00a0\u00a0\u00a0\u00a0\u00a0 Les causes sociales<\/u><\/strong><\/p>\n<p>Au nombre de causes on note, entre autres :<\/p>\n<ul>\n<li>\u00a0\u00a0La d\u00e9sacralisation du sexe ;<\/li>\n<li>\u00a0\u00a0La fuite de responsabilit\u00e9 des parents en mati\u00e8re d\u2019\u00e9ducation sexuelle des enfants ;<\/li>\n<li>la faible connaissance des m\u00e9thodes contraceptives par les filles ;<\/li>\n<li>\u00a0\u00a0la faiblesse de la communication sur la sexualit\u00e9 ;<\/li>\n<li>\u00a0\u00a0la sous informations sur la sant\u00e9 sexuelle et reproduction ;<\/li>\n<li>\u00a0\u00a0les viols ;<\/li>\n<li>\u00a0\u00a0le non utilisation des contraceptifs par le partenaire ;<\/li>\n<li>\u00a0\u00a0l\u2019incapacit\u00e9 des jeunes filles \u00e0 imposer au partenaire le port de condom ;<\/li>\n<li>\u00a0\u00a0l\u2019influence des m\u00e9dias ;<\/li>\n<li>\u00a0\u00a0La mauvaise utilisation des r\u00e9seaux sociaux ;<\/li>\n<li>\u00a0\u00a0les activit\u00e9s r\u00e9cr\u00e9atives des \u00e9l\u00e8ves ;<\/li>\n<li>\u00a0\u00a0etc\u2026<\/li>\n<\/ul>\n<p><strong><u>2)\u00a0\u00a0\u00a0\u00a0\u00a0 Les causes \u00e9conomiques<\/u><\/strong>\u00a0Les causes \u00e9conomiques sont\u2026<\/p>\n<p>Pour obtenir l&rsquo;expos\u00e9 complet contactez le +226 56196345 (WhatsApp)<\/p>\n","protected":false},"featured_media":831,"template":"","meta":{"jetpack_publicize_message":"","jetpack_publicize_feature_enabled":true,"jetpack_social_post_already_shared":false,"jetpack_social_options":{"image_generator_settings":{"template":"highway","default_image_id":0,"font":"","enabled":false},"version":2}},"product_brand":[],"product_cat":[544,546],"product_tag":[576,577],"class_list":{"0":"post-940","1":"product","2":"type-product","3":"status-publish","4":"has-post-thumbnail","6":"product_cat-exposes","7":"product_cat-societe","8":"product_tag-grossesses-non-desirees","9":"product_tag-sexualite-et-scolarite","11":"first","12":"instock","13":"downloadable","14":"virtual","15":"sold-individually","16":"purchasable","17":"product-type-simple"},"aioseo_notices":[],"jetpack_publicize_connections":[],"jetpack-related-posts":[],"jetpack_sharing_enabled":true,"_links":{"self":[{"href":"https:\/\/karandoogo.com\/index.php\/wp-json\/wp\/v2\/product\/940","targetHints":{"allow":["GET"]}}],"collection":[{"href":"https:\/\/karandoogo.com\/index.php\/wp-json\/wp\/v2\/product"}],"about":[{"href":"https:\/\/karandoogo.com\/index.php\/wp-json\/wp\/v2\/types\/product"}],"wp:featuredmedia":[{"embeddable":true,"href":"https:\/\/karandoogo.com\/index.php\/wp-json\/wp\/v2\/media\/831"}],"wp:attachment":[{"href":"https:\/\/karandoogo.com\/index.php\/wp-json\/wp\/v2\/media?parent=940"}],"wp:term":[{"taxonomy":"product_brand","embeddable":true,"href":"https:\/\/karandoogo.com\/index.php\/wp-json\/wp\/v2\/product_brand?post=940"},{"taxonomy":"product_cat","embeddable":true,"href":"https:\/\/karandoogo.com\/index.php\/wp-json\/wp\/v2\/product_cat?post=940"},{"taxonomy":"product_tag","embeddable":true,"href":"https:\/\/karandoogo.com\/index.php\/wp-json\/wp\/v2\/product_tag?post=940"}],"curies":[{"name":"wp","href":"https:\/\/api.w.org\/{rel}","templated":true}]}}